{"id":17676,"date":"2026-01-05T14:23:49","date_gmt":"2026-01-05T14:23:49","guid":{"rendered":"https:\/\/dixsupps-v2.local\/startseite\/"},"modified":"2026-01-21T12:18:57","modified_gmt":"2026-01-21T12:18:57","slug":"startseite","status":"publish","type":"page","link":"https:\/\/dixsupps.com\/de\/","title":{"rendered":"Startseite"},"content":{"rendered":"","protected":false},"excerpt":{"rendered":"","protected":false},"author":25,"featured_media":0,"parent":0,"menu_order":0,"comment_status":"closed","ping_status":"closed","template":"","meta":{"footnotes":"","rank_math_title":"DIX - Nahrungserg\u00e4nzungsmittel von sehr hoher Qualit\u00e4t","rank_math_description":"Erreichen Sie Ihr maximales Potenzial mit DIX. Sportnahrungserg\u00e4nzungen von h\u00f6chster Reinheit. In Frankreich formuliert. Kostenloser Versand ab 70\u20ac","rank_math_canonical_url":"","rank_math_robots":"","rank_math_focus_keyword":""},"class_list":["post-17676","page","type-page","status-publish","hentry"],"jetpack_sharing_enabled":true,"_links":{"self":[{"href":"https:\/\/dixsupps.com\/de\/wp-json\/wp\/v2\/pages\/17676","targetHints":{"allow":["GET"]}}],"collection":[{"href":"https:\/\/dixsupps.com\/de\/wp-json\/wp\/v2\/pages"}],"about":[{"href":"https:\/\/dixsupps.com\/de\/wp-json\/wp\/v2\/types\/page"}],"author":[{"embeddable":true,"href":"https:\/\/dixsupps.com\/de\/wp-json\/wp\/v2\/users\/25"}],"replies":[{"embeddable":true,"href":"https:\/\/dixsupps.com\/de\/wp-json\/wp\/v2\/comments?post=17676"}],"version-history":[{"count":1,"href":"https:\/\/dixsupps.com\/de\/wp-json\/wp\/v2\/pages\/17676\/revisions"}],"predecessor-version":[{"id":17679,"href":"https:\/\/dixsupps.com\/de\/wp-json\/wp\/v2\/pages\/17676\/revisions\/17679"}],"wp:attachment":[{"href":"https:\/\/dixsupps.com\/de\/wp-json\/wp\/v2\/media?parent=17676"}],"curies":[{"name":"wp","href":"https:\/\/api.w.org\/{rel}","templated":true}]}}