{"id":17730,"date":"2023-02-20T15:14:34","date_gmt":"2023-02-20T15:14:34","guid":{"rendered":"https:\/\/dixsupps-v2.local\/ueber-uns\/"},"modified":"2026-01-21T16:49:56","modified_gmt":"2026-01-21T16:49:56","slug":"ueber-uns","status":"publish","type":"page","link":"https:\/\/dixsupps.com\/de\/ueber-uns\/","title":{"rendered":"\u00dcBER UNS"},"content":{"rendered":"<h2><strong>Franz\u00f6sisches Unternehmen<\/strong><\/h2>\n<p>Ein Team von Enthusiasten, vielleicht ein wenig zu viel, aber immer mit einem Ziel vor Augen: die besten Produkte zu entwickeln, damit Sie auf h\u00f6chstem Niveau performen k\u00f6nnen.<\/p>\n<h3><strong>Wissenschaft als S\u00e4ule unserer Expertise<\/strong><\/h3>\n<p>Unser Team von <b>leidenschaftlichen<\/b> Experten bleibt st\u00e4ndig \u00fcber die neuesten wissenschaftlichen Forschungen informiert, um Ihnen die effektivsten Produkte anzubieten.<\/p>\n<h3><strong>Mehr als nur eine Nahrungserg\u00e4nzungsmarke<\/strong><\/h3>\n<p><b>Wir wollen Sie performen sehen!<\/b><br \/>\nDeshalb bieten wir einzigartige und optimierte Produkte an, formuliert mit den besten Zutaten und pr\u00e4zisen Dosierungen, um maximale Ergebnisse zu garantieren.<\/p>\n<h3><strong>Eine Gemeinschaft, die der Leistung gewidmet ist<\/strong><\/h3>\n<p>Ihre Ergebnisse sind unsere Priorit\u00e4t. Die Anzahl der Athleten, die uns w\u00e4hlen, w\u00e4chst st\u00e4ndig, und dank Mundpropaganda \u00fcbertrifft unsere Expansion alle unsere Erwartungen. Danke an Sie \ud83e\ude75<br \/>\n#BEA10<\/p>\n<h2><strong>Wissenschaftliche Studien<\/strong><\/h2>\n<p>Unser Prozess beginnt mit einem tiefen Verst\u00e4ndnis der physiologischen Mechanismen. Dann, durch die Analyse von Hunderten wissenschaftlicher Studien, objektivieren wir die Auswahl der besten Zutaten basierend auf den erzielten klinischen Ergebnissen.<\/p>\n<h3><strong>Qualit\u00e4t ist die Basis. Wirksamkeit ist die Dosierung<\/strong><\/h3>\n<p>Ein qualitativ hochwertiger Inhaltsstoff, der falsch dosiert ist, ist nutzlos. Unsere Formeln richten sich nach den in der klinischen Forschung beobachteten Wirksamkeitsschwellen.<\/p>\n<h3><strong>Was uns wirklich unterscheidet<\/strong><\/h3>\n<p>Wir f\u00fchren eine gr\u00fcndliche Forschung durch, um die effektivsten Inhaltsstoffe zu identifizieren. Dies kann Jahre dauern, aber wir finden immer das beste Rohmaterial. Durch die Zusammenarbeit mit den besten Lieferanten der Welt schaffen wir einzigartige Formeln mit \u00fcberlegener Wirksamkeit.<\/p>\n","protected":false},"excerpt":{"rendered":"<p>Franz\u00f6sisches Unternehmen Ein Team von Enthusiasten, vielleicht ein wenig zu viel, aber immer mit einem Ziel vor Augen: die besten Produkte zu entwickeln, damit Sie auf h\u00f6chstem Niveau performen k\u00f6nnen. Wissenschaft als S\u00e4ule unserer Expertise Unser Team von leidenschaftlichen Experten bleibt st\u00e4ndig \u00fcber die neuesten wissenschaftlichen Forschungen informiert, um Ihnen die effektivsten Produkte anzubieten. Mehr [&hellip;]<\/p>\n","protected":false},"author":4,"featured_media":0,"parent":0,"menu_order":0,"comment_status":"closed","ping_status":"closed","template":"","meta":{"footnotes":"","rank_math_title":"","rank_math_description":"","rank_math_canonical_url":"","rank_math_robots":null,"rank_math_focus_keyword":""},"class_list":["post-17730","page","type-page","status-publish","hentry"],"jetpack_sharing_enabled":true,"_links":{"self":[{"href":"https:\/\/dixsupps.com\/de\/wp-json\/wp\/v2\/pages\/17730","targetHints":{"allow":["GET"]}}],"collection":[{"href":"https:\/\/dixsupps.com\/de\/wp-json\/wp\/v2\/pages"}],"about":[{"href":"https:\/\/dixsupps.com\/de\/wp-json\/wp\/v2\/types\/page"}],"author":[{"embeddable":true,"href":"https:\/\/dixsupps.com\/de\/wp-json\/wp\/v2\/users\/4"}],"replies":[{"embeddable":true,"href":"https:\/\/dixsupps.com\/de\/wp-json\/wp\/v2\/comments?post=17730"}],"version-history":[{"count":1,"href":"https:\/\/dixsupps.com\/de\/wp-json\/wp\/v2\/pages\/17730\/revisions"}],"predecessor-version":[{"id":17747,"href":"https:\/\/dixsupps.com\/de\/wp-json\/wp\/v2\/pages\/17730\/revisions\/17747"}],"wp:attachment":[{"href":"https:\/\/dixsupps.com\/de\/wp-json\/wp\/v2\/media?parent=17730"}],"curies":[{"name":"wp","href":"https:\/\/api.w.org\/{rel}","templated":true}]}}