{"id":18429,"date":"2024-10-18T13:02:15","date_gmt":"2024-10-18T13:02:15","guid":{"rendered":"https:\/\/dixsupps-v2.local\/?page_id=18429"},"modified":"2026-01-26T17:57:32","modified_gmt":"2026-01-26T17:57:32","slug":"muskelmasse-zuwachsrechner","status":"publish","type":"page","link":"https:\/\/dixsupps.com\/de\/muskelmasse-zuwachsrechner\/","title":{"rendered":"Muskelmasse-Zuwachsrechner"},"content":{"rendered":"<h2>Warum das maximale Muskelpotenzial berechnen?<\/h2>\n<p>Ganz einfach, um sich Ziele zu setzen, die nicht unrealistisch sind. Dazu m\u00fcssen Sie <strong>Ihre genetischen Grenzen kennen<\/strong> und Ihr volles <strong>maximales Muskelpotenzial<\/strong>. Denn jeder Mensch hat sein eigenes und es erm\u00f6glicht Ihnen, sich nicht entmutigen zu lassen, indem Sie Ihre Fortschritte mit anderen Praktizierenden vergleichen, die m\u00f6glicherweise unterschiedliche genetische F\u00e4higkeiten haben.<\/p>\n<blockquote><p>Sein volles Potenzial zu kennen bedeutet, sich selbst als Modell zu haben und so seinen Fortschritt besser zu messen.<\/p><\/blockquote>\n<p>Ein weiterer Vorteil der Berechnung dieses Wertes ist, dass er Ihnen hilft, Ihr Training effektiv zu planen. Wenn Sie Ihr nat\u00fcrlich zu erreichendes Ziel kennen, k\u00f6nnen Sie Ihre Sitzungen so strukturieren, dass Sie Ihre Gewinne maximieren, ohne sich unn\u00f6tigen Risiken auszusetzen, die zu Verletzungen f\u00fchren und Ihren Fortschritt verlangsamen k\u00f6nnten.<\/p>\n<h2>Wie verwendet man den Rechner?<\/h2>\n<p>Der <strong>Muskelpotenzialrechner<\/strong> wurde von unserem Team auf Basis wissenschaftlicher Forschung und Gleichungen erstellt, die es erm\u00f6glichen, ihn auf eine, wie soll man sagen&#8230; etwas kompliziertere Weise zu berechnen! So verwenden Sie ihn einfach: W\u00e4hlen Sie Ihr Geschlecht im Dropdown-Men\u00fc aus. Geben Sie dann Ihr aktuelles Gewicht in Kilogramm oder Pfund ein, je nach Ihrer Vorliebe. Fahren Sie fort, indem Sie Ihren K\u00f6rperfettanteil angeben. Um diesen Wert genau zu kennen, k\u00f6nnen Sie eine Hautfaltenzange oder eine Bioimpedanzwaage verwenden, um diese Messung zu erhalten. Alternativ k\u00f6nnen Sie sich auf dieses Foto unten beziehen und Ihren Anteil sch\u00e4tzen. <img loading=\"lazy\" decoding=\"async\" src=\"https:\/\/dixsupps.com\/wp-content\/uploads\/2025\/02\/taux-masse-grasse-photo-homme-femme.jpg\" alt=\"taux de masse grasse en photo homme femme\" width=\"1024\" height=\"575\" \/> Messen Sie dann den <strong>Umfang Ihres Handgelenks<\/strong> und Ihres <strong>Kn\u00f6chels<\/strong>. Wir empfehlen die Verwendung eines flexiblen Ma\u00dfbandes, das dennoch genauer ist. F\u00fcr das Handgelenk messen Sie den Bereich zwischen dem hervorstehenden Knochen und der Hand. F\u00fcr den Kn\u00f6chel messen Sie zwischen dem Kn\u00f6chelknochen und dem Beginn des Wadenmuskels. Geben Sie schlie\u00dflich Ihre Gr\u00f6\u00dfe in Zentimetern oder in Fu\u00df und Zoll ein. Sobald alle Daten eingegeben sind, generiert der Rechner automatisch Ihre Ergebnisse. Diese beinhalten Ihre <strong>fettfreie K\u00f6rpermasse<\/strong> (LBM), Ihr <strong>erreichbares Gewicht<\/strong> und die <strong>Fettmasse<\/strong>. Diese Ergebnisse geben Ihnen eine realistische Sch\u00e4tzung dessen, was Sie mit einem <i>angemessenen Training und einer angemessenen Ern\u00e4hrung<\/i> erreichen k\u00f6nnen. Wenn Sie mehrmals im Jahr Messungen wiederholen m\u00fcssen, denken Sie daran, sie zur gleichen Tageszeit und unter den gleichen Bedingungen durchzuf\u00fchren, um Ihre Werte nicht zu verf\u00e4lschen. <div class=\"dix-script\" id=\"dix-script-18416\" data-script-id=\"18416\" data-type=\"calculator\" data-subtype=\"\" data-config='{&quot;type&quot;:&quot;calculator&quot;,&quot;subtype&quot;:&quot;&quot;}'><div class=\"dix-script__container\"><div class=\"calculator-container\">\r\n    <div class=\"calculator__layout\">\r\n        <!-- Colonne gauche : Inputs -->\r\n        <div class=\"calculator__panel calculator__panel--inputs\">\r\n            <h2 class=\"calculator__title\">Muskelaufbau-Potenzialrechner<\/h2>\r\n            \r\n            <label class=\"calculator__label\">Geschlecht<\/label>\r\n            <select id=\"sex\" class=\"calculator__select\">\r\n                <option value=\"male\">Mann<\/option>\r\n                <option value=\"female\">Frau<\/option>\r\n            <\/select>\r\n            \r\n            <label class=\"calculator__label\">Gewicht : <span class=\"calculator__label-value\" id=\"weightValue\">74<\/span> kg<\/label>\r\n            <input type=\"range\" id=\"weight\" class=\"calculator__range\" min=\"40\" max=\"150\" value=\"74\">\r\n            \r\n            <label class=\"calculator__label\">K\u00f6rperfettanteil : <span class=\"calculator__label-value\" id=\"bodyFatValue\">13<\/span> %<\/label>\r\n            <input type=\"range\" id=\"bodyFat\" class=\"calculator__range\" min=\"5\" max=\"50\" value=\"13\">\r\n            \r\n            <label class=\"calculator__label\">Handgelenkumfang : <span class=\"calculator__label-value\" id=\"wristValue\">17<\/span> cm<\/label>\r\n            <input type=\"range\" id=\"wrist\" class=\"calculator__range\" min=\"10\" max=\"25\" value=\"17\">\r\n            \r\n            <label class=\"calculator__label\">Kn\u00f6chelumfang : <span class=\"calculator__label-value\" id=\"ankleValue\">21<\/span> cm<\/label>\r\n            <input type=\"range\" id=\"ankle\" class=\"calculator__range\" min=\"15\" max=\"30\" value=\"21\">\r\n            \r\n            <label class=\"calculator__label\">Gr\u00f6\u00dfe : <span class=\"calculator__label-value\" id=\"heightValue\">174<\/span> cm<\/label>\r\n            <input type=\"range\" id=\"height\" class=\"calculator__range\" min=\"140\" max=\"210\" value=\"174\">\r\n        <\/div>\r\n\r\n        <!-- Colonne droite : R\u00e9sultats -->\r\n        <div class=\"calculator__panel calculator__panel--results\">\r\n            <!-- Partage social -->\r\n            <div class=\"calculator__share\" style=\"border-top: none;padding-top: 0;margin-top: 0;margin-bottom: 1.5rem\">\r\n                <h4 class=\"calculator__share-title\">Teilen Sie Ihre Ergebnisse<\/h4>\r\n                <div class=\"calculator__share-buttons\">\r\n                    <button onclick=\"shareOnTwitter()\" class=\"calculator__share-btn calculator__share-btn--twitter\">\r\n                        <svg xmlns=\"http:\/\/www.w3.org\/2000\/svg\" width=\"24\" height=\"24\" viewBox=\"0 0 24 24\" fill=\"none\" stroke=\"currentColor\"><path d=\"M22 4s-.7 2.1-2 3.4c1.6 10-9.4 17.3-18 11.6 2.2.1 4.4-.6 6-2C3 15.5.5 9.6 3 5c2.2 2.6 5.6 4.1 9 4-.9-4.2 4-6.6 7-3.8 1.1 0 3-1.2 3-1.2z\"><\/path><\/svg>\r\n                    <\/button>\r\n                    <button onclick=\"shareOnWhatsApp()\" class=\"calculator__share-btn calculator__share-btn--whatsapp\">\r\n                        <svg xmlns=\"http:\/\/www.w3.org\/2000\/svg\" width=\"24\" height=\"24\" viewBox=\"0 0 24 24\" fill=\"none\" stroke=\"currentColor\"><path d=\"M21 11.5a8.38 8.38 0 0 1-.9 3.8 8.5 8.5 0 0 1-7.6 4.7 8.38 8.38 0 0 1-3.8-.9L3 21l1.9-5.7a8.38 8.38 0 0 1-.9-3.8 8.5 8.5 0 0 1 4.7-7.6 8.38 8.38 0 0 1 3.8-.9h.5a8.48 8.48 0 0 1 8 8v.5z\"><\/path><\/svg>\r\n                    <\/button>\r\n                    <button onclick=\"shareViaEmail()\" class=\"calculator__share-btn calculator__share-btn--email\">\r\n                        <svg xmlns=\"http:\/\/www.w3.org\/2000\/svg\" width=\"24\" height=\"24\" viewBox=\"0 0 24 24\" fill=\"none\" stroke=\"currentColor\"><path d=\"M4 4h16c1.1 0 2 .9 2 2v12c0 1.1-.9 2-2 2H4c-1.1 0-2-.9-2-2V6c0-1.1.9-2 2-2z\"><\/path><polyline points=\"22,6 12,13 2,6\"><\/polyline><\/svg>\r\n                    <\/button>\r\n                    <button onclick=\"copyToClipboard()\" class=\"calculator__share-btn calculator__share-btn--copy\">\r\n                        <svg xmlns=\"http:\/\/www.w3.org\/2000\/svg\" width=\"24\" height=\"24\" viewBox=\"0 0 24 24\" fill=\"none\" stroke=\"currentColor\"><path d=\"M16 4h2a2 2 0 0 1 2 2v14a2 2 0 0 1-2 2H6a2 2 0 0 1-2-2V6a2 2 0 0 1 2-2h2\"><\/path><rect x=\"8\" y=\"2\" width=\"8\" height=\"4\" rx=\"1\" ry=\"1\"><\/rect><\/svg>\r\n                        <span class=\"calculator__copy-feedback\" id=\"copyText\"><\/span>\r\n                    <\/button>\r\n                <\/div>\r\n            <\/div>\r\n            \r\n            <h4 class=\"calculator__results-title\">Ergebnisse Ihres Potenzials<\/h4>\r\n            <div id=\"result\"><\/div>\r\n        <\/div>\r\n    <\/div>\r\n    \r\n    <!-- Messages de partage (cach\u00e9s) -->\r\n    <div id=\"share-messages\" style=\"display: none\">\r\n        <span id=\"share-text-part1\">Ich habe mein maximal erreichbares Potenzial im Krafttraining berechnet: <\/span>\r\n        <span id=\"share-text-part2\">kg mit einem LBM von <\/span>\r\n        <span id=\"share-text-part3\">kg und einer Fettmasse von <\/span>\r\n        <span id=\"share-text-part4\">kg. Berechne dein maximales Potenzial, indem du diesem Link folgst!<\/span>\r\n        <span id=\"share-subject\">Mein maximales Potenzial im Krafttraining<\/span>\r\n    <\/div>\r\n<\/div><\/div><\/div><\/p>\n<p><strong>Unsere anderen Rechner<\/strong><\/p>\n<p>Nachdem Sie Ihr Potenzial berechnet haben, ist es wichtig, andere Werte f\u00fcr Ihr Training zu kennen. So bieten wir Ihnen an, <strong><a href=\"https:\/\/dixsupps.com\/de\/rechner-1-max-rep-krafttraining\/\">Ihr 1-Wiederholungs-Maximum im Krafttraining zu berechnen<\/a><\/strong>, das Ihnen erm\u00f6glicht, die ideale Last zu kennen, um Ihren Muskel ausreichend zu schocken und gleichzeitig das Verletzungsrisiko zu senken, aber auch <strong><a href=\"https:\/\/dixsupps.com\/de\/was-ist-mein-fettfreier-masseindex\/\">Ihren K\u00f6rperfettanteil<\/a><\/strong> und um <strong><a href=\"https:\/\/dixsupps.com\/de\/grundumsatzrechner\/\">die Anzahl der Kalorien Ihres Grundumsatzes zu berechnen<\/a>.<\/strong><\/p>\n<h2>Interpretation des Ergebnisses: Referenzwerte<\/h2>\n<p>So verstehen Sie die Ergebnisse des Rechners. Egal, ob Sie ein Mann oder eine Frau sind, die Ergebnisse werden aus theoretischer Sicht gleich interpretiert. Die Ergebnistabelle gibt Ihnen je nach eingegebenen Werten Ihr erreichbares Maximum (wir gehen im weiteren Verlauf des Artikels n\u00e4her darauf ein), wenn alle Parameter zu Ihren Gunsten sind, und realistischere Ergebnisse, auf die Sie sich nat\u00fcrlich mehr st\u00fctzen sollten. So erhalten Sie eine Vorstellung von Werten wie Ihrem Gewicht, Ihrer Fettmasse, dem Umfang Ihres Torsos auf Brusth\u00f6he, der Taille, der H\u00fcften, der Arme, der Unterarme und schlie\u00dflich der Waden. Der Rechner gibt Ihnen auch das Ergebnis Ihrer LBM, auf das wir im Detail eingehen werden. <img loading=\"lazy\" decoding=\"async\" src=\"https:\/\/dixsupps.com\/wp-content\/uploads\/2024\/06\/calcul-max-muscle-2-1024x574.webp\" sizes=\"auto, (max-width: 800px) 100vw, 800px\" srcset=\"https:\/\/dixsupps.com\/wp-content\/uploads\/2024\/06\/calcul-max-muscle-2-1024x574.webp 1024w, https:\/\/dixsupps.com\/wp-content\/uploads\/2024\/06\/calcul-max-muscle-2-600x336.webp 600w, https:\/\/dixsupps.com\/wp-content\/uploads\/2024\/06\/calcul-max-muscle-2-300x168.webp 300w, https:\/\/dixsupps.com\/wp-content\/uploads\/2024\/06\/calcul-max-muscle-2-768x430.webp 768w, https:\/\/dixsupps.com\/wp-content\/uploads\/2024\/06\/calcul-max-muscle-2-18x10.webp 18w, https:\/\/dixsupps.com\/wp-content\/uploads\/2024\/06\/calcul-max-muscle-2-1320x740.webp 1320w, https:\/\/dixsupps.com\/wp-content\/uploads\/2024\/06\/calcul-max-muscle-2.webp 1456w\" alt=\"\" width=\"800\" height=\"448\" \/><\/p>\n<h2>Was ist die LBM? Wie wird sie berechnet?<\/h2>\n<p>Die <strong>LBM (Lean Body Mass)<\/strong>, auch fettfreie K\u00f6rpermasse genannt, repr\u00e4sentiert die Menge an Gewicht, die Sie haben, ohne das K\u00f6rperfett einzuschlie\u00dfen. Es ist eine wichtige Messgr\u00f6\u00dfe f\u00fcr Sportler und Fitnessbegeisterte wie uns, da sie es erm\u00f6glicht zu verstehen, aus welcher Menge an Gewicht Ihr K\u00f6rper aus Muskeln, Knochen, Wasser und anderen fettfreien Geweben besteht. Um die LBM in unserem Rechner zu berechnen, haben wir die folgende Formel verwendet, die am h\u00e4ufigsten verwendet wird:<\/p>\n<pre><code>LBM = 0.407 * Umfang des Handgelenks + 0.267 * Umfang des Kn\u00f6chels + 0.287 * Gr\u00f6\u00dfe + 8.875<\/code><\/pre>\n<p>Angenommen, wir haben drei verschiedene Profile:<\/p>\n<ul>\n<li><strong>Profil 1:<\/strong> Gr\u00f6\u00dfe von 174 cm, Handgelenk von 17 cm, Kn\u00f6chel von 21 cm<\/li>\n<li><strong>Profil 2:<\/strong> Gr\u00f6\u00dfe von 180 cm, Handgelenk von 20 cm, Kn\u00f6chel von 25 cm<\/li>\n<li><strong>Profil 3:<\/strong> Gr\u00f6\u00dfe von 184 cm, Handgelenk von 18 cm, Kn\u00f6chel von 23 cm<\/li>\n<\/ul>\n<p>F\u00fcr das <strong>Profil 1<\/strong>:<\/p>\n<pre><code>LBM = 0.407 * 17 + 0.267 * 21 + 0.287 * 174 + 8.875 = 70.29 kg (154.96 lbs)<\/code><\/pre>\n<p>F\u00fcr das <strong>Profil 2<\/strong>:<\/p>\n<pre><code>LBM = 0.407 * 20 + 0.267 * 25 + 0.287 * 180 + 8.875 = 81.25 kg (179.10 lbs)<\/code><\/pre>\n<p>F\u00fcr das <strong>Profil 3<\/strong>:<\/p>\n<pre><code>LBM = 0.407 * 18 + 0.267 * 23 + 0.287 * 184 + 8.875 = 77.70 kg (171.30 lbs)<\/code><\/pre>\n<p><img loading=\"lazy\" decoding=\"async\" src=\"https:\/\/dixsupps.com\/wp-content\/uploads\/2024\/06\/calcul-max-muscle-3-1024x574.webp\" sizes=\"auto, (max-width: 800px) 100vw, 800px\" srcset=\"https:\/\/dixsupps.com\/wp-content\/uploads\/2024\/06\/calcul-max-muscle-3-1024x574.webp 1024w, https:\/\/dixsupps.com\/wp-content\/uploads\/2024\/06\/calcul-max-muscle-3-600x336.webp 600w, https:\/\/dixsupps.com\/wp-content\/uploads\/2024\/06\/calcul-max-muscle-3-300x168.webp 300w, https:\/\/dixsupps.com\/wp-content\/uploads\/2024\/06\/calcul-max-muscle-3-768x430.webp 768w, https:\/\/dixsupps.com\/wp-content\/uploads\/2024\/06\/calcul-max-muscle-3-18x10.webp 18w, https:\/\/dixsupps.com\/wp-content\/uploads\/2024\/06\/calcul-max-muscle-3-1320x740.webp 1320w, https:\/\/dixsupps.com\/wp-content\/uploads\/2024\/06\/calcul-max-muscle-3.webp 1456w\" alt=\"\" width=\"800\" height=\"448\" \/><\/p>\n<h2>Was ist das erreichbare Gewicht?<\/h2>\n<p>Das <strong>erreichbare Gewicht<\/strong> repr\u00e4sentiert das maximale Gewicht, das Sie realistisch ohne den Einsatz von Steroiden erreichen k\u00f6nnen, und maximal, wenn alle Parameter zu Ihren Gunsten sind. Es bleibt eine Sch\u00e4tzung, aber sie ist entscheidend, um realistische Gewichts- und Muskelziele zu setzen und um zu vermeiden, sich unrealistische Erwartungen zu setzen, die erneut zu Frustration f\u00fchren k\u00f6nnten. Krafttraining ist bereits eine ziemlich frustrierende Disziplin, man sieht es schon, wenn wir ein paar Wochen aufh\u00f6ren!<\/p>\n<h3>Wie wird es berechnet?<\/h3>\n<p>Die Berechnung des erreichbaren Gewichts wurde basierend auf den Werten Ihrer <strong>Lean Body Mass (LBM)<\/strong> durchgef\u00fchrt. Dann wird diese fettfreie Masse in Bezug auf den <strong>optimalen K\u00f6rperfettanteil<\/strong> angepasst, um das erreichbare Gewicht zu erhalten. Zum Beispiel, wenn Ihre LBM 70 kg betr\u00e4gt und der optimale K\u00f6rperfettanteil 10 % betr\u00e4gt, wird das erreichbare Gewicht berechnet, indem diese LBM angepasst wird, um diesen Fettanteil einzuschlie\u00dfen.<\/p>\n<h2>Was ist die Fettmasse?<\/h2>\n<p>Was die <strong>Fettmasse<\/strong> betrifft, so haben wir sie als die Differenz zwischen Ihrem Gesamtgewicht und Ihrer fettfreien K\u00f6rpermasse (LBM) definiert. Sie wird also offensichtlich die Gesamtmenge an Fett in Ihrem K\u00f6rper repr\u00e4sentieren, einschlie\u00dflich des essentiellen Fetts und des Speicherfetts.<\/p>\n<h3>Wie wird sie berechnet?<\/h3>\n<p>Die Methode zur Berechnung der Fettmasse ist einfach: Sie m\u00fcssen nur <strong>die LBM von Ihrem Gesamtgewicht abziehen.<\/strong> Zum Beispiel, wenn Ihr Gesamtgewicht 80 kg betr\u00e4gt und Ihre LBM 65 kg betr\u00e4gt, dann betr\u00e4gt Ihre Fettmasse 15 kg. Beachten Sie jedoch, dass die Fettmasse eine wichtige Rolle f\u00fcr die Gesundheit spielt: Ein zu hoher Fettanteil kann das Risiko f\u00fcr Herz-Kreislauf-Erkrankungen, Diabetes und andere Gesundheitsprobleme erh\u00f6hen. Umgekehrt kann ein zu niedriger Fettanteil die Hormonfunktionen und das Immunsystem beeintr\u00e4chtigen.<\/p>\n","protected":false},"excerpt":{"rendered":"<p>Warum das maximale Muskelpotenzial berechnen? Ganz einfach, um sich Ziele zu setzen, die nicht unrealistisch sind. Dazu m\u00fcssen Sie Ihre genetischen Grenzen kennen und Ihr volles maximales Muskelpotenzial. Denn jeder Mensch hat sein eigenes und es erm\u00f6glicht Ihnen, sich nicht entmutigen zu lassen, indem Sie Ihre Fortschritte mit anderen Praktizierenden vergleichen, die m\u00f6glicherweise unterschiedliche genetische [&hellip;]<\/p>\n","protected":false},"author":25,"featured_media":20392,"parent":0,"menu_order":0,"comment_status":"closed","ping_status":"closed","template":"","meta":{"footnotes":""},"class_list":["post-18429","page","type-page","status-publish","has-post-thumbnail","hentry"],"jetpack_sharing_enabled":true,"_links":{"self":[{"href":"https:\/\/dixsupps.com\/de\/wp-json\/wp\/v2\/pages\/18429","targetHints":{"allow":["GET"]}}],"collection":[{"href":"https:\/\/dixsupps.com\/de\/wp-json\/wp\/v2\/pages"}],"about":[{"href":"https:\/\/dixsupps.com\/de\/wp-json\/wp\/v2\/types\/page"}],"author":[{"embeddable":true,"href":"https:\/\/dixsupps.com\/de\/wp-json\/wp\/v2\/users\/25"}],"replies":[{"embeddable":true,"href":"https:\/\/dixsupps.com\/de\/wp-json\/wp\/v2\/comments?post=18429"}],"version-history":[{"count":2,"href":"https:\/\/dixsupps.com\/de\/wp-json\/wp\/v2\/pages\/18429\/revisions"}],"predecessor-version":[{"id":20556,"href":"https:\/\/dixsupps.com\/de\/wp-json\/wp\/v2\/pages\/18429\/revisions\/20556"}],"wp:featuredmedia":[{"embeddable":true,"href":"https:\/\/dixsupps.com\/de\/wp-json\/wp\/v2\/media\/20392"}],"wp:attachment":[{"href":"https:\/\/dixsupps.com\/de\/wp-json\/wp\/v2\/media?parent=18429"}],"curies":[{"name":"wp","href":"https:\/\/api.w.org\/{rel}","templated":true}]}}