{"id":19189,"date":"2024-08-20T06:41:46","date_gmt":"2024-08-20T06:41:46","guid":{"rendered":"https:\/\/dixsupps-v2.local\/unsere-sportleistungsrechner\/"},"modified":"2026-01-25T17:36:39","modified_gmt":"2026-01-25T17:36:39","slug":"unsere-sportleistungsrechner","status":"publish","type":"page","link":"https:\/\/dixsupps.com\/de\/unsere-sportleistungsrechner\/","title":{"rendered":"Sportleistungsrechner"},"content":{"rendered":"<h2>Warum ist es wichtig, Ihre Fitness- und Krafttrainingsleistungen zu messen?<\/h2>\n<p>Man kann nur verbessern, was man misst. Das ist ein grundlegendes Prinzip, das sich perfekt auf Fitness und Krafttraining anwenden l\u00e4sst, denn ohne pr\u00e4zise Messungen ist es unm\u00f6glich zu wissen, ob man auf dem richtigen Weg ist oder auf der Stelle tritt.<br \/>\nStellen Sie sich vor, Sie navigieren ohne Kompass und Karte. Frustrierend und wenig effektiv, nicht wahr?<\/p>\n<p>Das ist jedoch genau das, was viele Menschen tun, indem sie es vers\u00e4umen, <strong>ihre Fortschritte zu quantifizieren<\/strong> auf ihrem Fitnessweg. Tats\u00e4chlich erm\u00f6glicht es Ihnen, Ihre Leistungen zu verfolgen, um Ihre Fortschritte konkret zu sehen, was ein echter Motivationsschub ist. Es ist dieser kleine Funke, der Sie weitermachen l\u00e4sst, wenn Sie alles hinschmei\u00dfen wollen! Denn ja, manchmal denkt man, man h\u00e4tte keinen Fortschritt gemacht, und es reicht, in seine Metriken einzutauchen, um zu erkennen, dass man sich entwickelt.<\/p>\n<p>Aber das ist noch nicht alles. Messungen helfen Ihnen auch, <strong>realistische Ziele zu setzen<\/strong>. Nicht solche verr\u00fcckten Ziele wie &#8222;Ich m\u00f6chte in 3 Monaten wie ein professioneller Bodybuilder aussehen&#8220; <i>(es sei denn, Sie haben einen Zaubertrank entdeckt, in diesem Fall teilen Sie ihn!)<\/i>. Nein, wir sprechen von Zielen, die Ihrem Niveau und Ihrem tats\u00e4chlichen Fortschritt angepasst sind.<\/p>\n<p>Hier kommen unsere Rechner ins Spiel. Diese wertvollen Werkzeuge erm\u00f6glichen es Ihnen, Ihre Fortschritte genau zu verfolgen, ohne einen Doktortitel in Sportwissenschaften zu ben\u00f6tigen. Ob zur Sch\u00e4tzung Ihres Muskelpotentials oder zur Bewertung Ihrer kardiovaskul\u00e4ren Verfassung, diese Rechner sind Ihre besten Verb\u00fcndeten f\u00fcr ein optimiertes Training.<\/p>\n<blockquote><p>&#8222;Was gemessen wird, verbessert sich&#8220; sagte Peter Drucker.<\/p><\/blockquote>\n<p>Hier sind also unsere Rechner, um Basisdaten f\u00fcr Ihre Entwicklung zu haben.<\/p>\n<h2>Whey-Bedarf-Rechner<\/h2>\n<p>Sie fragen sich, wie viel Protein Sie t\u00e4glich konsumieren sollten, um Ihre Leistungen und Ihre Erholung zu optimieren? Unser Rechner gibt Ihnen eine pr\u00e4zise Antwort basierend auf Ihrem Gewicht, Ihrem Aktivit\u00e4tsniveau und Ihren Zielen.<\/p>\n<p>Dank dieses Werkzeugs k\u00f6nnen Sie:<\/p>\n<ul>\n<li>Ihre t\u00e4glichen Proteinbedarfe bestimmen<\/li>\n<li>Die Aufteilung zwischen Ern\u00e4hrung und Erg\u00e4nzungen optimieren<\/li>\n<li>Ihren Konsum f\u00fcr optimale Ergebnisse anpassen<\/li>\n<\/ul>\n<p>Keine Sch\u00e4tzungen mehr! Erhalten Sie in wenigen Sekunden Ihre ideale Dosierung f\u00fcr eine effektive Sportern\u00e4hrung. \ud83d\udcaa<\/p>\n<p><a href=\"https:\/\/dixsupps.com\/de\/whey-proteinmengenrechner\/\"> Rechner f\u00fcr t\u00e4gliche Proteinmenge <\/a><\/p>\n<h2>Rechner f\u00fcr fettfreie Masse Index (FFMI)<\/h2>\n<p>Der fettfreie Masse Index (FFMI) ist ein Messwerkzeug, das weit \u00fcber das einfache Verh\u00e4ltnis von Gewicht zu Gr\u00f6\u00dfe hinausgeht. Es bietet Ihnen <b>eine pr\u00e4zise Sicht auf Ihre K\u00f6rperzusammensetzung<\/b>, indem es den Fokus auf Ihre Muskelmasse legt und nicht auf Ihr Gesamtgewicht.<\/p>\n<p>Im Gegensatz zu seinem Cousin, dem BMI, wird der FFMI Sie nicht als &#8222;\u00fcbergewichtig&#8220; bezeichnen, nur weil Sie Ihre Muskeln entwickelt haben. <i>(Ja, der BMI kann manchmal etwas stur sein!)<\/i> Es ist besonders n\u00fctzlich f\u00fcr Sie, die Sportler, die dazu neigen, eine <strong>gr\u00f6\u00dfere Muskelmasse<\/strong> als der Durchschnitt zu haben.<\/p>\n<p>Der FFMI ber\u00fccksichtigt Ihren K\u00f6rperfettanteil, was ihn viel relevanter macht, um Ihre tats\u00e4chliche k\u00f6rperliche Verfassung zu bewerten. Er erm\u00f6glicht es Ihnen, Ihre Fortschritte im Krafttraining zu verfolgen, ohne durch Gewichtsschwankungen, die auf Muskelzuwachs statt Fettzuwachs zur\u00fcckzuf\u00fchren sein k\u00f6nnen, in die Irre gef\u00fchrt zu werden.<\/p>\n<p><a href=\"https:\/\/dixsupps.com\/de\/was-ist-mein-fettfreier-masseindex\/\"> Rechner f\u00fcr fettfreie Masse Index <\/a><\/p>\n<h2>1 Wiederholungsmaximum (1RM) Rechner<\/h2>\n<p>Das 1 Wiederholungsmaximum (1RM) ist der Eckpfeiler jedes ernsthaften Krafttrainingsprogramms. Es repr\u00e4sentiert die maximale Last, die Sie einmal mit korrekter Technik heben k\u00f6nnen.<\/p>\n<p>Ihr 1RM zu kennen, ist wie eine wertvolle Sch\u00e4tzung f\u00fcr Ihr Training zu haben. Dieser Rechner erm\u00f6glicht es Ihnen, diesen Maximalwert zu sch\u00e4tzen, ohne sich zu verletzen, indem Sie versuchen, zu schwere Gewichte zu heben. Oder &#8222;<em>Zeit zu verschwenden<\/em>&#8220; mit zu leichten Lasten.<\/p>\n<p>Mit dieser Information in der Hand k\u00f6nnen Sie <strong>Ihre Sitzungen optimieren<\/strong>, indem Sie die richtigen Lasten f\u00fcr Ihre spezifischen Ziele w\u00e4hlen. Ob Sie reine Kraft, Hypertrophie oder muskul\u00e4re Ausdauer anstreben, das 1RM ist einer der wichtigsten Werte f\u00fcr Ihr Training.<\/p>\n<p><a href=\"https:\/\/dixsupps.com\/de\/rechner-1-max-rep-krafttraining\/\"> Rechner f\u00fcr maximale Wiederholung (1RM) <\/a><\/p>\n<h2>VO2 Max Rechner<\/h2>\n<p>Die VO2 Max ist ein wichtiger Wert der kardiovaskul\u00e4ren Ausdauer. Sie repr\u00e4sentiert die maximale F\u00e4higkeit Ihres K\u00f6rpers, w\u00e4hrend der Anstrengung Sauerstoff zu nutzen, ein Indikator f\u00fcr Ihre allgemeine k\u00f6rperliche Fitness.<\/p>\n<p>Indem Sie Ihren maximalen Sauerstoffverbrauch sch\u00e4tzen, bietet es Ihnen einen <strong>wertvollen Einblick in Ihre kardiovaskul\u00e4re Verfassung<\/strong>.<\/p>\n<p>Ihre VO2 Max zu kennen, erm\u00f6glicht es Ihnen:<\/p>\n<ul>\n<li>Realistische Trainingsziele zu setzen<\/li>\n<li>Ihre Fortschritte im Laufe der Zeit zu verfolgen<\/li>\n<li>Ihr Programm anzupassen, um Ihre Ausdauergewinne zu maximieren<\/li>\n<\/ul>\n<p>Ob Sie ein leidenschaftlicher L\u00e4ufer sind oder einfach nur Ihre kardiovaskul\u00e4re Gesundheit verbessern m\u00f6chten, dieser Rechner ist Ihr Verb\u00fcndeter, um neue Ausdauerh\u00f6hen zu erreichen.<\/p>\n<p><a href=\"https:\/\/dixsupps.com\/de\/vo2-max-rechner\/\"> Rechner f\u00fcr VO2 MAX <\/a><\/p>\n<h2>Rechner f\u00fcr Muskelwachstumspotential<\/h2>\n<p>Der Rechner f\u00fcr Muskelwachstumspotential sch\u00e4tzt die nat\u00fcrlichen Grenzen Ihrer Muskelentwicklung. Er bietet Ihnen eine realistische Projektion Ihrer F\u00e4higkeit, Muskeln aufzubauen, basierend auf Ihren einzigartigen k\u00f6rperlichen Merkmalen.<\/p>\n<p>Durch die Verwendung von Daten wie Ihrer Gr\u00f6\u00dfe und Ihrem Gewicht sch\u00e4tzt er Ihre <strong>fettfreie K\u00f6rpermasse (LBM)<\/strong> und Ihr <strong>erreichbares Gewicht<\/strong>. Diese Informationen sind entscheidend, um realistische Ziele zu setzen und Entt\u00e4uschungen zu vermeiden.<\/p>\n<p>Die Vorteile sind vielf\u00e4ltig: Sie k\u00f6nnen Ihr Trainingsprogramm optimieren, Ihre Ern\u00e4hrung anpassen und eine langfristige Perspektive auf Ihren Weg behalten. <i>(Rom wurde nicht an einem Tag erbaut, Ihr Traumk\u00f6rper auch nicht!)<\/i><\/p>\n<p><a href=\"https:\/\/dixsupps.com\/de\/muskelmasse-zuwachsrechner\/\"> Rechner f\u00fcr maximales Muskelpotential <\/a><\/p>\n<h2>Kreatin-Dosierungsrechner<\/h2>\n<p>Kreatin ist eines der effektivsten Erg\u00e4nzungsmittel zur Verbesserung Ihrer sportlichen Leistungen. Es spielt eine entscheidende Rolle bei der Muskelenergieproduktion und Erholung, ein Schl\u00fcsselelement zur Optimierung Ihrer Ergebnisse.<br \/>\nDurch die Analyse Ihrer individuellen Merkmale bietet es Ihnen eine <strong>wissenschaftlich fundierte, personalisierte Dosierungsempfehlung<\/strong>.<br \/>\nIhr optimales Dosierung zu kennen, erm\u00f6glicht es Ihnen:<\/p>\n<ul>\n<li>Ihre Kraft- und Muskelmassegewinne zu maximieren<\/li>\n<li>Ihre Erholung zwischen den Sitzungen zu optimieren<\/li>\n<li>Ihre Erg\u00e4nzung entsprechend Ihrem einzigartigen Profil anzupassen<\/li>\n<\/ul>\n<p>Ob Sie ein Kraftsportler, ein CrossFit-Praktizierender oder einfach nur daran interessiert sind, Ihre Leistungen zu verbessern, dieser Rechner ist Ihr Leitfaden f\u00fcr eine effektive und personalisierte Erg\u00e4nzung.<\/p>\n<p><a href=\"https:\/\/dixsupps.com\/de\/welche-dosis-kreatin-pro-tag\/\"> Rechner f\u00fcr Kreatindosierung <\/a><\/p>\n<h2>Grundumsatz-Rechner<\/h2>\n<p>Ihr Grundumsatz (BMR) ist die Energiemenge, die Ihr K\u00f6rper in Ruhe verbraucht. Diese Zahl zu kennen, ist entscheidend, um Ihre Ern\u00e4hrung an Ihre Ziele anzupassen: Muskelaufbau, Erhaltung oder Gewichtsverlust.<\/p>\n<p>Dank dieses Rechners k\u00f6nnen Sie:<\/p>\n<ul>\n<li>Ihre Kalorienzufuhr an Ihre tats\u00e4chlichen Bed\u00fcrfnisse anpassen<\/li>\n<li>Ihre Ern\u00e4hrung und Erholung optimieren<\/li>\n<li>Ern\u00e4hrungsfehler vermeiden und Ihre Energie besser verwalten<\/li>\n<\/ul>\n<p>Ein unverzichtbares Werkzeug f\u00fcr alle, die ihre Leistungen maximieren und ihre Ziele effizienter erreichen m\u00f6chten!<\/p>\n<p><a href=\"https:\/\/dixsupps.com\/de\/grundumsatzrechner\/\"> Rechner f\u00fcr Grundumsatz <\/a><\/p>\n","protected":false},"excerpt":{"rendered":"<p>Warum ist es wichtig, Ihre Fitness- und Krafttrainingsleistungen zu messen? Man kann nur verbessern, was man misst. Das ist ein grundlegendes Prinzip, das sich perfekt auf Fitness und Krafttraining anwenden l\u00e4sst, denn ohne pr\u00e4zise Messungen ist es unm\u00f6glich zu wissen, ob man auf dem richtigen Weg ist oder auf der Stelle tritt. Stellen Sie sich [&hellip;]<\/p>\n","protected":false},"author":5,"featured_media":0,"parent":0,"menu_order":0,"comment_status":"closed","ping_status":"closed","template":"","meta":{"footnotes":"","rank_math_title":"Sportliche Leistungen und Fitness berechnen","rank_math_description":"Finden Sie alle unsere Sportrechner wie den 1RM, Ihre Maximalleistungen, den fettfreien Masseindex, VO2 max und vieles mehr.","rank_math_canonical_url":"","rank_math_robots":null,"rank_math_focus_keyword":"berechnen"},"class_list":["post-19189","page","type-page","status-publish","hentry"],"jetpack_sharing_enabled":true,"_links":{"self":[{"href":"https:\/\/dixsupps.com\/de\/wp-json\/wp\/v2\/pages\/19189","targetHints":{"allow":["GET"]}}],"collection":[{"href":"https:\/\/dixsupps.com\/de\/wp-json\/wp\/v2\/pages"}],"about":[{"href":"https:\/\/dixsupps.com\/de\/wp-json\/wp\/v2\/types\/page"}],"author":[{"embeddable":true,"href":"https:\/\/dixsupps.com\/de\/wp-json\/wp\/v2\/users\/5"}],"replies":[{"embeddable":true,"href":"https:\/\/dixsupps.com\/de\/wp-json\/wp\/v2\/comments?post=19189"}],"version-history":[{"count":2,"href":"https:\/\/dixsupps.com\/de\/wp-json\/wp\/v2\/pages\/19189\/revisions"}],"predecessor-version":[{"id":20419,"href":"https:\/\/dixsupps.com\/de\/wp-json\/wp\/v2\/pages\/19189\/revisions\/20419"}],"wp:attachment":[{"href":"https:\/\/dixsupps.com\/de\/wp-json\/wp\/v2\/media?parent=19189"}],"curies":[{"name":"wp","href":"https:\/\/api.w.org\/{rel}","templated":true}]}}