{"id":19215,"date":"2026-01-22T11:17:17","date_gmt":"2026-01-22T11:17:17","guid":{"rendered":"https:\/\/dixsupps-v2.local\/code-promo-dix-supplements-2\/"},"modified":"2026-01-22T11:17:17","modified_gmt":"2026-01-22T11:17:17","slug":"code-promo-dix-supplements","status":"publish","type":"page","link":"https:\/\/dixsupps.com\/de\/code-promo-dix-supplements\/","title":{"rendered":"Code Promo DIX Supplements"},"content":{"rendered":"<h1>AKTIONSCODE DIX SUPPLEMENTS<\/h1>\n<h2>Wir bieten dir<br \/>\nden gr\u00f6\u00dften Rabatt,<br \/>\nden du im Internet finden wirst<\/h2>\n<h2>Wenn du hier bist, suchst du wahrscheinlich einen Aktionscode f\u00fcr unsere Seite.<\/h2>\n<p>Wir kennen das Szenario auswendig: Du bist kurz davor, in unserem Shop zu bestellen, kommst zum Feld &#8222;Aktionscode&#8220;, und dann, klassischer Reflex, \u00f6ffnest du einen neuen Tab und tippst &#8222;Aktionscode Dix&#8220; oder etwas in der Art&#8230; Und schon bist du hier!<\/p>\n<p>Also lass es uns gleich sagen: <strong>Es ist unn\u00f6tig, anderswo zu suchen, auf anderen Seiten oder in den Netzwerken der Influencer, der beste Rabatt ist hier, auf unserer offiziellen Seite.<\/strong><\/p>\n<p>Warum? Weil die meisten Codes im Internet sich um 5% bewegen. Wir bieten dir ein wenig mehr: <strong>6% Sofortrabatt<\/strong> in unserem Shop. Du musst einfach nur deine E-Mail-Adresse eingeben, und du erh\u00e4ltst deinen Aktionscode in den n\u00e4chsten Minuten.<\/p>\n<p>Und um v\u00f6llig transparent zu sein: Unsere Margen sind bereits sehr gering, was Nahrungserg\u00e4nzungsmittel betrifft. Das erm\u00f6glicht es uns, unseren Kunden ein hervorragendes Preis-Leistungs-Verh\u00e4ltnis zu garantieren. Also bevor du diesen Code verwendest, frage dich, ob du ihn wirklich aktivieren m\u00f6chtest \u2014 denn jeder verwendete Code ist ein kleiner R\u00fcckschlag, damit wir dir weiterhin das Beste zum besten Preis bieten k\u00f6nnen.<\/p>\n<p>Willkommen im Team!<\/p>\n<h2>Registriere deine E-Mail, um deinen 6% Aktionscode f\u00fcr unseren offiziellen Shop zu erhalten.<\/h2>\n","protected":false},"excerpt":{"rendered":"<p>AKTIONSCODE DIX SUPPLEMENTS Wir bieten dir den gr\u00f6\u00dften Rabatt, den du im Internet finden wirst Wenn du hier bist, suchst du wahrscheinlich einen Aktionscode f\u00fcr unsere Seite. Wir kennen das Szenario auswendig: Du bist kurz davor, in unserem Shop zu bestellen, kommst zum Feld &#8222;Aktionscode&#8220;, und dann, klassischer Reflex, \u00f6ffnest du einen neuen Tab und [&hellip;]<\/p>\n","protected":false},"author":25,"featured_media":0,"parent":0,"menu_order":0,"comment_status":"closed","ping_status":"closed","template":"","meta":{"footnotes":"","rank_math_title":"Unser offizieller Dix Supps Rabattcode","rank_math_description":"Sind Sie auf der Suche nach einem Rabattcode f\u00fcr unseren Shop? Dann werden wir nett sein und Ihnen hier einen anbieten!","rank_math_canonical_url":"","rank_math_robots":"","rank_math_focus_keyword":"Aktionscode"},"class_list":["post-19215","page","type-page","status-publish","hentry"],"jetpack_sharing_enabled":true,"_links":{"self":[{"href":"https:\/\/dixsupps.com\/de\/wp-json\/wp\/v2\/pages\/19215","targetHints":{"allow":["GET"]}}],"collection":[{"href":"https:\/\/dixsupps.com\/de\/wp-json\/wp\/v2\/pages"}],"about":[{"href":"https:\/\/dixsupps.com\/de\/wp-json\/wp\/v2\/types\/page"}],"author":[{"embeddable":true,"href":"https:\/\/dixsupps.com\/de\/wp-json\/wp\/v2\/users\/25"}],"replies":[{"embeddable":true,"href":"https:\/\/dixsupps.com\/de\/wp-json\/wp\/v2\/comments?post=19215"}],"version-history":[{"count":0,"href":"https:\/\/dixsupps.com\/de\/wp-json\/wp\/v2\/pages\/19215\/revisions"}],"wp:attachment":[{"href":"https:\/\/dixsupps.com\/de\/wp-json\/wp\/v2\/media?parent=19215"}],"curies":[{"name":"wp","href":"https:\/\/api.w.org\/{rel}","templated":true}]}}