{"id":19216,"date":"2026-01-22T11:17:32","date_gmt":"2026-01-22T11:17:32","guid":{"rendered":"https:\/\/dixsupps-v2.local\/e-book-unwissenheit-wiegt-schwer\/"},"modified":"2026-01-22T11:17:32","modified_gmt":"2026-01-22T11:17:32","slug":"e-book-1","status":"publish","type":"page","link":"https:\/\/dixsupps.com\/de\/e-book-1\/","title":{"rendered":"E-BOOK &#8211; UNWISSENHEIT WIEGT SCHWER"},"content":{"rendered":"<h1>Unwissenheit wiegt schwer<\/h1>\n<h2>Umfassender Leitfaden f\u00fcr<br \/>\nGewichtsverlust<\/h2>\n<p>Registrieren Sie Ihre E-Mail, um Ihr KOSTENLOSES E-Book zu erhalten!<\/p>\n<p>[mc4wp_form id=10821]<\/p>\n<h2>Was enth\u00e4lt unser 50-seitiges E-Book?<\/h2>\n<ul>\n<li><strong>Ein umfassendes Verst\u00e4ndnis des Gewichtsverlusts<\/strong><br \/>\nEntdecken Sie die wesentlichen Grundlagen, um zu verstehen, wie Ihr K\u00f6rper funktioniert und was Ihr Gewicht wirklich beeinflusst.<\/li>\n<li><strong>Praktische und anwendbare Ratschl\u00e4ge<\/strong><br \/>\nLernen Sie, Ihre Ern\u00e4hrung, Ihre k\u00f6rperliche Aktivit\u00e4t und Ihre t\u00e4glichen Gewohnheiten zu optimieren, um Ihre Ziele zu erreichen.<\/li>\n<li><strong>Fokus auf wesentliche Themen<\/strong><br \/>\nErforschen Sie Themen wie Energieverbrauch, die Auswirkungen des Schlafs und den S\u00e4ttigungsindex f\u00fcr einen ganzheitlichen Ansatz zum Gewichtsverlust.<\/li>\n<li><strong>Tipps f\u00fcr eine effektive Umsetzung<\/strong><br \/>\nKlare und einfache Strategien, um gesunde und nachhaltige Gewohnheiten in Ihren Alltag zu integrieren.<\/li>\n<li><strong>Ein Leitfaden zu den wichtigsten Zutaten zur Fettverbrennung<\/strong><br \/>\nProfitieren Sie von spezifischen Empfehlungen zu Lebensmitteln und N\u00e4hrstoffen, die den Fettabbau f\u00f6rdern.<\/li>\n<\/ul>\n<p><img loading=\"lazy\" decoding=\"async\" src=\"https:\/\/dixsupps.com\/wp-content\/uploads\/2025\/01\/Lignorance-pese-lourd-1.png\" sizes=\"auto, (max-width: 650px) 100vw, 650px\" srcset=\"https:\/\/dixsupps.com\/wp-content\/uploads\/2025\/01\/Lignorance-pese-lourd-1.png 650w, https:\/\/dixsupps.com\/wp-content\/uploads\/2025\/01\/Lignorance-pese-lourd-1-300x300.png 300w, https:\/\/dixsupps.com\/wp-content\/uploads\/2025\/01\/Lignorance-pese-lourd-1-150x150.png 150w, https:\/\/dixsupps.com\/wp-content\/uploads\/2025\/01\/Lignorance-pese-lourd-1-12x12.png 12w, https:\/\/dixsupps.com\/wp-content\/uploads\/2025\/01\/Lignorance-pese-lourd-1-600x600.png 600w, https:\/\/dixsupps.com\/wp-content\/uploads\/2025\/01\/Lignorance-pese-lourd-1-100x100.png 100w, https:\/\/dixsupps.com\/wp-content\/uploads\/2025\/01\/Lignorance-pese-lourd-1-96x96.png 96w, https:\/\/dixsupps.com\/wp-content\/uploads\/2025\/01\/Lignorance-pese-lourd-1-42x42.png 42w\" alt=\"\" width=\"650\" height=\"650\" \/><\/p>\n","protected":false},"excerpt":{"rendered":"<p>Unwissenheit wiegt schwer Umfassender Leitfaden f\u00fcr Gewichtsverlust Registrieren Sie Ihre E-Mail, um Ihr KOSTENLOSES E-Book zu erhalten! [mc4wp_form id=10821] Was enth\u00e4lt unser 50-seitiges E-Book? Ein umfassendes Verst\u00e4ndnis des Gewichtsverlusts Entdecken Sie die wesentlichen Grundlagen, um zu verstehen, wie Ihr K\u00f6rper funktioniert und was Ihr Gewicht wirklich beeinflusst. Praktische und anwendbare Ratschl\u00e4ge Lernen Sie, Ihre Ern\u00e4hrung, [&hellip;]<\/p>\n","protected":false},"author":5,"featured_media":0,"parent":0,"menu_order":0,"comment_status":"closed","ping_status":"closed","template":"","meta":{"footnotes":"","rank_math_title":"Unser kostenloses Ebook - Unwissenheit wiegt schwer","rank_math_description":"Erhalten Sie kostenlos unser 50-seitiges E-Book \u00fcber den Stoffwechsel, die Prinzipien des K\u00f6rpers in 2 Sekunden.","rank_math_canonical_url":"","rank_math_robots":"","rank_math_focus_keyword":"hochwertige Apigenin"},"class_list":["post-19216","page","type-page","status-publish","hentry"],"jetpack_sharing_enabled":true,"_links":{"self":[{"href":"https:\/\/dixsupps.com\/de\/wp-json\/wp\/v2\/pages\/19216","targetHints":{"allow":["GET"]}}],"collection":[{"href":"https:\/\/dixsupps.com\/de\/wp-json\/wp\/v2\/pages"}],"about":[{"href":"https:\/\/dixsupps.com\/de\/wp-json\/wp\/v2\/types\/page"}],"author":[{"embeddable":true,"href":"https:\/\/dixsupps.com\/de\/wp-json\/wp\/v2\/users\/5"}],"replies":[{"embeddable":true,"href":"https:\/\/dixsupps.com\/de\/wp-json\/wp\/v2\/comments?post=19216"}],"version-history":[{"count":0,"href":"https:\/\/dixsupps.com\/de\/wp-json\/wp\/v2\/pages\/19216\/revisions"}],"wp:attachment":[{"href":"https:\/\/dixsupps.com\/de\/wp-json\/wp\/v2\/media?parent=19216"}],"curies":[{"name":"wp","href":"https:\/\/api.w.org\/{rel}","templated":true}]}}