{"id":18069,"date":"2023-02-22T14:25:48","date_gmt":"2023-02-22T14:25:48","guid":{"rendered":"https:\/\/dixsupps-v2.local\/?post_type=product&#038;p=18069"},"modified":"2026-04-14T13:03:59","modified_gmt":"2026-04-14T13:03:59","slug":"ecdysterone-kaufen","status":"publish","type":"product","link":"https:\/\/dixsupps.com\/de\/produkt\/ecdysterone-kaufen\/","title":{"rendered":"Ecdysteron"},"content":{"rendered":"","protected":false},"excerpt":{"rendered":"<ul>\n<li><span style=\"color: #0083ff;\"><strong>Hohe Konzentration (HPLC) :<\/strong><\/span> Standardisierter Extrakt mit der h\u00f6chsten Konzentration an Ecdysteron pro Kapsel in Europa<\/li>\n<li><span style=\"color: #0083ff;\"><strong>Nat\u00fcrliche Alternative :<\/strong><\/span> Stimuliert die Proteinsynthese und das Muskelwachstum ohne Einfluss auf die hormonelle Achse.<\/li>\n<li><span style=\"color: #0083ff;\"><strong>\u00dcberlegene Absorption :<\/strong> <\/span>Patentierter H-C-B-Komplex + Schwarzer Pfeffer f\u00fcr eine 5x h\u00f6here Bioverf\u00fcgbarkeit.<\/li>\n<li><span style=\"color: #0083ff;\"><strong>Kur 45 Tage :<\/strong><\/span> 90 pflanzliche Kapseln mit hoher Konzentration (1490mg pro Portion).<\/li>\n<\/ul>\n","protected":false},"featured_media":20761,"comment_status":"open","ping_status":"closed","template":"","meta":{"rank_math_title":"Ecdysterone 98% kaufen: Nat\u00fcrliches Anabolikum &amp; Franz\u00f6sisches Labor - DIX","rank_math_description":"Der Ma\u00dfstab f\u00fcr Reinheit. Konzentrierte Formel mit 98% zertifiziert durch HPLC-Test (\u00fcber dem UV-Test). Steigern Sie Ihre Kraft und Muskelvolumen auf nat\u00fcrliche Weise.","rank_math_canonical_url":"","rank_math_robots":null,"rank_math_focus_keyword":"Ecdysteron"},"product_brand":[],"product_cat":[398,396],"product_tag":[696,697,517,628],"class_list":{"0":"post-18069","1":"product","2":"type-product","3":"status-publish","4":"has-post-thumbnail","6":"product_cat-erholung","7":"product_cat-kraft","8":"product_tag-aufbau","9":"product_tag-definition-2","10":"product_tag-muskel-trocken","11":"product_tag-tonus-de","13":"first","14":"instock","15":"purchasable","16":"product-type-simple"},"jetpack_sharing_enabled":true,"_links":{"self":[{"href":"https:\/\/dixsupps.com\/de\/wp-json\/wp\/v2\/product\/18069","targetHints":{"allow":["GET"]}}],"collection":[{"href":"https:\/\/dixsupps.com\/de\/wp-json\/wp\/v2\/product"}],"about":[{"href":"https:\/\/dixsupps.com\/de\/wp-json\/wp\/v2\/types\/product"}],"replies":[{"embeddable":true,"href":"https:\/\/dixsupps.com\/de\/wp-json\/wp\/v2\/comments?post=18069"}],"wp:featuredmedia":[{"embeddable":true,"href":"https:\/\/dixsupps.com\/de\/wp-json\/wp\/v2\/media\/20761"}],"wp:attachment":[{"href":"https:\/\/dixsupps.com\/de\/wp-json\/wp\/v2\/media?parent=18069"}],"wp:term":[{"taxonomy":"product_brand","embeddable":true,"href":"https:\/\/dixsupps.com\/de\/wp-json\/wp\/v2\/product_brand?post=18069"},{"taxonomy":"product_cat","embeddable":true,"href":"https:\/\/dixsupps.com\/de\/wp-json\/wp\/v2\/product_cat?post=18069"},{"taxonomy":"product_tag","embeddable":true,"href":"https:\/\/dixsupps.com\/de\/wp-json\/wp\/v2\/product_tag?post=18069"}],"curies":[{"name":"wp","href":"https:\/\/api.w.org\/{rel}","templated":true}]}}