{"id":18070,"date":"2023-02-21T09:16:54","date_gmt":"2023-02-21T09:16:54","guid":{"rendered":"https:\/\/dixsupps-v2.local\/?post_type=product&#038;p=18070"},"modified":"2026-04-13T14:30:37","modified_gmt":"2026-04-13T14:30:37","slug":"kaufen-kapsel-shilajit","status":"publish","type":"product","link":"https:\/\/dixsupps.com\/de\/produkt\/kaufen-kapsel-shilajit\/","title":{"rendered":"Shilajit Kapseln"},"content":{"rendered":"","protected":false},"excerpt":{"rendered":"<ul>\n<li><span style=\"color: #0083ff;\"><strong>Himalaya Reinheit (Kapseln) :<\/strong> <\/span>Genie\u00dfen Sie die Kraft des wilden Shilajit ohne seinen ausgepr\u00e4gten erdigen Geschmack. Ultra-praktisches Format f\u00fcr eine vereinfachte t\u00e4gliche Anwendung.<\/li>\n<li><span style=\"color: #0083ff;\"><strong>Hohe Fulvins\u00e4ure-Konzentration :<\/strong><\/span> Standardisiert auf 50% Fulvins\u00e4ure und 12% Humins\u00e4ure + 84 Spurenelemente.<\/li>\n<li><span style=\"color: #0083ff;\"><strong>Energie &amp; Erholung :<\/strong> <\/span>Nat\u00fcrliche Unterst\u00fctzung der ATP-Produktion, des hormonellen Gleichgewichts und des Immunsystems f\u00fcr eine allgemeine Vitalit\u00e4t.<\/li>\n<li><span style=\"color: #0083ff;\"><strong>Zertifizierte Qualit\u00e4t :<\/strong> <\/span>90 pflanzliche Kapseln (3-monatige Kur). Kalt gereinigt, in einem franz\u00f6sischen Labor getestet und garantiert schwermetallfrei.<\/li>\n<\/ul>\n","protected":false},"featured_media":20767,"comment_status":"open","ping_status":"closed","template":"","meta":{"rank_math_title":"Shilajit Himalaya in Kapseln: 50% Fulvins\u00e4ure &amp; Geschmacksneutral - DIX","rank_math_description":"Die Kraft von Shilajit (5000m) in praktischer Form. Standardisierter Extrakt mit 50% Fulvins\u00e4ure. Kein Geschmack, pr\u00e4zise Dosierung. Energie &amp; Immunit\u00e4t.","rank_math_canonical_url":"","rank_math_robots":null,"rank_math_focus_keyword":"Shilajit"},"product_brand":[],"product_cat":[394,399,396],"product_tag":[829,814,703,515],"class_list":{"0":"post-18070","1":"product","2":"type-product","3":"status-publish","4":"has-post-thumbnail","6":"product_cat-ausdauer","7":"product_cat-gesundheit","8":"product_cat-kraft","9":"product_tag-energiegewinn","10":"product_tag-globale-vitalitat","11":"product_tag-hormonelles-gleichgewicht","12":"product_tag-mineralien","14":"first","15":"instock","16":"purchasable","17":"product-type-simple"},"jetpack_sharing_enabled":true,"_links":{"self":[{"href":"https:\/\/dixsupps.com\/de\/wp-json\/wp\/v2\/product\/18070","targetHints":{"allow":["GET"]}}],"collection":[{"href":"https:\/\/dixsupps.com\/de\/wp-json\/wp\/v2\/product"}],"about":[{"href":"https:\/\/dixsupps.com\/de\/wp-json\/wp\/v2\/types\/product"}],"replies":[{"embeddable":true,"href":"https:\/\/dixsupps.com\/de\/wp-json\/wp\/v2\/comments?post=18070"}],"wp:featuredmedia":[{"embeddable":true,"href":"https:\/\/dixsupps.com\/de\/wp-json\/wp\/v2\/media\/20767"}],"wp:attachment":[{"href":"https:\/\/dixsupps.com\/de\/wp-json\/wp\/v2\/media?parent=18070"}],"wp:term":[{"taxonomy":"product_brand","embeddable":true,"href":"https:\/\/dixsupps.com\/de\/wp-json\/wp\/v2\/product_brand?post=18070"},{"taxonomy":"product_cat","embeddable":true,"href":"https:\/\/dixsupps.com\/de\/wp-json\/wp\/v2\/product_cat?post=18070"},{"taxonomy":"product_tag","embeddable":true,"href":"https:\/\/dixsupps.com\/de\/wp-json\/wp\/v2\/product_tag?post=18070"}],"curies":[{"name":"wp","href":"https:\/\/api.w.org\/{rel}","templated":true}]}}