{"id":20081,"date":"2024-08-13T17:03:33","date_gmt":"2024-08-13T17:03:33","guid":{"rendered":"https:\/\/dixsupps-v2.local\/produit\/tribulus-terrestris\/"},"modified":"2026-05-04T14:35:45","modified_gmt":"2026-05-04T14:35:45","slug":"tribulus-terrestris-kaufen","status":"publish","type":"product","link":"https:\/\/dixsupps.com\/de\/produkt\/tribulus-terrestris-kaufen\/","title":{"rendered":"Tribulus Terrestris"},"content":{"rendered":"","protected":false},"excerpt":{"rendered":"<ul>\n<li><span style=\"color: #0083ff;\"><strong>Sehr hohe Konzentration:<\/strong><\/span> Gereinigter Tribulus Terrestris-Extrakt (Verh\u00e4ltnis 100:1) mit dem h\u00f6chsten Protodioscin-Gehalt in Europa<\/li>\n<li><strong><span style=\"color: #0083ff;\">Potenz &amp; Libido :<\/span><\/strong> Standardisiert auf 95% Saponine, davon 60 Protodioscin, um die m\u00e4nnliche Vitalit\u00e4t auf nat\u00fcrliche Weise zu optimieren.<\/li>\n<li><span style=\"color: #0083ff;\"><strong>Sportliche Leistung :<\/strong><\/span> Unterst\u00fctzt die sportliche Leistung dank seiner hohen Konzentration an Protodioscin.<\/li>\n<li><span style=\"color: #0083ff;\"><strong>Sicherheit : <\/strong><\/span>Garantiert ohne Mykotoxine. 120 pflanzliche Kapseln (bis zu 4 Monate Kur).<\/li>\n<\/ul>\n","protected":false},"featured_media":22198,"comment_status":"open","ping_status":"closed","template":"","meta":{"rank_math_title":"Tribulus Terrestris kaufen: 95% Saponine &amp; Libido - DIX","rank_math_description":"Ultrakonzentrierte Formel (Verh\u00e4ltnis 100:1). 95% Saponine, davon 60% Protodioscin zur Steigerung von Testosteron und Vitalit\u00e4t. Ohne Zusatzstoffe. Franz\u00f6sisches Labor.","rank_math_canonical_url":"","rank_math_robots":null,"rank_math_focus_keyword":"Tribulus terrestris"},"product_brand":[],"product_cat":[399,396],"product_tag":[630,511,631,627],"class_list":{"0":"post-20081","1":"product","2":"type-product","3":"status-publish","4":"has-post-thumbnail","6":"product_cat-gesundheit","7":"product_cat-kraft","8":"product_tag-kraft","9":"product_tag-libido-de","10":"product_tag-mannlichkeit","11":"product_tag-testosteron","13":"first","14":"instock","15":"purchasable","16":"product-type-simple"},"jetpack_sharing_enabled":true,"_links":{"self":[{"href":"https:\/\/dixsupps.com\/de\/wp-json\/wp\/v2\/product\/20081","targetHints":{"allow":["GET"]}}],"collection":[{"href":"https:\/\/dixsupps.com\/de\/wp-json\/wp\/v2\/product"}],"about":[{"href":"https:\/\/dixsupps.com\/de\/wp-json\/wp\/v2\/types\/product"}],"replies":[{"embeddable":true,"href":"https:\/\/dixsupps.com\/de\/wp-json\/wp\/v2\/comments?post=20081"}],"wp:featuredmedia":[{"embeddable":true,"href":"https:\/\/dixsupps.com\/de\/wp-json\/wp\/v2\/media\/22198"}],"wp:attachment":[{"href":"https:\/\/dixsupps.com\/de\/wp-json\/wp\/v2\/media?parent=20081"}],"wp:term":[{"taxonomy":"product_brand","embeddable":true,"href":"https:\/\/dixsupps.com\/de\/wp-json\/wp\/v2\/product_brand?post=20081"},{"taxonomy":"product_cat","embeddable":true,"href":"https:\/\/dixsupps.com\/de\/wp-json\/wp\/v2\/product_cat?post=20081"},{"taxonomy":"product_tag","embeddable":true,"href":"https:\/\/dixsupps.com\/de\/wp-json\/wp\/v2\/product_tag?post=20081"}],"curies":[{"name":"wp","href":"https:\/\/api.w.org\/{rel}","templated":true}]}}