{"id":17544,"date":"2023-02-20T15:14:34","date_gmt":"2023-02-20T15:14:34","guid":{"rendered":"https:\/\/dixsupps-v2.local\/?page_id=17544"},"modified":"2026-01-21T16:51:38","modified_gmt":"2026-01-21T16:51:38","slug":"acerca-de-es","status":"publish","type":"page","link":"https:\/\/dixsupps.com\/es\/acerca-de-es\/","title":{"rendered":"ACERCA DE"},"content":{"rendered":"<h2><strong>Empresa francesa <\/strong><\/h2>\n<p>Un equipo de apasionados, tal vez un poco demasiado, pero siempre guiados por un objetivo: desarrollar los mejores productos para verte rendir al m\u00e1s alto nivel.<\/p>\n<h3><strong>La Ciencia Como Pilar de Nuestra Experiencia<\/strong><\/h3>\n<p>Nuestro equipo de expertos <b>apasionados <\/b>se mantiene constantemente informado sobre las \u00faltimas investigaciones cient\u00edficas para ofrecerte los productos m\u00e1s eficaces.<\/p>\n<h3><strong>M\u00e1s Que Una Simple Marca de Suplementos<\/strong><\/h3>\n<p><b>\u00a1Queremos verte rendir!<\/b><br \/>\nPor eso ofrecemos productos \u00fanicos y optimizados, formulados con los mejores ingredientes y dosificaciones precisas para garantizar el m\u00e1ximo de resultados.<\/p>\n<h3><strong>Una Comunidad Dedicada al Rendimiento<\/strong><\/h3>\n<p>Tus resultados son nuestra prioridad. El n\u00famero de atletas que nos eligen no deja de crecer, y gracias al boca a boca, nuestra expansi\u00f3n supera todas nuestras expectativas. Gracias a ti \ud83e\ude75<br \/>\n#BEA10<\/p>\n<h2><strong>Estudios cient\u00edficos<\/strong><\/h2>\n<p>Nuestro proceso comienza con una comprensi\u00f3n profunda de los mecanismos fisiol\u00f3gicos. Luego, al analizar cientos de estudios cient\u00edficos, objetivamos la elecci\u00f3n de los mejores ingredientes a partir de los resultados cl\u00ednicos obtenidos.<\/p>\n<h3><strong>La calidad es la base. La eficacia es la dosificaci\u00f3n<\/strong><\/h3>\n<p>Un ingrediente de calidad mal dosificado es in\u00fatil. Nuestras f\u00f3rmulas se alinean con los umbrales de eficacia observados en la investigaci\u00f3n cl\u00ednica.<\/p>\n<h3><strong>Lo que realmente nos hace diferentes<\/strong><\/h3>\n<p>Realizamos una investigaci\u00f3n exhaustiva para identificar los ingredientes m\u00e1s eficaces. Esto puede llevar a\u00f1os, pero siempre acabamos encontrando la mejor materia prima. Al colaborar con los mejores proveedores del mundo, creamos f\u00f3rmulas \u00fanicas con una eficacia superior.<\/p>\n","protected":false},"excerpt":{"rendered":"<p>Empresa francesa Un equipo de apasionados, tal vez un poco demasiado, pero siempre guiados por un objetivo: desarrollar los mejores productos para verte rendir al m\u00e1s alto nivel. La Ciencia Como Pilar de Nuestra Experiencia Nuestro equipo de expertos apasionados se mantiene constantemente informado sobre las \u00faltimas investigaciones cient\u00edficas para ofrecerte los productos m\u00e1s eficaces. [&hellip;]<\/p>\n","protected":false},"author":4,"featured_media":0,"parent":0,"menu_order":0,"comment_status":"closed","ping_status":"closed","template":"","meta":{"footnotes":"","rank_math_title":"","rank_math_description":"","rank_math_canonical_url":"","rank_math_robots":null,"rank_math_focus_keyword":""},"class_list":["post-17544","page","type-page","status-publish","hentry"],"jetpack_sharing_enabled":true,"_links":{"self":[{"href":"https:\/\/dixsupps.com\/es\/wp-json\/wp\/v2\/pages\/17544","targetHints":{"allow":["GET"]}}],"collection":[{"href":"https:\/\/dixsupps.com\/es\/wp-json\/wp\/v2\/pages"}],"about":[{"href":"https:\/\/dixsupps.com\/es\/wp-json\/wp\/v2\/types\/page"}],"author":[{"embeddable":true,"href":"https:\/\/dixsupps.com\/es\/wp-json\/wp\/v2\/users\/4"}],"replies":[{"embeddable":true,"href":"https:\/\/dixsupps.com\/es\/wp-json\/wp\/v2\/comments?post=17544"}],"version-history":[{"count":1,"href":"https:\/\/dixsupps.com\/es\/wp-json\/wp\/v2\/pages\/17544\/revisions"}],"predecessor-version":[{"id":17800,"href":"https:\/\/dixsupps.com\/es\/wp-json\/wp\/v2\/pages\/17544\/revisions\/17800"}],"wp:attachment":[{"href":"https:\/\/dixsupps.com\/es\/wp-json\/wp\/v2\/media?parent=17544"}],"curies":[{"name":"wp","href":"https:\/\/api.w.org\/{rel}","templated":true}]}}