{"id":19278,"date":"2026-01-22T11:40:06","date_gmt":"2026-01-22T11:40:06","guid":{"rendered":"https:\/\/dixsupps-v2.local\/faq-preguntas-frecuentes\/"},"modified":"2026-01-22T11:40:06","modified_gmt":"2026-01-22T11:40:06","slug":"faq","status":"publish","type":"page","link":"https:\/\/dixsupps.com\/es\/faq\/","title":{"rendered":"FAQ \/ Preguntas frecuentes"},"content":{"rendered":"<h1 style=\"text-align: center;\">FAQ \/ Preguntas frecuentes<\/h1>\n<p>Hemos enumerado todas las preguntas m\u00e1s frecuentemente enviadas por correo electr\u00f3nico o en nuestras redes sociales sobre la actividad de DIX.<\/p>\n<h2>Preguntas sobre la entrega y los pedidos<\/h2>\n<p>\t\t\t\t\t<!-- Titre cliquable --><\/p>\n<h3>\n\t\t\t\t\t\t\t\u00bfPuedo cancelar o modificar un pedido?\t\t\t\t\t\t<\/h3>\n<p>\t\t\t\t\t<!-- Contenu --><\/p>\n<p>Si su pedido a\u00fan no ha sido procesado, tiene la posibilidad de <strong><a href=\"https:\/\/dixsupps.com\/contact\/\">contactarnos en esta p\u00e1gina<\/a><\/strong> o en la direcci\u00f3n contact@dixsupps.com para hacer su solicitud con su n\u00famero de pedido.<\/p>\n<p>Haremos todo lo posible para modificar o cancelar este \u00faltimo (y reembolsarle en este segundo caso) si el paquete no ha sido ya enviado<\/p>\n<p>\t\t\t\t\t<!-- Titre cliquable --><\/p>\n<h3>\n\t\t\t\t\t\t\t\u00bfA qu\u00e9 pa\u00edses env\u00edan?\t\t\t\t\t\t<\/h3>\n<p>\t\t\t\t\t<!-- Contenu --><\/p>\n<p>La entrega est\u00e1 disponible en las siguientes zonas:<\/p>\n<ul>\n<li><strong>Francia<\/strong>: porque nuestros productos se crean en Francia.<\/li>\n<li><strong>Europa<\/strong>: Alemania, Austria, B\u00e9lgica, Bulgaria, Chipre, Croacia, Dinamarca, Espa\u00f1a, Estonia, Finlandia, Grecia, Hungr\u00eda, Irlanda, Italia, Letonia, Lituania, Luxemburgo, Malta, Pa\u00edses Bajos, Polonia, Portugal, Rumania, Eslovaquia, Eslovenia, Suecia, Chequia.<\/li>\n<\/ul>\n<p>Tambi\u00e9n entregamos en <strong>Australia<\/strong>, en <strong>Am\u00e9rica del Norte<\/strong>, en <strong>Am\u00e9rica del Sur<\/strong> y en <strong>\u00c1frica<\/strong>.<\/p>\n<p><strong>A tener en cuenta:<\/strong> no entregamos en <strong>Asia<\/strong>.<\/p>\n<p>\t\t\t\t\t<!-- Titre cliquable --><\/p>\n<h3>\n\t\t\t\t\t\t\t\u00bfCu\u00e1les son los tiempos de entrega?\t\t\t\t\t\t<\/h3>\n<p>\t\t\t\t\t<!-- Contenu --><\/p>\n<p>Para cualquier pedido realizado en nuestro sitio oficial, los pedidos se env\u00edan en <strong>24h los d\u00edas laborables.<\/strong><\/p>\n<p>Los tiempos de entrega obviamente estar\u00e1n relacionados con su lugar de residencia, pero aqu\u00ed est\u00e1n los tiempos medios:<\/p>\n<ul>\n<li>Francia: 24\/48 horas<\/li>\n<li>Europa: 3 a 6 d\u00edas<\/li>\n<\/ul>\n<p>\t\t\t\t\t<!-- Titre cliquable --><\/p>\n<h3>\n\t\t\t\t\t\t\t\u00bfC\u00f3mo saber d\u00f3nde est\u00e1 mi pedido?\t\t\t\t\t\t<\/h3>\n<p>\t\t\t\t\t<!-- Contenu --><\/p>\n<p>Para rastrear su pedido, simplemente haga clic en el n\u00famero de seguimiento incluido en el correo electr\u00f3nico que recibir\u00e1 despu\u00e9s de su pedido.<\/p>\n<p>Este n\u00famero de seguimiento le permitir\u00e1 obtener informaci\u00f3n en tiempo real sobre la entrega de su paquete DIX!<\/p>\n<p>\t\t\t\t\t<!-- Titre cliquable --><\/p>\n<h3>\n\t\t\t\t\t\t\t\u00bfCu\u00e1l es el precio de la entrega?\t\t\t\t\t\t<\/h3>\n<p>\t\t\t\t\t<!-- Contenu --><\/p>\n<p>Los gastos de env\u00edo se calculan seg\u00fan el lugar de entrega, por lo que no podemos dec\u00edrselo con certeza, pero en su carrito puede simular el monto de su entrega incluso antes del pago.<\/p>\n<p>Sin embargo, tenga en cuenta que tiene <strong>la entrega gratuita<\/strong> a partir de montos que tambi\u00e9n pueden variar seg\u00fan el lugar de entrega, <strong>este monto comienza a partir de 70\u20ac para una entrega en Francia y en Europa.<\/strong><\/p>\n<p>\t\t\t\t\t<!-- Titre cliquable --><\/p>\n<h3>\n\t\t\t\t\t\t\tQuiero devolver mi producto, \u00bfc\u00f3mo hacerlo?\t\t\t\t\t\t<\/h3>\n<p>\t\t\t\t\t<!-- Contenu --><\/p>\n<p>Dix autoriza la devoluci\u00f3n de productos bajo las siguientes condiciones:<\/p>\n<ul>\n<li>Que el producto no haya sido abierto<\/li>\n<li>Dentro de un plazo de 30 d\u00edas a partir de la fecha de recepci\u00f3n.<\/li>\n<li>Los productos deben estar en su embalaje original y en buen estado<\/li>\n<\/ul>\n<p>Para hacerlo, <strong><a href=\"https:\/\/dixsupps.com\/contact\/\">cont\u00e1ctenos en esta p\u00e1gina<\/a><\/strong> o en la direcci\u00f3n contact@dixsupp.com sin olvidar proporcionarnos su n\u00famero de pedido. Le proporcionaremos una etiqueta de devoluci\u00f3n para presentar en el punto de recogida. Su reembolso se realizar\u00e1 despu\u00e9s de la verificaci\u00f3n del o los productos.<\/p>\n<p>\t\t\t\t\t<!-- Titre cliquable --><\/p>\n<h3>\n\t\t\t\t\t\t\t\u00bfQu\u00e9 m\u00e9todos de pago aceptan?\t\t\t\t\t\t<\/h3>\n<p>\t\t\t\t\t<!-- Contenu --><\/p>\n<p>Aceptamos los siguientes m\u00e9todos de pago:<\/p>\n<ul>\n<li>Tarjetas bancarias: Visa, Mastercard<\/li>\n<li>PayPal<\/li>\n<li>Apple Pay, Google Pay<\/li>\n<\/ul>\n<p>Todas las transacciones est\u00e1n encriptadas y son seguras para garantizar la protecci\u00f3n de sus datos.<\/p>\n<h2>Preguntas sobre los productos<\/h2>\n<p>\t\t\t\t\t<!-- Titre cliquable --><\/p>\n<h3>\n\t\t\t\t\t\t\t\u00bfQu\u00e9 tipos de productos ofrecen?\t\t\t\t\t\t<\/h3>\n<p>\t\t\t\t\t<!-- Contenu --><\/p>\n<p>DIX ofrece productos dedicados al rendimiento deportivo, la optimizaci\u00f3n f\u00edsica y el bienestar, desarrollados en Francia y formulados sobre la base de estudios cient\u00edficos rigurosos.<\/p>\n<ul>\n<li><strong>Suplementos para el rendimiento y la fuerza<\/strong>: Ecdisterona, Turkesterona, Creatina Creapure, Pre-Workout.<\/li>\n<li><strong>Suplementos naturales y adapt\u00f3genos<\/strong>: Shilajit (resina y c\u00e1psulas), Tribulus Terrestris, Rhodiola Rosea, Apigenina.<\/li>\n<li><strong>Energ\u00eda, recuperaci\u00f3n y longevidad:<\/strong> NAD+, Magnesio Zinc.<\/li>\n<li><strong>Control de peso<\/strong>: Quemador de grasa.<\/li>\n<\/ul>\n<p>Todos los productos est\u00e1n dise\u00f1ados con ingredientes premium, dosis precisas y una constante exigencia de calidad y eficacia, para acompa\u00f1ar a cada atleta hacia un rendimiento \u00f3ptimo.<\/p>\n<p>\t\t\t\t\t<!-- Titre cliquable --><\/p>\n<h3>\n\t\t\t\t\t\t\tSoy vegano, \u00bfpuedo usar sus productos?\t\t\t\t\t\t<\/h3>\n<p>\t\t\t\t\t<!-- Contenu --><\/p>\n<p>La gran mayor\u00eda de nuestros productos son veganos, ya que utilizamos c\u00e1psulas vegetales. Nuestra vitamina D tambi\u00e9n es de origen vegetal. Sin embargo, algunos productos como la prote\u00edna isolate native y los omega3 no lo son.<\/p>\n<p>\t\t\t\t\t<!-- Titre cliquable --><\/p>\n<h3>\n\t\t\t\t\t\t\t\u00bfDe d\u00f3nde provienen las materias primas de sus productos?\t\t\t\t\t\t<\/h3>\n<p>\t\t\t\t\t<!-- Contenu --><\/p>\n<p>La procedencia de nuestros ingredientes se selecciona cuidadosamente para garantizar calidad, trazabilidad y eficacia:<\/p>\n<ul>\n<li><strong>Magnesio Zinc<\/strong>: Francia.<\/li>\n<li><strong>Rhodiola Rosea<\/strong>: Siberia.<\/li>\n<li><strong>Shilajit<\/strong>: Himalaya.<\/li>\n<li><strong>Omega 3<\/strong>: Noruega.<\/li>\n<li><strong>Creatina<\/strong>: Alemania.<\/li>\n<li><strong>Tribulus Terrestris<\/strong>: Bulgaria.<\/li>\n<li><strong>NAD+<\/strong>: Francia.<\/li>\n<li><strong>Quemador de grasa<\/strong>: Francia.<\/li>\n<li><strong>Pre-Workout<\/strong>: Europa.<\/li>\n<li><strong>Ecdisterona<\/strong>: China.<\/li>\n<li><strong>Turkesterona<\/strong>: Asia Central.<\/li>\n<\/ul>\n<p>Una vez seleccionadas, todas las materias primas se analizan sistem\u00e1ticamente. En cada p\u00e1gina de producto, un informe emitido por una empresa privada independiente est\u00e1 disponible para verificar el contenido real de los activos as\u00ed como la inocuidad y la calidad sanitaria de cada suplemento.<\/p>\n<p>\t\t\t\t\t<!-- Titre cliquable --><\/p>\n<h3>\n\t\t\t\t\t\t\t\u00bfC\u00f3mo conservar los suplementos DIX?\t\t\t\t\t\t<\/h3>\n<p>\t\t\t\t\t<!-- Contenu --><\/p>\n<p>Los suplementos DIX deben conservarse en un lugar fresco, seco y protegido de la luz, para preservar su calidad y eficacia en el tiempo.<\/p>\n<p>Se recomienda cerrar bien los envases despu\u00e9s de cada uso y mantenerlos fuera del alcance de los ni\u00f1os.<\/p>\n<p><strong>Casos particulares<\/strong>: los <strong>Omega 3 y nuestro NAD+<\/strong> se deben conservar preferiblemente en el refrigerador despu\u00e9s de abrir, para garantizar una mejor estabilidad y frescura \u00f3ptima de los \u00e1cidos grasos.<\/p>\n<p>\t\t\t\t\t<!-- Titre cliquable --><\/p>\n<h3>\n\t\t\t\t\t\t\t\u00bfCu\u00e1ntos suplementos debo tomar diariamente?\t\t\t\t\t\t<\/h3>\n<p>\t\t\t\t\t<!-- Contenu --><\/p>\n<p>La cantidad de suplementos a tomar diariamente depende de cada producto. La dosificaci\u00f3n var\u00eda en funci\u00f3n de la f\u00f3rmula, la concentraci\u00f3n de los activos y el objetivo buscado.<\/p>\n<p>Las recomendaciones de uso est\u00e1n claramente indicadas en la etiqueta de cada producto. Tambi\u00e9n son accesibles escaneando el c\u00f3digo QR presente en el embalaje o directamente en nuestro sitio web, en la ficha detallada de cada producto.<\/p>\n<p>En caso de duda o situaci\u00f3n particular, tambi\u00e9n es posible contactar a nuestro equipo por correo electr\u00f3nico para obtener una respuesta personalizada.<\/p>\n<p>\t\t\t\t\t<!-- Titre cliquable --><\/p>\n<h3>\n\t\t\t\t\t\t\t\u00bfLos productos DIX est\u00e1n probados en laboratorio?\t\t\t\t\t\t<\/h3>\n<p>\t\t\t\t\t<!-- Contenu --><\/p>\n<p>Los productos DIX se prueban sistem\u00e1ticamente en laboratorio para garantizar su pureza y eficacia. Los resultados de los an\u00e1lisis est\u00e1n disponibles en la ficha de producto de cada referencia.<\/p>\n<h2>Preguntas B2B<\/h2>\n<p>\t\t\t\t\t<!-- Titre cliquable --><\/p>\n<h3>\n\t\t\t\t\t\t\t\u00bfEst\u00e1n contratando?\t\t\t\t\t\t<\/h3>\n<p>\t\t\t\t\t<!-- Contenu --><\/p>\n<p>La empresa DIX est\u00e1 en constante evoluci\u00f3n y busca expandirse ganando cada a\u00f1o nuevas cuotas de mercado.<\/p>\n<p>En esta din\u00e1mica de crecimiento, estamos regularmente en busca de perfiles motivados y apasionados, capaces de inscribirse en nuestra visi\u00f3n y nuestros valores.<\/p>\n<p>Para cualquier candidatura o contacto, es posible escribirnos directamente a trav\u00e9s de esta p\u00e1gina o consultar la p\u00e1gina dedicada al reclutamiento, donde se publican nuestras oportunidades actuales.<\/p>\n<p>\t\t\t\t\t<!-- Titre cliquable --><\/p>\n<h3>\n\t\t\t\t\t\t\t\u00bfC\u00f3mo convertirse en embajador de la marca DIX?\t\t\t\t\t\t<\/h3>\n<p>\t\t\t\t\t<!-- Contenu --><\/p>\n<p>Es posible convertirse en embajador de la marca DIX si eres un deportista confirmado o si tienes una audiencia comprometida en el universo del deporte, el rendimiento o el bienestar.<\/p>\n<p>Los perfiles apasionados, alineados con nuestros valores y que deseen representar la marca est\u00e1n invitados a contactarnos directamente por correo electr\u00f3nico contact@dixsupps.com o a visitar <a href=\"https:\/\/dixsupps.com\/ambassadeur\/\">la p\u00e1gina dedicada<\/a> para presentar una candidatura para convertirse en embajador DIX.<\/p>\n<p>\t\t\t\t\t<!-- Titre cliquable --><\/p>\n<h3>\n\t\t\t\t\t\t\t\u00bfPuedo vender suplementos DIX en mi tienda f\u00edsica o en l\u00ednea?\t\t\t\t\t\t<\/h3>\n<p>\t\t\t\t\t<!-- Contenu --><\/p>\n<p>S\u00ed, es totalmente posible convertirse en revendedor de los suplementos DIX.<\/p>\n<p>Ya sea que posea una tienda f\u00edsica, un gimnasio, un box de crossfit o un sitio de venta en l\u00ednea, se pueden implementar soluciones adaptadas para distribuir la marca.<\/p>\n<p>Para ello, simplemente contacte a nuestro equipo. Se ofrecen condiciones espec\u00edficas y tarifas preferenciales a los socios revendedores.<\/p>\n<h2>Otras preguntas<\/h2>\n<p>\t\t\t\t\t<!-- Titre cliquable --><\/p>\n<h3>\n\t\t\t\t\t\t\t\u00bfC\u00f3mo funcionan mis puntos de fidelidad?\t\t\t\t\t\t<\/h3>\n<p>\t\t\t\t\t<!-- Contenu --><\/p>\n<p>El programa de fidelidad permite acumular puntos en cada compra de productos en la tienda.<\/p>\n<p>Los puntos se asignan autom\u00e1ticamente durante la compra y se acumulan en la cuenta del cliente. No corresponden a un descuento inmediato en el monto del pedido, sino a un sistema de recompensas.<\/p>\n<p>Una vez alcanzado un cierto n\u00famero de puntos, es posible canjearlos directamente por productos gratuitos, seg\u00fan las condiciones indicadas en el sitio.<\/p>\n<p>El saldo de puntos y las recompensas disponibles se pueden consultar en cualquier momento desde el espacio del cliente.<\/p>\n<p>\t\t\t\t\t<!-- Titre cliquable --><\/p>\n<h3>\n\t\t\t\t\t\t\t\u00bfPuedo obtener un c\u00f3digo promocional DIX?\t\t\t\t\t\t<\/h3>\n<p>\t\t\t\t\t<!-- Contenu --><\/p>\n<p>S\u00ed, es totalmente posible beneficiarse de un c\u00f3digo promocional DIX.<\/p>\n<p>Simplemente visite <a href=\"https:\/\/dixsupps.com\/code-promo-dix-supplements\/\">la p\u00e1gina dedicada<\/a> para obtener el c\u00f3digo promocional m\u00e1s ventajoso actualmente disponible. Tambi\u00e9n es posible utilizar el c\u00f3digo promocional de uno de nuestros influencers si desea apoyarlo durante su pedido.<\/p>\n<p>\t\t\t\t\t<!-- Titre cliquable --><\/p>\n<h3>\n\t\t\t\t\t\t\t\u00bfHe visto sus productos en Amazon, es normal?\t\t\t\t\t\t<\/h3>\n<p>\t\t\t\t\t<!-- Contenu --><\/p>\n<p>S\u00ed, es normal. Comenzamos vendiendo en Amazon.<\/p>\n<p>Si los productos se compran a trav\u00e9s de la tienda oficial <strong>Oficial DIX<\/strong> en Amazon, se trata de nuestros productos.<\/p>\n<p>Dicho esto, generalmente es m\u00e1s ventajoso pedir directamente en nuestro sitio oficial: los precios suelen ser m\u00e1s interesantes y adem\u00e1s puede acumular puntos de fidelidad, lo que permite obtener productos gratuitos.<\/p>\n<p>\t\t\t\t\t<!-- Titre cliquable --><\/p>\n<h3>\n\t\t\t\t\t\t\t\u00bfQu\u00e9 me demuestra que no son drop-shipping?\t\t\t\t\t\t<\/h3>\n<p>\t\t\t\t\t<!-- Contenu --><\/p>\n<p>Varios elementos permiten confirmar que DIX no es una marca de drop-shipping.<\/p>\n<p>Disponemos de nuestros propios productos, distribuidos principalmente a trav\u00e9s de nuestra tienda oficial en Amazon, lo que implica una gesti\u00f3n directa de los stocks, la log\u00edstica y el servicio al cliente.<\/p>\n<p>Adem\u00e1s, nuestra empresa est\u00e1 oficialmente registrada y referenciada. La informaci\u00f3n legal es consultable libremente en <a href=\"https:\/\/www.pappers.fr\/entreprise\/dix-949673859\" target=\"_blank\" rel=\"noopener\"><strong>Pappers.fr<\/strong><\/a>, garantizando la transparencia y la existencia real de la empresa.<\/p>\n","protected":false},"excerpt":{"rendered":"<p>FAQ \/ Preguntas frecuentes Hemos enumerado todas las preguntas m\u00e1s frecuentemente enviadas por correo electr\u00f3nico o en nuestras redes sociales sobre la actividad de DIX. Preguntas sobre la entrega y los pedidos \u00bfPuedo cancelar o modificar un pedido? Si su pedido a\u00fan no ha sido procesado, tiene la posibilidad de contactarnos en esta p\u00e1gina o [&hellip;]<\/p>\n","protected":false},"author":25,"featured_media":0,"parent":0,"menu_order":0,"comment_status":"closed","ping_status":"closed","template":"","meta":{"footnotes":"","rank_math_title":"FAQ DIX | Env\u00edo, productos, pedidos y socios","rank_math_description":"Encuentra todas las respuestas a las preguntas frecuentes sobre los productos DIX, la entrega, los pedidos, la fidelidad y las colaboraciones.","rank_math_canonical_url":"","rank_math_robots":"","rank_math_focus_keyword":""},"class_list":["post-19278","page","type-page","status-publish","hentry"],"jetpack_sharing_enabled":true,"_links":{"self":[{"href":"https:\/\/dixsupps.com\/es\/wp-json\/wp\/v2\/pages\/19278","targetHints":{"allow":["GET"]}}],"collection":[{"href":"https:\/\/dixsupps.com\/es\/wp-json\/wp\/v2\/pages"}],"about":[{"href":"https:\/\/dixsupps.com\/es\/wp-json\/wp\/v2\/types\/page"}],"author":[{"embeddable":true,"href":"https:\/\/dixsupps.com\/es\/wp-json\/wp\/v2\/users\/25"}],"replies":[{"embeddable":true,"href":"https:\/\/dixsupps.com\/es\/wp-json\/wp\/v2\/comments?post=19278"}],"version-history":[{"count":0,"href":"https:\/\/dixsupps.com\/es\/wp-json\/wp\/v2\/pages\/19278\/revisions"}],"wp:attachment":[{"href":"https:\/\/dixsupps.com\/es\/wp-json\/wp\/v2\/media?parent=19278"}],"curies":[{"name":"wp","href":"https:\/\/api.w.org\/{rel}","templated":true}]}}