{"id":19279,"date":"2026-01-22T11:40:09","date_gmt":"2026-01-22T11:40:09","guid":{"rendered":"https:\/\/dixsupps-v2.local\/codigo-promo-dix-supplements\/"},"modified":"2026-01-22T11:40:09","modified_gmt":"2026-01-22T11:40:09","slug":"codigo-promo-dix-supplements","status":"publish","type":"page","link":"https:\/\/dixsupps.com\/es\/codigo-promo-dix-supplements\/","title":{"rendered":"C\u00f3digo Promo DIX Supplements"},"content":{"rendered":"<h1>CODE PROMO DIX SUPLEMENTOS<\/h1>\n<h2>Te ofrecemos<br \/>\nla mayor reducci\u00f3n<br \/>\nque encontrar\u00e1s en internet<\/h2>\n<h2>Si est\u00e1s aqu\u00ed, seguramente es porque buscas un c\u00f3digo promocional para nuestro sitio.<\/h2>\n<p>Conocemos el escenario de memoria: est\u00e1s a punto de hacer un pedido en nuestra tienda, llegas al campo \u00abc\u00f3digo promocional\u00bb, y ah\u00ed, reflejo cl\u00e1sico, abres una nueva pesta\u00f1a y escribes \u00abc\u00f3digo promocional Dix\u00bb o algo por el estilo&#8230; \u00a1Y aqu\u00ed est\u00e1s!<\/p>\n<p>As\u00ed que te lo decimos de inmediato: <strong>in\u00fatil buscar en otro lado, en otros sitios o en las redes de los influencers, el mejor descuento, est\u00e1 aqu\u00ed, en nuestro sitio oficial.<\/strong><\/p>\n<p>\u00bfPor qu\u00e9? Porque la mayor\u00eda de los c\u00f3digos disponibles en Internet rondan el 5%. Nosotros, te ofrecemos un poco m\u00e1s: <strong>6% de descuento inmediato<\/strong> en nuestra tienda. Simplemente ingresa tu direcci\u00f3n de correo electr\u00f3nico, y recibir\u00e1s tu c\u00f3digo promocional en los minutos siguientes.<\/p>\n<p>Y para ser totalmente transparentes: nuestros m\u00e1rgenes ya son muy bajos en lo que respecta a los complementos alimenticios. Es lo que nos permite garantizarte una excelente relaci\u00f3n calidad\/precio a nuestros clientes. As\u00ed que antes de usar este c\u00f3digo, preg\u00fantate si realmente quieres activarlo, porque cada c\u00f3digo usado, es un peque\u00f1o empuj\u00f3n menos para que podamos seguir ofreci\u00e9ndote lo mejor, al mejor precio.<\/p>\n<p>\u00a1Bienvenido al equipo!<\/p>\n<h2>Registra tu correo electr\u00f3nico para recibir tu c\u00f3digo promocional del 6% v\u00e1lido en nuestra tienda oficial.<\/h2>\n","protected":false},"excerpt":{"rendered":"<p>CODE PROMO DIX SUPLEMENTOS Te ofrecemos la mayor reducci\u00f3n que encontrar\u00e1s en internet Si est\u00e1s aqu\u00ed, seguramente es porque buscas un c\u00f3digo promocional para nuestro sitio. Conocemos el escenario de memoria: est\u00e1s a punto de hacer un pedido en nuestra tienda, llegas al campo \u00abc\u00f3digo promocional\u00bb, y ah\u00ed, reflejo cl\u00e1sico, abres una nueva pesta\u00f1a y [&hellip;]<\/p>\n","protected":false},"author":25,"featured_media":0,"parent":0,"menu_order":0,"comment_status":"closed","ping_status":"closed","template":"","meta":{"footnotes":"","rank_math_title":"Nuestro C\u00f3digo Promo Dix Supps OFICIAL","rank_math_description":"\u00bfEst\u00e1s buscando un c\u00f3digo promocional para nuestra tienda? \u00a1Entonces vamos a ser amables y te vamos a ofrecer uno aqu\u00ed!","rank_math_canonical_url":"","rank_math_robots":"","rank_math_focus_keyword":"c\u00f3digo promocional"},"class_list":["post-19279","page","type-page","status-publish","hentry"],"jetpack_sharing_enabled":true,"_links":{"self":[{"href":"https:\/\/dixsupps.com\/es\/wp-json\/wp\/v2\/pages\/19279","targetHints":{"allow":["GET"]}}],"collection":[{"href":"https:\/\/dixsupps.com\/es\/wp-json\/wp\/v2\/pages"}],"about":[{"href":"https:\/\/dixsupps.com\/es\/wp-json\/wp\/v2\/types\/page"}],"author":[{"embeddable":true,"href":"https:\/\/dixsupps.com\/es\/wp-json\/wp\/v2\/users\/25"}],"replies":[{"embeddable":true,"href":"https:\/\/dixsupps.com\/es\/wp-json\/wp\/v2\/comments?post=19279"}],"version-history":[{"count":0,"href":"https:\/\/dixsupps.com\/es\/wp-json\/wp\/v2\/pages\/19279\/revisions"}],"wp:attachment":[{"href":"https:\/\/dixsupps.com\/es\/wp-json\/wp\/v2\/media?parent=19279"}],"curies":[{"name":"wp","href":"https:\/\/api.w.org\/{rel}","templated":true}]}}