{"id":19281,"date":"2026-01-22T11:40:50","date_gmt":"2026-01-22T11:40:50","guid":{"rendered":"https:\/\/dixsupps-v2.local\/e-book-la-ignorancia-pesa-mucho\/"},"modified":"2026-01-22T11:40:50","modified_gmt":"2026-01-22T11:40:50","slug":"e-book-1","status":"publish","type":"page","link":"https:\/\/dixsupps.com\/es\/e-book-1\/","title":{"rendered":"E-BOOK &#8211; LA IGNORANCIA PESA MUCHO"},"content":{"rendered":"<h1>La ignorancia pesa mucho<\/h1>\n<h2>Gu\u00eda completa para<br \/>\np\u00e9rdida de peso<\/h2>\n<p>Registre su correo electr\u00f3nico para recibir su ebook GRATIS!<\/p>\n<p>[mc4wp_form id=10821]<\/p>\n<h2>\u00bfQu\u00e9 contiene nuestro EBook de 50 p\u00e1ginas?<\/h2>\n<ul>\n<li><strong>Una comprensi\u00f3n completa de la p\u00e9rdida de peso<\/strong><br \/>\nDescubra los fundamentos esenciales para entender c\u00f3mo funciona su cuerpo y qu\u00e9 influye realmente en su peso.<\/li>\n<li><strong>Consejos pr\u00e1cticos y aplicables<\/strong><br \/>\nAprenda a optimizar su alimentaci\u00f3n, su actividad f\u00edsica y sus h\u00e1bitos diarios para alcanzar sus objetivos.<\/li>\n<li><strong>Enfoque en temas esenciales<\/strong><br \/>\nExplore temas como el gasto energ\u00e9tico, el impacto del sue\u00f1o y el \u00edndice de saciedad para un enfoque hol\u00edstico de la p\u00e9rdida de peso.<\/li>\n<li><strong>Consejos para una implementaci\u00f3n efectiva<\/strong><br \/>\nEstrategias claras y simples para integrar h\u00e1bitos saludables y sostenibles en su rutina.<\/li>\n<li><strong>Una gu\u00eda sobre los ingredientes clave para quemar grasas<\/strong><br \/>\nAproveche recomendaciones espec\u00edficas sobre los alimentos y nutrientes que favorecen la p\u00e9rdida de grasa.<\/li>\n<\/ul>\n<p><img loading=\"lazy\" decoding=\"async\" src=\"https:\/\/dixsupps.com\/wp-content\/uploads\/2025\/01\/Lignorance-pese-lourd-1.png\" sizes=\"auto, (max-width: 650px) 100vw, 650px\" srcset=\"https:\/\/dixsupps.com\/wp-content\/uploads\/2025\/01\/Lignorance-pese-lourd-1.png 650w, https:\/\/dixsupps.com\/wp-content\/uploads\/2025\/01\/Lignorance-pese-lourd-1-300x300.png 300w, https:\/\/dixsupps.com\/wp-content\/uploads\/2025\/01\/Lignorance-pese-lourd-1-150x150.png 150w, https:\/\/dixsupps.com\/wp-content\/uploads\/2025\/01\/Lignorance-pese-lourd-1-12x12.png 12w, https:\/\/dixsupps.com\/wp-content\/uploads\/2025\/01\/Lignorance-pese-lourd-1-600x600.png 600w, https:\/\/dixsupps.com\/wp-content\/uploads\/2025\/01\/Lignorance-pese-lourd-1-100x100.png 100w, https:\/\/dixsupps.com\/wp-content\/uploads\/2025\/01\/Lignorance-pese-lourd-1-96x96.png 96w, https:\/\/dixsupps.com\/wp-content\/uploads\/2025\/01\/Lignorance-pese-lourd-1-42x42.png 42w\" alt=\"\" width=\"650\" height=\"650\" \/><\/p>\n","protected":false},"excerpt":{"rendered":"<p>La ignorancia pesa mucho Gu\u00eda completa para p\u00e9rdida de peso Registre su correo electr\u00f3nico para recibir su ebook GRATIS! [mc4wp_form id=10821] \u00bfQu\u00e9 contiene nuestro EBook de 50 p\u00e1ginas? Una comprensi\u00f3n completa de la p\u00e9rdida de peso Descubra los fundamentos esenciales para entender c\u00f3mo funciona su cuerpo y qu\u00e9 influye realmente en su peso. Consejos pr\u00e1cticos [&hellip;]<\/p>\n","protected":false},"author":5,"featured_media":0,"parent":0,"menu_order":0,"comment_status":"closed","ping_status":"closed","template":"","meta":{"footnotes":"","rank_math_title":"Nuestro Ebook Gratis - La ignorancia pesa mucho","rank_math_description":"Recibe gratis nuestro e-book de 50 p\u00e1ginas sobre el metabolismo, los principios del cuerpo en 2 segundos.","rank_math_canonical_url":"","rank_math_robots":"","rank_math_focus_keyword":"apigenina de alta calidad"},"class_list":["post-19281","page","type-page","status-publish","hentry"],"jetpack_sharing_enabled":true,"_links":{"self":[{"href":"https:\/\/dixsupps.com\/es\/wp-json\/wp\/v2\/pages\/19281","targetHints":{"allow":["GET"]}}],"collection":[{"href":"https:\/\/dixsupps.com\/es\/wp-json\/wp\/v2\/pages"}],"about":[{"href":"https:\/\/dixsupps.com\/es\/wp-json\/wp\/v2\/types\/page"}],"author":[{"embeddable":true,"href":"https:\/\/dixsupps.com\/es\/wp-json\/wp\/v2\/users\/5"}],"replies":[{"embeddable":true,"href":"https:\/\/dixsupps.com\/es\/wp-json\/wp\/v2\/comments?post=19281"}],"version-history":[{"count":0,"href":"https:\/\/dixsupps.com\/es\/wp-json\/wp\/v2\/pages\/19281\/revisions"}],"wp:attachment":[{"href":"https:\/\/dixsupps.com\/es\/wp-json\/wp\/v2\/media?parent=19281"}],"curies":[{"name":"wp","href":"https:\/\/api.w.org\/{rel}","templated":true}]}}