{"id":19287,"date":"2024-10-18T13:02:15","date_gmt":"2024-10-18T13:02:15","guid":{"rendered":"https:\/\/dixsupps-v2.local\/calculadora-de-ganancia-de-masa-muscular\/"},"modified":"2026-01-26T18:01:27","modified_gmt":"2026-01-26T18:01:27","slug":"calculadora-de-ganancia-de-masa-muscular","status":"publish","type":"page","link":"https:\/\/dixsupps.com\/es\/calculadora-de-ganancia-de-masa-muscular\/","title":{"rendered":"Calculadora de ganancia de masa muscular"},"content":{"rendered":"<h2>\u00bfPor qu\u00e9 calcular su potencial muscular m\u00e1ximo?<\/h2>\n<p>Simplemente para establecer objetivos que no sean poco realistas. Para ello, usted <strong>debe conocer sus l\u00edmites gen\u00e9ticos<\/strong> y su pleno <strong>potencial muscular m\u00e1ximo<\/strong>. Porque cada individuo tiene el suyo y esto le permite no desanimarse al comparar sus progresos con otros practicantes que podr\u00edan tener capacidades gen\u00e9ticas diferentes.<\/p>\n<blockquote><p>Conocer su pleno potencial es tenerse a uno mismo como modelo y as\u00ed medir mejor su progreso.<\/p><\/blockquote>\n<p>Otra ventaja de calcular este valor es que le ayuda a planificar eficazmente sus entrenamientos. Si conoce su objetivo a alcanzar naturalmente, podr\u00e1 estructurar sus sesiones para maximizar sus ganancias sin exponerse a riesgos innecesarios que podr\u00edan llevar a una lesi\u00f3n y as\u00ed ralentizar su progreso.<\/p>\n<h2>\u00bfC\u00f3mo usar el calculador?<\/h2>\n<p>El <strong>calculador de potencial muscular<\/strong> fue creado por nuestro equipo a partir de investigaciones cient\u00edficas y ecuaciones que permiten calcularlo de manera, c\u00f3mo decirlo&#8230; \u00a1un poco m\u00e1s complicada! Aqu\u00ed est\u00e1 c\u00f3mo usarlo f\u00e1cilmente: Seleccione su sexo en el men\u00fa desplegable. Luego, ingrese su peso actual, expresado en kilogramos o libras seg\u00fan su preferencia. Contin\u00fae indicando su porcentaje de grasa corporal. Para conocer este valor de manera precisa, puede usar un calibrador de pliegues cut\u00e1neos o una balanza de bioimpedancia para obtener esta medida. De lo contrario, puede referirse a esta foto a continuaci\u00f3n y estimar su tasa. <img loading=\"lazy\" decoding=\"async\" src=\"https:\/\/dixsupps.com\/wp-content\/uploads\/2025\/02\/taux-masse-grasse-photo-homme-femme.jpg\" alt=\"taux de masse grasse en photo homme femme\" width=\"1024\" height=\"575\" \/> Luego, mida la <strong>circunferencia de su mu\u00f1eca<\/strong> y de su <strong>tobillo<\/strong>. Le aconsejamos el uso de una cinta m\u00e9trica flexible que ser\u00e1 m\u00e1s precisa. Para la mu\u00f1eca, mida el espacio entre el hueso prominente y la mano. Para el tobillo, mida entre el hueso del tobillo y el comienzo del m\u00fasculo de la pantorrilla. Finalmente, ingrese su altura en cent\u00edmetros o en pies y pulgadas. Una vez que todos los datos est\u00e9n ingresados, el calculador genera autom\u00e1ticamente sus resultados. Estos incluyen su <strong>masa corporal magra<\/strong> (LBM), su <strong>peso alcanzable<\/strong>, y la <strong>masa grasa<\/strong>. Estos resultados le dan una estimaci\u00f3n realista de lo que puede alcanzar con un <i>entrenamiento y una nutrici\u00f3n adecuados<\/i>. Si debe tomar medidas varias veces al a\u00f1o, piense en tomarlas al mismo tiempo del d\u00eda y en las mismas condiciones para no distorsionar sus valores<\/p>\n<div class=\"dix-script\" id=\"dix-script-19172\" data-script-id=\"19172\" data-type=\"calculator\" data-subtype=\"\" data-config='{&quot;type&quot;:&quot;calculator&quot;,&quot;subtype&quot;:&quot;&quot;}'><div class=\"dix-script__container\"><div class=\"calculator-container\">\r\n    <div class=\"calculator__layout\">\r\n        <!-- Colonne gauche : Inputs -->\r\n        <div class=\"calculator__panel calculator__panel--inputs\">\r\n            <h2 class=\"calculator__title\">Calculadora de Potencial de Ganancia Muscular<\/h2>\r\n            \r\n            <label class=\"calculator__label\">Sexo<\/label>\r\n            <select id=\"sex\" class=\"calculator__select\">\r\n                <option value=\"male\">Hombre<\/option>\r\n                <option value=\"female\">Mujer<\/option>\r\n            <\/select>\r\n            \r\n            <label class=\"calculator__label\">Peso : <span class=\"calculator__label-value\" id=\"weightValue\">74<\/span> kg<\/label>\r\n            <input type=\"range\" id=\"weight\" class=\"calculator__range\" min=\"40\" max=\"150\" value=\"74\">\r\n            \r\n            <label class=\"calculator__label\">Porcentaje de grasa corporal : <span class=\"calculator__label-value\" id=\"bodyFatValue\">13<\/span> %<\/label>\r\n            <input type=\"range\" id=\"bodyFat\" class=\"calculator__range\" min=\"5\" max=\"50\" value=\"13\">\r\n            \r\n            <label class=\"calculator__label\">Circunferencia de la mu\u00f1eca : <span class=\"calculator__label-value\" id=\"wristValue\">17<\/span> cm<\/label>\r\n            <input type=\"range\" id=\"wrist\" class=\"calculator__range\" min=\"10\" max=\"25\" value=\"17\">\r\n            \r\n            <label class=\"calculator__label\">Circunferencia del tobillo : <span class=\"calculator__label-value\" id=\"ankleValue\">21<\/span> cm<\/label>\r\n            <input type=\"range\" id=\"ankle\" class=\"calculator__range\" min=\"15\" max=\"30\" value=\"21\">\r\n            \r\n            <label class=\"calculator__label\">Altura : <span class=\"calculator__label-value\" id=\"heightValue\">174<\/span> cm<\/label>\r\n            <input type=\"range\" id=\"height\" class=\"calculator__range\" min=\"140\" max=\"210\" value=\"174\">\r\n        <\/div>\r\n\r\n        <!-- Colonne droite : R\u00e9sultats -->\r\n        <div class=\"calculator__panel calculator__panel--results\">\r\n            <!-- Partage social -->\r\n            <div class=\"calculator__share\" style=\"border-top: none;padding-top: 0;margin-top: 0;margin-bottom: 1.5rem\">\r\n                <h4 class=\"calculator__share-title\">Comparte tus resultados<\/h4>\r\n                <div class=\"calculator__share-buttons\">\r\n                    <button onclick=\"shareOnTwitter()\" class=\"calculator__share-btn calculator__share-btn--twitter\">\r\n                        <svg xmlns=\"http:\/\/www.w3.org\/2000\/svg\" width=\"24\" height=\"24\" viewBox=\"0 0 24 24\" fill=\"none\" stroke=\"currentColor\"><path d=\"M22 4s-.7 2.1-2 3.4c1.6 10-9.4 17.3-18 11.6 2.2.1 4.4-.6 6-2C3 15.5.5 9.6 3 5c2.2 2.6 5.6 4.1 9 4-.9-4.2 4-6.6 7-3.8 1.1 0 3-1.2 3-1.2z\"><\/path><\/svg>\r\n                    <\/button>\r\n                    <button onclick=\"shareOnWhatsApp()\" class=\"calculator__share-btn calculator__share-btn--whatsapp\">\r\n                        <svg xmlns=\"http:\/\/www.w3.org\/2000\/svg\" width=\"24\" height=\"24\" viewBox=\"0 0 24 24\" fill=\"none\" stroke=\"currentColor\"><path d=\"M21 11.5a8.38 8.38 0 0 1-.9 3.8 8.5 8.5 0 0 1-7.6 4.7 8.38 8.38 0 0 1-3.8-.9L3 21l1.9-5.7a8.38 8.38 0 0 1-.9-3.8 8.5 8.5 0 0 1 4.7-7.6 8.38 8.38 0 0 1 3.8-.9h.5a8.48 8.48 0 0 1 8 8v.5z\"><\/path><\/svg>\r\n                    <\/button>\r\n                    <button onclick=\"shareViaEmail()\" class=\"calculator__share-btn calculator__share-btn--email\">\r\n                        <svg xmlns=\"http:\/\/www.w3.org\/2000\/svg\" width=\"24\" height=\"24\" viewBox=\"0 0 24 24\" fill=\"none\" stroke=\"currentColor\"><path d=\"M4 4h16c1.1 0 2 .9 2 2v12c0 1.1-.9 2-2 2H4c-1.1 0-2-.9-2-2V6c0-1.1.9-2 2-2z\"><\/path><polyline points=\"22,6 12,13 2,6\"><\/polyline><\/svg>\r\n                    <\/button>\r\n                    <button onclick=\"copyToClipboard()\" class=\"calculator__share-btn calculator__share-btn--copy\">\r\n                        <svg xmlns=\"http:\/\/www.w3.org\/2000\/svg\" width=\"24\" height=\"24\" viewBox=\"0 0 24 24\" fill=\"none\" stroke=\"currentColor\"><path d=\"M16 4h2a2 2 0 0 1 2 2v14a2 2 0 0 1-2 2H6a2 2 0 0 1-2-2V6a2 2 0 0 1 2-2h2\"><\/path><rect x=\"8\" y=\"2\" width=\"8\" height=\"4\" rx=\"1\" ry=\"1\"><\/rect><\/svg>\r\n                        <span class=\"calculator__copy-feedback\" id=\"copyText\"><\/span>\r\n                    <\/button>\r\n                <\/div>\r\n            <\/div>\r\n            \r\n            <h4 class=\"calculator__results-title\">Resultados de tu potencial<\/h4>\r\n            <div id=\"result\"><\/div>\r\n        <\/div>\r\n    <\/div>\r\n    \r\n    <!-- Messages de partage (cach\u00e9s) -->\r\n    <div id=\"share-messages\" style=\"display: none\">\r\n        <span id=\"share-text-part1\">He calculado mi potencial m\u00e1ximo alcanzable en musculaci\u00f3n : <\/span>\r\n        <span id=\"share-text-part2\">kg con un LBM de <\/span>\r\n        <span id=\"share-text-part3\">kg y una masa grasa de <\/span>\r\n        <span id=\"share-text-part4\">kg. \u00a1Calcula tu potencial m\u00e1ximo siguiendo este enlace!<\/span>\r\n        <span id=\"share-subject\">Mi potencial m\u00e1ximo en musculaci\u00f3n<\/span>\r\n    <\/div>\r\n<\/div><\/div><\/div>\n<p><strong>Nuestros otros calculadores<\/strong> Despu\u00e9s de calcular su potencial es importante conocer otros valores para sus entrenamientos. As\u00ed le proponemos <strong><a href=\"https:\/\/dixsupps.com\/es\/1-repeticion-maxima-calculadora-culturismo\/\">calcular su 1 repetici\u00f3n m\u00e1xima en musculaci\u00f3n<\/a><\/strong> que le permitir\u00e1 conocer qu\u00e9 carga ideal poner para impactar lo suficiente su m\u00fasculo mientras reduce los riesgos de lesi\u00f3n, pero tambi\u00e9n <strong><a href=\"https:\/\/dixsupps.com\/es\/cual-es-mi-indice-de-masa-magra\/\">su porcentaje de masa grasa<\/a><\/strong> y <strong><a href=\"https:\/\/dixsupps.com\/es\/calculadora-de-metabolismo-basal\/\">calcular el n\u00famero de calor\u00edas de su metabolismo basal<\/a>.<\/strong><\/p>\n<h2>Interpretar su resultado: valores de referencia<\/h2>\n<p>Aqu\u00ed est\u00e1 c\u00f3mo entender los resultados del calculador. Ya sea que usted sea hombre o mujer, los resultados se interpretar\u00e1n de la misma manera desde un punto de vista te\u00f3rico. La tabla de resultados le dar\u00e1, seg\u00fan los valores ingresados, su m\u00e1ximo alcanzable (entramos en m\u00e1s profundidad en el resto del art\u00edculo) si todos los par\u00e1metros est\u00e1n a su favor, y resultados m\u00e1s realistas en los que obviamente deber\u00eda basarse m\u00e1s. As\u00ed tendr\u00e1 una idea de valores como su peso, su masa grasa, la circunferencia de su torso a nivel del pecho\/pectorales, de la cintura, de las caderas, de los brazos, antebrazos y finalmente pantorrillas. El calculador tambi\u00e9n le dar\u00e1 el resultado de su LBM en el que entraremos en detalle. <img loading=\"lazy\" decoding=\"async\" src=\"https:\/\/dixsupps.com\/wp-content\/uploads\/2024\/06\/calcul-max-muscle-2-1024x574.webp\" sizes=\"auto, (max-width: 800px) 100vw, 800px\" srcset=\"https:\/\/dixsupps.com\/wp-content\/uploads\/2024\/06\/calcul-max-muscle-2-1024x574.webp 1024w, https:\/\/dixsupps.com\/wp-content\/uploads\/2024\/06\/calcul-max-muscle-2-600x336.webp 600w, https:\/\/dixsupps.com\/wp-content\/uploads\/2024\/06\/calcul-max-muscle-2-300x168.webp 300w, https:\/\/dixsupps.com\/wp-content\/uploads\/2024\/06\/calcul-max-muscle-2-768x430.webp 768w, https:\/\/dixsupps.com\/wp-content\/uploads\/2024\/06\/calcul-max-muscle-2-18x10.webp 18w, https:\/\/dixsupps.com\/wp-content\/uploads\/2024\/06\/calcul-max-muscle-2-1320x740.webp 1320w, https:\/\/dixsupps.com\/wp-content\/uploads\/2024\/06\/calcul-max-muscle-2.webp 1456w\" alt=\"\" width=\"800\" height=\"448\" \/><\/p>\n<h2>\u00bfQu\u00e9 es el LBM? \u00bfC\u00f3mo se calcula?<\/h2>\n<p>El <strong>LBM (Lean Body Mass)<\/strong>, tambi\u00e9n llamado masa corporal magra, representa la cantidad de peso que tiene sin incluir la grasa corporal. Es una medida importante para los atletas y aficionados al fitness como nosotros, ya que permite entender de qu\u00e9 cantidad de peso est\u00e1 compuesto su cuerpo de m\u00fasculos, huesos, agua y otros tejidos magros. Para calcular el LBM en nuestro calculador, hemos utilizado la siguiente f\u00f3rmula que es la m\u00e1s utilizada:<\/p>\n<pre><code>LBM = 0.407 * circunferencia de la mu\u00f1eca + 0.267 * circunferencia del tobillo + 0.287 * altura + 8.875<\/code><\/pre>\n<p>Supongamos que tenemos tres perfiles diferentes:<\/p>\n<ul>\n<li><strong>Perfil 1:<\/strong> altura de 174 cm, mu\u00f1eca de 17 cm, tobillo de 21 cm<\/li>\n<li><strong>Perfil 2:<\/strong> altura de 180 cm, mu\u00f1eca de 20 cm, tobillo de 25 cm<\/li>\n<li><strong>Perfil 3:<\/strong> altura de 184 cm, mu\u00f1eca de 18 cm, tobillo de 23 cm<\/li>\n<\/ul>\n<p>Para el <strong>Perfil 1<\/strong>:<\/p>\n<pre><code>LBM = 0.407 * 17 + 0.267 * 21 + 0.287 * 174 + 8.875 = 70.29 kg (154.96 lbs)<\/code><\/pre>\n<p>Para el <strong>Perfil 2<\/strong>:<\/p>\n<pre><code>LBM = 0.407 * 20 + 0.267 * 25 + 0.287 * 180 + 8.875 = 81.25 kg (179.10 lbs)<\/code><\/pre>\n<p>Para el <strong>Perfil 3<\/strong>:<\/p>\n<pre><code>LBM = 0.407 * 18 + 0.267 * 23 + 0.287 * 184 + 8.875 = 77.70 kg (171.30 lbs)<\/code><\/pre>\n<p><img loading=\"lazy\" decoding=\"async\" src=\"https:\/\/dixsupps.com\/wp-content\/uploads\/2024\/06\/calcul-max-muscle-3-1024x574.webp\" sizes=\"auto, (max-width: 800px) 100vw, 800px\" srcset=\"https:\/\/dixsupps.com\/wp-content\/uploads\/2024\/06\/calcul-max-muscle-3-1024x574.webp 1024w, https:\/\/dixsupps.com\/wp-content\/uploads\/2024\/06\/calcul-max-muscle-3-600x336.webp 600w, https:\/\/dixsupps.com\/wp-content\/uploads\/2024\/06\/calcul-max-muscle-3-300x168.webp 300w, https:\/\/dixsupps.com\/wp-content\/uploads\/2024\/06\/calcul-max-muscle-3-768x430.webp 768w, https:\/\/dixsupps.com\/wp-content\/uploads\/2024\/06\/calcul-max-muscle-3-18x10.webp 18w, https:\/\/dixsupps.com\/wp-content\/uploads\/2024\/06\/calcul-max-muscle-3-1320x740.webp 1320w, https:\/\/dixsupps.com\/wp-content\/uploads\/2024\/06\/calcul-max-muscle-3.webp 1456w\" alt=\"\" width=\"800\" height=\"448\" \/><\/p>\n<h2>\u00bfQu\u00e9 es el peso alcanzable?<\/h2>\n<p>El <strong>peso alcanzable<\/strong> representa el peso m\u00e1ximo que puede alcanzar de manera realista sin recurrir a esteroides y m\u00e1ximo, si todos los par\u00e1metros est\u00e1n a su favor. Esto sigue siendo una estimaci\u00f3n, pero es esencial para establecer objetivos de peso y m\u00fasculo realistas, y para evitar establecer expectativas poco realistas que podr\u00edan llevar nuevamente a la frustraci\u00f3n. El culturismo ya es una disciplina bastante frustrante, \u00a1basta con verlo cuando dejamos de entrenar algunas semanas!<\/p>\n<h3>\u00bfC\u00f3mo se calcula?<\/h3>\n<p>El c\u00e1lculo del peso alcanzable se ha calculado a partir de los valores de su <strong>Lean Body Mass (LBM).<\/strong> Luego, se ajusta esta masa magra en funci\u00f3n del <strong>porcentaje de grasa corporal \u00f3ptimo<\/strong> para obtener el peso alcanzable. Por ejemplo, si su LBM es de 70 kg y el porcentaje de grasa corporal \u00f3ptimo es del 10 %, el peso alcanzable se calcula ajustando esta LBM para incluir este porcentaje de grasa.<\/p>\n<h2>\u00bfQu\u00e9 es la masa grasa?<\/h2>\n<p>En cuanto a la <strong>masa grasa,<\/strong> la hemos definido como la diferencia entre su peso total y su masa corporal magra (LBM). Por lo tanto, obviamente representar\u00e1 la cantidad total de grasa en su cuerpo, incluida la grasa esencial y la grasa de almacenamiento.<\/p>\n<h3>\u00bfC\u00f3mo se calcula?<\/h3>\n<p>El m\u00e9todo de c\u00e1lculo de la masa grasa es simple: basta con <strong>restar la LBM de su peso total. <\/strong> Por ejemplo, si su peso total es de 80 kg y su LBM es de 65 kg, entonces su masa grasa es de 15 kg. Sin embargo, tenga en cuenta que la masa grasa juega un papel importante en la salud: un porcentaje de grasa demasiado alto puede aumentar los riesgos de enfermedades cardiovasculares, diabetes y otros problemas de salud. Por el contrario, un porcentaje de grasa demasiado bajo puede afectar las funciones hormonales y el sistema inmunol\u00f3gico.<\/p>\n","protected":false},"excerpt":{"rendered":"<p>\u00bfPor qu\u00e9 calcular su potencial muscular m\u00e1ximo? Simplemente para establecer objetivos que no sean poco realistas. Para ello, usted debe conocer sus l\u00edmites gen\u00e9ticos y su pleno potencial muscular m\u00e1ximo. Porque cada individuo tiene el suyo y esto le permite no desanimarse al comparar sus progresos con otros practicantes que podr\u00edan tener capacidades gen\u00e9ticas diferentes. [&hellip;]<\/p>\n","protected":false},"author":25,"featured_media":20410,"parent":0,"menu_order":0,"comment_status":"closed","ping_status":"closed","template":"","meta":{"footnotes":"","rank_math_title":"\u00bfC\u00f3mo calcular su masa muscular m\u00e1xima?","rank_math_description":"Calcula gratis y en pocos segundos la masa muscular m\u00e1xima que podr\u00edas alcanzar.","rank_math_canonical_url":"","rank_math_robots":null,"rank_math_focus_keyword":""},"class_list":["post-19287","page","type-page","status-publish","has-post-thumbnail","hentry"],"jetpack_sharing_enabled":true,"_links":{"self":[{"href":"https:\/\/dixsupps.com\/es\/wp-json\/wp\/v2\/pages\/19287","targetHints":{"allow":["GET"]}}],"collection":[{"href":"https:\/\/dixsupps.com\/es\/wp-json\/wp\/v2\/pages"}],"about":[{"href":"https:\/\/dixsupps.com\/es\/wp-json\/wp\/v2\/types\/page"}],"author":[{"embeddable":true,"href":"https:\/\/dixsupps.com\/es\/wp-json\/wp\/v2\/users\/25"}],"replies":[{"embeddable":true,"href":"https:\/\/dixsupps.com\/es\/wp-json\/wp\/v2\/comments?post=19287"}],"version-history":[{"count":1,"href":"https:\/\/dixsupps.com\/es\/wp-json\/wp\/v2\/pages\/19287\/revisions"}],"predecessor-version":[{"id":20559,"href":"https:\/\/dixsupps.com\/es\/wp-json\/wp\/v2\/pages\/19287\/revisions\/20559"}],"wp:featuredmedia":[{"embeddable":true,"href":"https:\/\/dixsupps.com\/es\/wp-json\/wp\/v2\/media\/20410"}],"wp:attachment":[{"href":"https:\/\/dixsupps.com\/es\/wp-json\/wp\/v2\/media?parent=19287"}],"curies":[{"name":"wp","href":"https:\/\/api.w.org\/{rel}","templated":true}]}}