{"id":19289,"date":"2024-08-20T06:41:46","date_gmt":"2024-08-20T06:41:46","guid":{"rendered":"https:\/\/dixsupps-v2.local\/nuestros-calculadores-de-rendimiento-deportivo\/"},"modified":"2026-01-25T17:37:50","modified_gmt":"2026-01-25T17:37:50","slug":"nuestros-calculadores-de-rendimiento-deportivo","status":"publish","type":"page","link":"https:\/\/dixsupps.com\/es\/nuestros-calculadores-de-rendimiento-deportivo\/","title":{"rendered":"Calculadores"},"content":{"rendered":"<h2>\u00bfPor qu\u00e9 es importante medir tu rendimiento en fitness y musculaci\u00f3n?<\/h2>\n<p>S\u00f3lo se puede mejorar lo que se mide. Es un principio fundamental que se aplica perfectamente al fitness y la musculaci\u00f3n, porque sin mediciones precisas, es imposible saber si est\u00e1s en el camino correcto o si est\u00e1s estancado.<br \/>\n\u00bfTe imaginas navegando sin br\u00fajula ni mapa? Frustrante e ineficaz, \u00bfverdad?<\/p>\n<p>Sin embargo, eso es lo que hacen muchas personas al descuidar <strong>cuantificar su progreso<\/strong> en su recorrido fitness. En realidad, seguir tu rendimiento te permite ver concretamente tus avances, lo cual es un verdadero impulso de motivaci\u00f3n. Es esa peque\u00f1a chispa que te empuja a continuar cuando tienes ganas de rendirte. \u00a1Porque s\u00ed, a veces pensamos que no hemos progresado, y basta con volver a mirar nuestras m\u00e9tricas para darnos cuenta de que estamos evolucionando.<\/p>\n<p>Pero eso no es todo. Las mediciones tambi\u00e9n te ayudan a <strong>establecer objetivos realistas<\/strong>. No de esos objetivos disparatados como \u00abQuiero parecerme a un culturista profesional en 3 meses\u00bb <i>(a menos que hayas descubierto una poci\u00f3n m\u00e1gica, en cuyo caso, \u00a1comp\u00e1rtela!)<\/i>. No, estamos hablando de objetivos adaptados a tu nivel y a tu progreso real.<\/p>\n<p>Es aqu\u00ed donde nuestros calculadores entran en juego. Estas herramientas valiosas te permiten seguir tu progreso con exactitud, sin necesidad de un doctorado en ciencias del deporte. Ya sea para estimar tu potencial muscular o evaluar tu condici\u00f3n cardiovascular, estos calculadores son tus mejores aliados para un entrenamiento optimizado.<\/p>\n<blockquote><p>\u00abLo que se mide, mejora\u00bb dec\u00eda Peter Drucker.<\/p><\/blockquote>\n<p>Aqu\u00ed est\u00e1n nuestros calculadores para tener datos b\u00e1sicos para tu evoluci\u00f3n.<\/p>\n<p><img loading=\"lazy\" decoding=\"async\" src=\"https:\/\/dixsupps.com\/wp-content\/uploads\/2025\/02\/proteine-whey-calculator.webp\" sizes=\"auto, (max-width: 1456px) 100vw, 1456px\" srcset=\"https:\/\/dixsupps.com\/wp-content\/uploads\/2025\/02\/proteine-whey-calculator.webp 1456w, https:\/\/dixsupps.com\/wp-content\/uploads\/2025\/02\/proteine-whey-calculator-300x168.webp 300w, https:\/\/dixsupps.com\/wp-content\/uploads\/2025\/02\/proteine-whey-calculator-1024x574.webp 1024w, https:\/\/dixsupps.com\/wp-content\/uploads\/2025\/02\/proteine-whey-calculator-768x430.webp 768w, https:\/\/dixsupps.com\/wp-content\/uploads\/2025\/02\/proteine-whey-calculator-18x10.webp 18w, https:\/\/dixsupps.com\/wp-content\/uploads\/2025\/02\/proteine-whey-calculator-600x336.webp 600w, https:\/\/dixsupps.com\/wp-content\/uploads\/2025\/02\/proteine-whey-calculator-96x54.webp 96w, https:\/\/dixsupps.com\/wp-content\/uploads\/2025\/02\/proteine-whey-calculator-42x24.webp 42w\" alt=\"Calculador de prote\u00edna diaria\" width=\"1456\" height=\"816\" \/><\/p>\n<h2>Calculador de Necesidades de Whey<\/h2>\n<p data-start=\"42\" data-end=\"286\">\u00bfTe preguntas cu\u00e1ntas prote\u00ednas consumir cada d\u00eda para optimizar tu rendimiento y recuperaci\u00f3n? Nuestro calculador te da una respuesta precisa en funci\u00f3n de tu peso, nivel de actividad y objetivos.<\/p>\n<p data-start=\"288\" data-end=\"323\">Gracias a esta herramienta, podr\u00e1s:<\/p>\n<ul>\n<li data-start=\"325\" data-end=\"497\">Determinar tus necesidades diarias de prote\u00ednas<\/li>\n<li data-start=\"325\" data-end=\"497\">Optimizar la distribuci\u00f3n entre alimentaci\u00f3n y suplementos<\/li>\n<li data-start=\"325\" data-end=\"497\">Ajustar tu consumo para resultados \u00f3ptimos<\/li>\n<\/ul>\n<p data-start=\"499\" data-end=\"613\" data-is-last-node=\"\" data-is-only-node=\"\">\u00a1Se acabaron las aproximaciones! Obt\u00e9n en pocos segundos tu dosis ideal para una nutrici\u00f3n deportiva eficaz. \ud83d\udcaa<\/p>\n<p><a href=\"https:\/\/dixsupps.com\/es\/calculadora-de-cantidad-de-proteina-whey\/\"><br \/>\nCalculador Cantidad de prote\u00edna diaria<br \/>\n<\/a><br \/>\n<img loading=\"lazy\" decoding=\"async\" src=\"https:\/\/dixsupps.com\/wp-content\/uploads\/2024\/10\/masse-maigre.webp\" sizes=\"auto, (max-width: 1456px) 100vw, 1456px\" srcset=\"https:\/\/dixsupps.com\/wp-content\/uploads\/2024\/10\/masse-maigre.webp 1456w, https:\/\/dixsupps.com\/wp-content\/uploads\/2024\/10\/masse-maigre-300x168.webp 300w, https:\/\/dixsupps.com\/wp-content\/uploads\/2024\/10\/masse-maigre-1024x574.webp 1024w, https:\/\/dixsupps.com\/wp-content\/uploads\/2024\/10\/masse-maigre-768x430.webp 768w, https:\/\/dixsupps.com\/wp-content\/uploads\/2024\/10\/masse-maigre-18x10.webp 18w, https:\/\/dixsupps.com\/wp-content\/uploads\/2024\/10\/masse-maigre-600x336.webp 600w\" alt=\"Calculador Masa magra\" width=\"1456\" height=\"816\" \/><\/p>\n<h2>Calculador de \u00cdndice de Masa Magra (IMM)<\/h2>\n<p>El \u00cdndice de Masa Magra (IMM) es una herramienta de medici\u00f3n que va m\u00e1s all\u00e1 de la simple relaci\u00f3n peso-talla. Te ofrece <b>una visi\u00f3n precisa de tu composici\u00f3n corporal<\/b>, destacando tu masa muscular en lugar de tu peso total.<\/p>\n<p>A diferencia de su primo el IMC, el IMM no te etiquetar\u00e1 de \u00abcon sobrepeso\u00bb solo porque has desarrollado tus m\u00fasculos. <i>(\u00a1S\u00ed, el IMC puede ser un poco terco a veces!)<\/i> Es particularmente \u00fatil para ustedes, los deportistas, que tienden a tener una <strong>masa muscular m\u00e1s importante<\/strong> que la media.<\/p>\n<p>El IMM tiene en cuenta tu porcentaje de grasa corporal, lo que lo hace mucho m\u00e1s relevante para evaluar tu condici\u00f3n f\u00edsica real. Te permite seguir tu progreso en musculaci\u00f3n sin ser enga\u00f1ado por las fluctuaciones de peso que pueden deberse a un aumento de m\u00fasculo en lugar de grasa.<\/p>\n<p><a href=\"https:\/\/dixsupps.com\/es\/cual-es-mi-indice-de-masa-magra\/\"><br \/>\nCalculador \u00cdndice de masa magra<br \/>\n<\/a><br \/>\n<img loading=\"lazy\" decoding=\"async\" src=\"https:\/\/dixsupps.com\/wp-content\/uploads\/2024\/10\/1RM-calcul.webp\" sizes=\"auto, (max-width: 1456px) 100vw, 1456px\" srcset=\"https:\/\/dixsupps.com\/wp-content\/uploads\/2024\/10\/1RM-calcul.webp 1456w, https:\/\/dixsupps.com\/wp-content\/uploads\/2024\/10\/1RM-calcul-300x168.webp 300w, https:\/\/dixsupps.com\/wp-content\/uploads\/2024\/10\/1RM-calcul-1024x574.webp 1024w, https:\/\/dixsupps.com\/wp-content\/uploads\/2024\/10\/1RM-calcul-768x430.webp 768w, https:\/\/dixsupps.com\/wp-content\/uploads\/2024\/10\/1RM-calcul-18x10.webp 18w, https:\/\/dixsupps.com\/wp-content\/uploads\/2024\/10\/1RM-calcul-600x336.webp 600w\" alt=\"Calculador 1RM\" width=\"1456\" height=\"816\" \/><\/p>\n<h2>calculador 1 Repetici\u00f3n M\u00e1xima (1RM)<\/h2>\n<p>La 1 Repetici\u00f3n M\u00e1xima (1RM) es la piedra angular de todo programa de musculaci\u00f3n serio. Representa la carga m\u00e1xima que puedes levantar una sola vez con una t\u00e9cnica correcta.<\/p>\n<p>Conocer tu 1RM es como tener una estimaci\u00f3n valiosa para tu entrenamiento. Este calculador te permite estimar este valor m\u00e1ximo sin arriesgarte a lesionarte al intentar levantar pesos demasiado pesados. O entonces \u00ab<em>perder tiempo\u00bb<\/em> con cargas demasiado bajas.<\/p>\n<p>Con esta informaci\u00f3n en mano, puedes <strong>optimizar tus sesiones<\/strong> eligiendo las cargas adecuadas para tus objetivos espec\u00edficos. Ya sea que busques fuerza pura, hipertrofia o resistencia muscular, el 1RM es uno de los valores m\u00e1s importantes para tu entrenamiento.<\/p>\n<p><a href=\"https:\/\/dixsupps.com\/es\/1-repeticion-maxima-calculadora-culturismo\/\"><br \/>\nCalculador repetici\u00f3n m\u00e1x (1RM)<br \/>\n<\/a><br \/>\n<img loading=\"lazy\" decoding=\"async\" src=\"https:\/\/dixsupps.com\/wp-content\/uploads\/2024\/10\/VO2-max.webp\" sizes=\"auto, (max-width: 1456px) 100vw, 1456px\" srcset=\"https:\/\/dixsupps.com\/wp-content\/uploads\/2024\/10\/VO2-max.webp 1456w, https:\/\/dixsupps.com\/wp-content\/uploads\/2024\/10\/VO2-max-300x168.webp 300w, https:\/\/dixsupps.com\/wp-content\/uploads\/2024\/10\/VO2-max-1024x574.webp 1024w, https:\/\/dixsupps.com\/wp-content\/uploads\/2024\/10\/VO2-max-768x430.webp 768w, https:\/\/dixsupps.com\/wp-content\/uploads\/2024\/10\/VO2-max-18x10.webp 18w, https:\/\/dixsupps.com\/wp-content\/uploads\/2024\/10\/VO2-max-600x336.webp 600w\" alt=\"Calculador VO2 Max\" width=\"1456\" height=\"816\" \/><\/p>\n<h2>Calculador VO2 Max<\/h2>\n<p>El VO2 Max es un valor importante de la resistencia cardiovascular. Representa la capacidad m\u00e1xima de tu cuerpo para utilizar el ox\u00edgeno durante el esfuerzo, un indicador de tu forma f\u00edsica global.<\/p>\n<p>Al estimar tu consumo m\u00e1ximo de ox\u00edgeno, te ofrece un <strong>valioso panorama de tu condici\u00f3n cardiovascular<\/strong>.<\/p>\n<p>Conocer tu VO2 Max te permite:<\/p>\n<ul>\n<li>Establecer objetivos de entrenamiento realistas<\/li>\n<li>Seguir tu progreso a lo largo del tiempo<\/li>\n<li>Adaptar tu programa para maximizar tus ganancias en resistencia<\/li>\n<\/ul>\n<p>Ya seas un corredor apasionado o simplemente desees mejorar tu salud cardiovascular, este calculador es tu aliado para alcanzar nuevas cumbres de resistencia.<\/p>\n<p><a href=\"https:\/\/dixsupps.com\/es\/calculadora-de-vo2-max\/\"><br \/>\nCalculador VO2 MAX<br \/>\n<\/a><br \/>\n<img loading=\"lazy\" decoding=\"async\" src=\"https:\/\/dixsupps.com\/wp-content\/uploads\/2024\/10\/perf-max.webp\" sizes=\"auto, (max-width: 1456px) 100vw, 1456px\" srcset=\"https:\/\/dixsupps.com\/wp-content\/uploads\/2024\/10\/perf-max.webp 1456w, https:\/\/dixsupps.com\/wp-content\/uploads\/2024\/10\/perf-max-300x168.webp 300w, https:\/\/dixsupps.com\/wp-content\/uploads\/2024\/10\/perf-max-1024x574.webp 1024w, https:\/\/dixsupps.com\/wp-content\/uploads\/2024\/10\/perf-max-768x430.webp 768w, https:\/\/dixsupps.com\/wp-content\/uploads\/2024\/10\/perf-max-18x10.webp 18w, https:\/\/dixsupps.com\/wp-content\/uploads\/2024\/10\/perf-max-600x336.webp 600w\" alt=\"Calculador Ganancia Muscular\" width=\"1456\" height=\"816\" \/><\/p>\n<h2>calculador de potencial de ganancia muscular<\/h2>\n<p>El calculador de potencial de ganancia muscular estima los l\u00edmites naturales de tu desarrollo muscular. Te ofrece una proyecci\u00f3n realista de tu capacidad para ganar m\u00fasculo, basada en tus caracter\u00edsticas f\u00edsicas \u00fanicas.<\/p>\n<p>Usando datos como tu altura y peso, estima tu <strong>masa corporal magra (LBM)<\/strong> y tu <strong>peso alcanzable<\/strong>. Esta informaci\u00f3n es crucial para establecer objetivos realistas y evitar desilusiones.<\/p>\n<p>Los beneficios son m\u00faltiples: puedes optimizar tu programa de entrenamiento, adaptar tu nutrici\u00f3n y mantener una perspectiva a largo plazo en tu recorrido. <i>(\u00a1Roma no se construy\u00f3 en un d\u00eda, tu f\u00edsico de ensue\u00f1o tampoco!)<\/i><\/p>\n<p><a href=\"https:\/\/dixsupps.com\/es\/calculadora-de-ganancia-de-masa-muscular\/\"><br \/>\nCalculador Potencial muscular m\u00e1ximo<br \/>\n<\/a><br \/>\n<img loading=\"lazy\" decoding=\"async\" src=\"https:\/\/dixsupps.com\/wp-content\/uploads\/2024\/10\/Creatine-2-1024x574.webp\" sizes=\"auto, (max-width: 800px) 100vw, 800px\" srcset=\"https:\/\/dixsupps.com\/wp-content\/uploads\/2024\/10\/Creatine-2-1024x574.webp 1024w, https:\/\/dixsupps.com\/wp-content\/uploads\/2024\/10\/Creatine-2-300x168.webp 300w, https:\/\/dixsupps.com\/wp-content\/uploads\/2024\/10\/Creatine-2-768x430.webp 768w, https:\/\/dixsupps.com\/wp-content\/uploads\/2024\/10\/Creatine-2-18x10.webp 18w, https:\/\/dixsupps.com\/wp-content\/uploads\/2024\/10\/Creatine-2-600x336.webp 600w, https:\/\/dixsupps.com\/wp-content\/uploads\/2024\/10\/Creatine-2-96x54.webp 96w, https:\/\/dixsupps.com\/wp-content\/uploads\/2024\/10\/Creatine-2-42x24.webp 42w, https:\/\/dixsupps.com\/wp-content\/uploads\/2024\/10\/Creatine-2.webp 1456w\" alt=\"\" width=\"800\" height=\"448\" \/><\/p>\n<h2>Calculador Dosificaci\u00f3n Creatina<\/h2>\n<p>La creatina es uno de los suplementos m\u00e1s efectivos para mejorar tu rendimiento deportivo. Juega un papel preponderante en la producci\u00f3n de energ\u00eda muscular y la recuperaci\u00f3n, un elemento clave para optimizar tus resultados.<br \/>\nAl analizar tus caracter\u00edsticas individuales, te ofrece una <strong>recomendaci\u00f3n personalizada de dosificaci\u00f3n basada en la ciencia<\/strong>.<br \/>\nConocer tu dosificaci\u00f3n \u00f3ptima te permite:<\/p>\n<ul>\n<li>Maximizar tus ganancias en fuerza y masa muscular<\/li>\n<li>Optimizar tu recuperaci\u00f3n entre sesiones<\/li>\n<li>Adaptar tu suplementaci\u00f3n seg\u00fan tu perfil \u00fanico<\/li>\n<\/ul>\n<p>Ya seas un atleta de fuerza, un practicante de CrossFit o simplemente desees mejorar tu rendimiento, este calculador es tu gu\u00eda para una suplementaci\u00f3n efectiva y personalizada.<\/p>\n<p><a href=\"https:\/\/dixsupps.com\/es\/cuanta-creatina-al-dia\/\"><br \/>\nCalculador dosis creatina<br \/>\n<\/a><br \/>\n<img loading=\"lazy\" decoding=\"async\" src=\"https:\/\/dixsupps.com\/wp-content\/uploads\/2025\/01\/calculateur-metabolisme.webp\" sizes=\"auto, (max-width: 1456px) 100vw, 1456px\" srcset=\"https:\/\/dixsupps.com\/wp-content\/uploads\/2025\/01\/calculateur-metabolisme.webp 1456w, https:\/\/dixsupps.com\/wp-content\/uploads\/2025\/01\/calculateur-metabolisme-300x168.webp 300w, https:\/\/dixsupps.com\/wp-content\/uploads\/2025\/01\/calculateur-metabolisme-1024x574.webp 1024w, https:\/\/dixsupps.com\/wp-content\/uploads\/2025\/01\/calculateur-metabolisme-768x430.webp 768w, https:\/\/dixsupps.com\/wp-content\/uploads\/2025\/01\/calculateur-metabolisme-18x10.webp 18w, https:\/\/dixsupps.com\/wp-content\/uploads\/2025\/01\/calculateur-metabolisme-600x336.webp 600w, https:\/\/dixsupps.com\/wp-content\/uploads\/2025\/01\/calculateur-metabolisme-96x54.webp 96w, https:\/\/dixsupps.com\/wp-content\/uploads\/2025\/01\/calculateur-metabolisme-42x24.webp 42w\" alt=\"Calculador de metabolismo basal\" width=\"1456\" height=\"816\" \/><\/p>\n<h2>Calculador Metabolismo basal<\/h2>\n<p data-start=\"46\" data-end=\"274\">Tu metabolismo basal (BMR) es la cantidad de energ\u00eda que tu cuerpo gasta en reposo. Conocer este valor es esencial para ajustar tu alimentaci\u00f3n seg\u00fan tus objetivos: aumento de masa, mantenimiento o p\u00e9rdida de peso.<\/p>\n<p data-start=\"276\" data-end=\"316\">Gracias a este calculador, podr\u00e1s:<\/p>\n<ul>\n<li data-start=\"318\" data-end=\"489\">Adaptar tu ingesta cal\u00f3rica a tus necesidades reales<\/li>\n<li data-start=\"318\" data-end=\"489\">Optimizar tu nutrici\u00f3n y recuperaci\u00f3n<\/li>\n<li data-start=\"318\" data-end=\"489\">Evitar errores alimentarios y gestionar mejor tu energ\u00eda<\/li>\n<\/ul>\n<p data-start=\"491\" data-end=\"618\" data-is-last-node=\"\" data-is-only-node=\"\">\u00a1Una herramienta indispensable para todos aquellos que quieren maximizar su rendimiento y alcanzar sus objetivos m\u00e1s eficazmente!<\/p>\n<p><a href=\"https:\/\/dixsupps.com\/es\/calculadora-de-metabolismo-basal\/\"><br \/>\nCalculador Metabolismo basal<br \/>\n<\/a><\/p>\n","protected":false},"excerpt":{"rendered":"<p>\u00bfPor qu\u00e9 es importante medir tu rendimiento en fitness y musculaci\u00f3n? S\u00f3lo se puede mejorar lo que se mide. Es un principio fundamental que se aplica perfectamente al fitness y la musculaci\u00f3n, porque sin mediciones precisas, es imposible saber si est\u00e1s en el camino correcto o si est\u00e1s estancado. \u00bfTe imaginas navegando sin br\u00fajula ni [&hellip;]<\/p>\n","protected":false},"author":5,"featured_media":0,"parent":0,"menu_order":0,"comment_status":"closed","ping_status":"closed","template":"","meta":{"footnotes":"","rank_math_title":"Calcular su rendimiento deportivo y de fitness","rank_math_description":"Encuentra todos nuestros calculadores deportivos como el 1RM, tus m\u00e1ximas prestaciones, \u00edndice de masa magra, VO2 max y mucho m\u00e1s.","rank_math_canonical_url":"","rank_math_robots":null,"rank_math_focus_keyword":"calcular"},"class_list":["post-19289","page","type-page","status-publish","hentry"],"jetpack_sharing_enabled":true,"_links":{"self":[{"href":"https:\/\/dixsupps.com\/es\/wp-json\/wp\/v2\/pages\/19289","targetHints":{"allow":["GET"]}}],"collection":[{"href":"https:\/\/dixsupps.com\/es\/wp-json\/wp\/v2\/pages"}],"about":[{"href":"https:\/\/dixsupps.com\/es\/wp-json\/wp\/v2\/types\/page"}],"author":[{"embeddable":true,"href":"https:\/\/dixsupps.com\/es\/wp-json\/wp\/v2\/users\/5"}],"replies":[{"embeddable":true,"href":"https:\/\/dixsupps.com\/es\/wp-json\/wp\/v2\/comments?post=19289"}],"version-history":[{"count":2,"href":"https:\/\/dixsupps.com\/es\/wp-json\/wp\/v2\/pages\/19289\/revisions"}],"predecessor-version":[{"id":20429,"href":"https:\/\/dixsupps.com\/es\/wp-json\/wp\/v2\/pages\/19289\/revisions\/20429"}],"wp:attachment":[{"href":"https:\/\/dixsupps.com\/es\/wp-json\/wp\/v2\/media?parent=19289"}],"curies":[{"name":"wp","href":"https:\/\/api.w.org\/{rel}","templated":true}]}}