{"id":19292,"date":"2024-08-19T11:43:29","date_gmt":"2024-08-19T11:43:29","guid":{"rendered":"https:\/\/dixsupps-v2.local\/calculadora-de-1-repeticion-maxima-1-rm-en-musculacion\/"},"modified":"2026-01-26T19:15:56","modified_gmt":"2026-01-26T19:15:56","slug":"1-repeticion-maxima-calculadora-culturismo","status":"publish","type":"page","link":"https:\/\/dixsupps.com\/es\/1-repeticion-maxima-calculadora-culturismo\/","title":{"rendered":"Calculadora de 1 Repetici\u00f3n M\u00e1xima (1 RM) en musculaci\u00f3n"},"content":{"rendered":"\n<p><\/p>\n","protected":false},"excerpt":{"rendered":"","protected":false},"author":4,"featured_media":20409,"parent":0,"menu_order":0,"comment_status":"closed","ping_status":"closed","template":"","meta":{"footnotes":"","rank_math_title":"\u00bfC\u00f3mo calcular 1 RM (repetici\u00f3n m\u00e1xima) en musculaci\u00f3n?","rank_math_description":"Calcula gratis y en pocos segundos tu repetici\u00f3n m\u00e1xima en tu ejercicio de musculaci\u00f3n","rank_math_canonical_url":"","rank_math_robots":null,"rank_math_focus_keyword":""},"class_list":["post-19292","page","type-page","status-publish","has-post-thumbnail","hentry"],"jetpack_sharing_enabled":true,"_links":{"self":[{"href":"https:\/\/dixsupps.com\/es\/wp-json\/wp\/v2\/pages\/19292","targetHints":{"allow":["GET"]}}],"collection":[{"href":"https:\/\/dixsupps.com\/es\/wp-json\/wp\/v2\/pages"}],"about":[{"href":"https:\/\/dixsupps.com\/es\/wp-json\/wp\/v2\/types\/page"}],"author":[{"embeddable":true,"href":"https:\/\/dixsupps.com\/es\/wp-json\/wp\/v2\/users\/4"}],"replies":[{"embeddable":true,"href":"https:\/\/dixsupps.com\/es\/wp-json\/wp\/v2\/comments?post=19292"}],"version-history":[{"count":4,"href":"https:\/\/dixsupps.com\/es\/wp-json\/wp\/v2\/pages\/19292\/revisions"}],"predecessor-version":[{"id":20589,"href":"https:\/\/dixsupps.com\/es\/wp-json\/wp\/v2\/pages\/19292\/revisions\/20589"}],"wp:featuredmedia":[{"embeddable":true,"href":"https:\/\/dixsupps.com\/es\/wp-json\/wp\/v2\/media\/20409"}],"wp:attachment":[{"href":"https:\/\/dixsupps.com\/es\/wp-json\/wp\/v2\/media?parent=19292"}],"curies":[{"name":"wp","href":"https:\/\/api.w.org\/{rel}","templated":true}]}}