{"id":18386,"date":"2023-11-27T08:19:32","date_gmt":"2023-11-27T08:19:32","guid":{"rendered":"https:\/\/dixsupps-v2.local\/?post_type=product&#038;p=18386"},"modified":"2026-04-01T14:51:14","modified_gmt":"2026-04-01T14:51:14","slug":"camiseta-deporte-dix","status":"publish","type":"product","link":"https:\/\/dixsupps.com\/es\/producto\/camiseta-deporte-dix\/","title":{"rendered":"Camiseta DIX Sport"},"content":{"rendered":"<p id=\"tw-target-text\" class=\"tw-data-text tw-text-large tw-ta\" dir=\"ltr\" data-placeholder=\"Traduction\" data-ved=\"2ahUKEwjOu7CE3-OCAxVBTKQEHVRDDgcQ3ewLegQIBRAQ\"><span class=\"Y2IQFc\" lang=\"fr\">Esta camiseta deportiva est\u00e1 confeccionada en un material negro transpirable y suave, asegurando la comodidad durante los entrenamientos. El logotipo emblem\u00e1tico DIX adorna el pecho izquierdo en colores vivos, a\u00f1adiendo un toque de estilo. Los marcadores reflectantes en los brazos y los lados ofrecen visibilidad en condiciones de poca luz, mejorando as\u00ed la seguridad. El detalle de la cremallera 1\/4 a\u00f1ade versatilidad, permitiendo regular f\u00e1cilmente la temperatura corporal durante actividades intensas. <\/span><\/p>\n<p>Esta camiseta a\u00f1ade un toque de elegancia a tu atuendo deportivo. Ya sea en el gimnasio, al aire libre o simplemente en movimiento, esta camiseta te acompa\u00f1ar\u00e1 con estilo. Realiza un m\u00e1ximo de movimientos a lo largo de tu entrenamiento gracias a su material ligero, transpirable y el\u00e1stico.<\/p>\n","protected":false},"excerpt":{"rendered":"<ul>\n<li><strong>Tecnolog\u00eda Transpirable &amp; Dry-Fit :<\/strong> Tejido t\u00e9cnico de alto rendimiento que evacua el sudor para mantenerte seco incluso en las sesiones m\u00e1s intensas.<\/li>\n<li><strong>Libertad de Movimiento :<\/strong> Dise\u00f1o ultrael\u00e1stico con cremallera 1\/4 para una regulaci\u00f3n t\u00e9rmica personalizada y una comodidad total en todos tus ejercicios.<\/li>\n<li><strong>Corte Atl\u00e9tico (Slim Fit) :<\/strong> Dise\u00f1o ajustado que realza tu figura mientras permanece extremadamente suave en la piel para evitar irritaciones.<\/li>\n<li><strong>Seguridad &amp; Detalles Premium :<\/strong> Marcadores reflectantes en los brazos para una visibilidad \u00f3ptima en exteriores y logo DIX de alta durabilidad.<\/li>\n<\/ul>\n","protected":false},"featured_media":10194,"comment_status":"open","ping_status":"closed","template":"","meta":{"rank_math_title":"Camiseta de fitness para hombre: Transpirable - El\u00e1stico - Antitranspirante","rank_math_description":"Esta camiseta a\u00f1ade un toque de elegancia a tu atuendo deportivo. Ya sea que est\u00e9s en el gimnasio, al aire libre o simplemente de viaje.","rank_math_canonical_url":"","rank_math_robots":null,"rank_math_focus_keyword":"Camiseta de fitness para hombre"},"product_brand":[],"product_cat":[413],"product_tag":[],"class_list":{"0":"post-18386","1":"product","2":"type-product","3":"status-publish","4":"has-post-thumbnail","6":"product_cat-equipamiento","8":"first","9":"instock","10":"purchasable","11":"product-type-variable","12":"has-default-attributes"},"jetpack_sharing_enabled":true,"_links":{"self":[{"href":"https:\/\/dixsupps.com\/es\/wp-json\/wp\/v2\/product\/18386","targetHints":{"allow":["GET"]}}],"collection":[{"href":"https:\/\/dixsupps.com\/es\/wp-json\/wp\/v2\/product"}],"about":[{"href":"https:\/\/dixsupps.com\/es\/wp-json\/wp\/v2\/types\/product"}],"replies":[{"embeddable":true,"href":"https:\/\/dixsupps.com\/es\/wp-json\/wp\/v2\/comments?post=18386"}],"wp:featuredmedia":[{"embeddable":true,"href":"https:\/\/dixsupps.com\/es\/wp-json\/wp\/v2\/media\/10194"}],"wp:attachment":[{"href":"https:\/\/dixsupps.com\/es\/wp-json\/wp\/v2\/media?parent=18386"}],"wp:term":[{"taxonomy":"product_brand","embeddable":true,"href":"https:\/\/dixsupps.com\/es\/wp-json\/wp\/v2\/product_brand?post=18386"},{"taxonomy":"product_cat","embeddable":true,"href":"https:\/\/dixsupps.com\/es\/wp-json\/wp\/v2\/product_cat?post=18386"},{"taxonomy":"product_tag","embeddable":true,"href":"https:\/\/dixsupps.com\/es\/wp-json\/wp\/v2\/product_tag?post=18386"}],"curies":[{"name":"wp","href":"https:\/\/api.w.org\/{rel}","templated":true}]}}