{"id":18387,"date":"2024-01-12T17:54:53","date_gmt":"2024-01-12T17:54:53","guid":{"rendered":"https:\/\/dixsupps-v2.local\/?post_type=product&#038;p=18387"},"modified":"2026-04-07T14:45:55","modified_gmt":"2026-04-07T14:45:55","slug":"comprar-rhodiola-rosea","status":"publish","type":"product","link":"https:\/\/dixsupps.com\/es\/producto\/comprar-rhodiola-rosea\/","title":{"rendered":"Rhodiola Rosea"},"content":{"rendered":"","protected":false},"excerpt":{"rendered":"<ul>\n<li><span style=\"color: #0083ff;\"><strong>Eficiencia Rhodiolife\u00ae :<\/strong> <\/span>Extracto patentado de Siberia estandarizado al 5% de Rosavinas y 1.8% Salidrosida, la concentraci\u00f3n m\u00e1s alta del mercado.<\/li>\n<li><span style=\"color: #0083ff;\"><strong>Potente Deportivo :<\/strong><\/span> Ayuda al organismo a optimizar el rendimiento deportivo y a disminuir la percepci\u00f3n del esfuerzo<\/li>\n<li><span style=\"color: #0083ff;\"><strong>Mental &amp; Concentraci\u00f3n :<\/strong> <\/span>Mejora la concentraci\u00f3n, las capacidades cognitivas y ayuda a regular naturalmente el nivel de cortisol.<\/li>\n<li><span style=\"color: #0083ff;\"><strong>Absorci\u00f3n DRcaps\u00ae :<\/strong> <\/span>90 c\u00e1psulas de liberaci\u00f3n retardada para proteger los activos de la acidez g\u00e1strica (Tratamiento de 3 meses).<\/li>\n<\/ul>\n","protected":false},"featured_media":22718,"comment_status":"open","ping_status":"closed","template":"","meta":{"rank_math_title":"Comprar Rhodiola Rosea Rhodiolife\u00ae: Antiestr\u00e9s Potente - DIX","rank_math_description":"Extracto patentado Rhodiolife\u00ae (5% Rosavinas). Planta adapt\u00f3gena para reducir el estr\u00e9s, la fatiga y mejorar la concentraci\u00f3n. 90 c\u00e1psulas. Laboratorio Franc\u00e9s.","rank_math_canonical_url":"","rank_math_robots":null,"rank_math_focus_keyword":"Comprar Rhodiola Rosea"},"product_brand":[],"product_cat":[416,412,417],"product_tag":[452,451,573,865],"class_list":{"0":"post-18387","1":"product","2":"type-product","3":"status-publish","4":"has-post-thumbnail","6":"product_cat-recuperacion","7":"product_cat-resistencia","8":"product_cat-salud","9":"product_tag-antiestres","10":"product_tag-antifatiga","11":"product_tag-mental-de-acero","12":"product_tag-serenidad","14":"first","15":"instock","16":"purchasable","17":"product-type-simple"},"jetpack_sharing_enabled":true,"_links":{"self":[{"href":"https:\/\/dixsupps.com\/es\/wp-json\/wp\/v2\/product\/18387","targetHints":{"allow":["GET"]}}],"collection":[{"href":"https:\/\/dixsupps.com\/es\/wp-json\/wp\/v2\/product"}],"about":[{"href":"https:\/\/dixsupps.com\/es\/wp-json\/wp\/v2\/types\/product"}],"replies":[{"embeddable":true,"href":"https:\/\/dixsupps.com\/es\/wp-json\/wp\/v2\/comments?post=18387"}],"wp:featuredmedia":[{"embeddable":true,"href":"https:\/\/dixsupps.com\/es\/wp-json\/wp\/v2\/media\/22718"}],"wp:attachment":[{"href":"https:\/\/dixsupps.com\/es\/wp-json\/wp\/v2\/media?parent=18387"}],"wp:term":[{"taxonomy":"product_brand","embeddable":true,"href":"https:\/\/dixsupps.com\/es\/wp-json\/wp\/v2\/product_brand?post=18387"},{"taxonomy":"product_cat","embeddable":true,"href":"https:\/\/dixsupps.com\/es\/wp-json\/wp\/v2\/product_cat?post=18387"},{"taxonomy":"product_tag","embeddable":true,"href":"https:\/\/dixsupps.com\/es\/wp-json\/wp\/v2\/product_tag?post=18387"}],"curies":[{"name":"wp","href":"https:\/\/api.w.org\/{rel}","templated":true}]}}