{"id":18388,"date":"2023-09-30T05:50:22","date_gmt":"2023-09-30T05:50:22","guid":{"rendered":"https:\/\/dixsupps-v2.local\/?post_type=product&#038;p=18388"},"modified":"2026-04-07T14:46:05","modified_gmt":"2026-04-07T14:46:05","slug":"comprar-apigenina","status":"publish","type":"product","link":"https:\/\/dixsupps.com\/es\/producto\/comprar-apigenina\/","title":{"rendered":"Apigenina"},"content":{"rendered":"","protected":false},"excerpt":{"rendered":"<div class=\"n4sEPd\">\n<div class=\"QFw9Te BLojaf\">\n<ul>\n<li class=\"NQSJo\"><span class=\"jCAhz\"><span class=\"ryNqvb\"><span style=\"color: #0083ff;\"><strong>Sue\u00f1o:<\/strong><\/span> Extracto natural de flor de manzanilla concentrado a 100 mg de apigenina por c\u00e1psula.<\/span><\/span><\/li>\n<li class=\"NQSJo\"><span class=\"jCAhz ChMk0b\"><span class=\"ryNqvb\"><strong><span style=\"color: #0083ff;\">Recuperaci\u00f3n:<\/span><\/strong> Favorece el sue\u00f1o natural activando los receptores GABA sin causar dependencia.<\/span><\/span><\/li>\n<li class=\"NQSJo\"><span class=\"jCAhz ChMk0b\"><span class=\"ryNqvb\"><span style=\"color: #0083ff;\"><strong>Bioflavonoide:<\/strong><\/span> Potente antioxidante que protege las c\u00e9lulas y reduce la degradaci\u00f3n de NAD+.<\/span><\/span><\/li>\n<li class=\"NQSJo\"><span class=\"jCAhz ChMk0b\"><span class=\"ryNqvb\"><strong><span style=\"color: #0083ff;\">Cura de 3 meses:<\/span><\/strong> 90 c\u00e1psulas vegetales de alta absorci\u00f3n para una tranquilidad nocturna duradera.<\/span><\/span><\/li>\n<\/ul>\n<\/div>\n<\/div>\n<p style=\"text-align: left;\">\n","protected":false},"featured_media":20704,"comment_status":"open","ping_status":"closed","template":"","meta":{"rank_math_title":"Comprar Apigenina 100mg: Sue\u00f1o Reparador &amp; Laboratorio Franc\u00e9s - DIX","rank_math_description":"Extracto 100% natural de flor de manzanilla (no sint\u00e9tico). 100 mg de Apigenina pura para dormir mejor y reducir el estr\u00e9s. Sin adicci\u00f3n. Stock Francia.","rank_math_canonical_url":"","rank_math_robots":null,"rank_math_focus_keyword":"Apigenina"},"product_brand":[],"product_cat":[416,417],"product_tag":[455,456,684],"class_list":{"0":"post-18388","1":"product","2":"type-product","3":"status-publish","4":"has-post-thumbnail","6":"product_cat-recuperacion","7":"product_cat-salud","8":"product_tag-calma-mental","9":"product_tag-cerebro","10":"product_tag-sueno","12":"first","13":"instock","14":"purchasable","15":"product-type-simple"},"jetpack_sharing_enabled":true,"_links":{"self":[{"href":"https:\/\/dixsupps.com\/es\/wp-json\/wp\/v2\/product\/18388","targetHints":{"allow":["GET"]}}],"collection":[{"href":"https:\/\/dixsupps.com\/es\/wp-json\/wp\/v2\/product"}],"about":[{"href":"https:\/\/dixsupps.com\/es\/wp-json\/wp\/v2\/types\/product"}],"replies":[{"embeddable":true,"href":"https:\/\/dixsupps.com\/es\/wp-json\/wp\/v2\/comments?post=18388"}],"wp:featuredmedia":[{"embeddable":true,"href":"https:\/\/dixsupps.com\/es\/wp-json\/wp\/v2\/media\/20704"}],"wp:attachment":[{"href":"https:\/\/dixsupps.com\/es\/wp-json\/wp\/v2\/media?parent=18388"}],"wp:term":[{"taxonomy":"product_brand","embeddable":true,"href":"https:\/\/dixsupps.com\/es\/wp-json\/wp\/v2\/product_brand?post=18388"},{"taxonomy":"product_cat","embeddable":true,"href":"https:\/\/dixsupps.com\/es\/wp-json\/wp\/v2\/product_cat?post=18388"},{"taxonomy":"product_tag","embeddable":true,"href":"https:\/\/dixsupps.com\/es\/wp-json\/wp\/v2\/product_tag?post=18388"}],"curies":[{"name":"wp","href":"https:\/\/api.w.org\/{rel}","templated":true}]}}