{"id":18390,"date":"2023-03-07T21:49:40","date_gmt":"2023-03-07T21:49:40","guid":{"rendered":"https:\/\/dixsupps-v2.local\/?post_type=product&#038;p=18390"},"modified":"2026-04-01T14:44:26","modified_gmt":"2026-04-01T14:44:26","slug":"comprar-zma","status":"publish","type":"product","link":"https:\/\/dixsupps.com\/es\/producto\/comprar-zma\/","title":{"rendered":"Magnesio Zinc"},"content":{"rendered":"","protected":false},"excerpt":{"rendered":"<ul>\n<li><span style=\"color: #0083ff;\"><strong>Absorci\u00f3n M\u00e1xima (Tr\u00edo Premium) :<\/strong> <\/span>Complejo \u00fanico de Bisglicinato quelado, Malato y Citrato de Magnesio para una biodisponibilidad total sin efecto laxante.<\/li>\n<li><span style=\"color: #0083ff;\"><strong>Sinergia Zinc &amp; B6 Bioactiva :<\/strong><\/span> Enriquecido con Zinc quelado y Vitamina B6 (P-5-P) para una asimilaci\u00f3n celular directa y una eficacia multiplicada.<\/li>\n<li><span style=\"color: #0083ff;\"><strong>Sue\u00f1o &amp; Sistema Nervioso :<\/strong><\/span> Favorece la relajaci\u00f3n muscular, reduce los calambres y ayuda a regular el estr\u00e9s para un sue\u00f1o profundo y reparador.<\/li>\n<li><span style=\"color: #0083ff;\"><strong>Formato XL Econ\u00f3mico :<\/strong><\/span> 120 c\u00e1psulas vegetales (tratamiento de 40 a 60 d\u00edas). Fabricado en Francia y certificado sin metales pesados.<\/li>\n<\/ul>\n","protected":false},"featured_media":20717,"comment_status":"open","ping_status":"closed","template":"","meta":[],"product_brand":[],"product_cat":[414,416],"product_tag":[450,729,686,685],"class_list":{"0":"post-18390","1":"product","2":"type-product","3":"status-publish","4":"has-post-thumbnail","6":"product_cat-fuerza","7":"product_cat-recuperacion","8":"product_tag-anticrampas","9":"product_tag-relajacion-muscular","10":"product_tag-sistema-nervioso","11":"product_tag-sueno-reparador","13":"first","14":"instock","15":"purchasable","16":"product-type-simple"},"jetpack_sharing_enabled":true,"_links":{"self":[{"href":"https:\/\/dixsupps.com\/es\/wp-json\/wp\/v2\/product\/18390","targetHints":{"allow":["GET"]}}],"collection":[{"href":"https:\/\/dixsupps.com\/es\/wp-json\/wp\/v2\/product"}],"about":[{"href":"https:\/\/dixsupps.com\/es\/wp-json\/wp\/v2\/types\/product"}],"replies":[{"embeddable":true,"href":"https:\/\/dixsupps.com\/es\/wp-json\/wp\/v2\/comments?post=18390"}],"wp:featuredmedia":[{"embeddable":true,"href":"https:\/\/dixsupps.com\/es\/wp-json\/wp\/v2\/media\/20717"}],"wp:attachment":[{"href":"https:\/\/dixsupps.com\/es\/wp-json\/wp\/v2\/media?parent=18390"}],"wp:term":[{"taxonomy":"product_brand","embeddable":true,"href":"https:\/\/dixsupps.com\/es\/wp-json\/wp\/v2\/product_brand?post=18390"},{"taxonomy":"product_cat","embeddable":true,"href":"https:\/\/dixsupps.com\/es\/wp-json\/wp\/v2\/product_cat?post=18390"},{"taxonomy":"product_tag","embeddable":true,"href":"https:\/\/dixsupps.com\/es\/wp-json\/wp\/v2\/product_tag?post=18390"}],"curies":[{"name":"wp","href":"https:\/\/api.w.org\/{rel}","templated":true}]}}