{"id":18391,"date":"2023-03-07T21:45:47","date_gmt":"2023-03-07T21:45:47","guid":{"rendered":"https:\/\/dixsupps-v2.local\/?post_type=product&#038;p=18391"},"modified":"2026-04-07T14:46:37","modified_gmt":"2026-04-07T14:46:37","slug":"comprar-turkesterona","status":"publish","type":"product","link":"https:\/\/dixsupps.com\/es\/producto\/comprar-turkesterona\/","title":{"rendered":"Turkesterona"},"content":{"rendered":"","protected":false},"excerpt":{"rendered":"<ul>\n<li><span style=\"color: #0083ff;\"><strong>Potencia Certificada (HPLC) :<\/strong><\/span> Extracto puro de Ajuga Turkestanica estandarizado al 25% UV y 5% HPLC de Turkesterona real, validado por pruebas independientes.<\/li>\n<li><span style=\"color: #0083ff;\"><strong>Anab\u00f3lico Natural :<\/strong> <\/span>Optimiza la s\u00edntesis de prote\u00ednas y el desarrollo muscular sin alterar su sistema hormonal.<\/li>\n<li><span style=\"color: #0083ff;\"><strong>Absorci\u00f3n M\u00e1xima :<\/strong> <\/span>F\u00f3rmula enriquecida con complejo H-B-C y Pimienta Negra para una biodisponibilidad mejorada<\/li>\n<li><span style=\"color: #0083ff;\"><strong>Formato de Cura :<\/strong><\/span> 90 c\u00e1psulas vegetales (45 d\u00edas de uso). Ideal para sus ciclos de fuerza y volumen seco.<\/li>\n<\/ul>\n","protected":false},"featured_media":20724,"comment_status":"open","ping_status":"closed","template":"","meta":{"rank_math_title":"Comprar Turkesterona: Anab\u00f3lico Natural &amp; Laboratorio Franc\u00e9s - DIX","rank_math_description":"La referencia francesa de la Turkesterona. F\u00f3rmula estandarizada al 25% con complejo de absorci\u00f3n \u00fanico. Certificada por laboratorio independiente.","rank_math_canonical_url":"","rank_math_robots":null,"rank_math_focus_keyword":"Turkesterona"},"product_brand":[],"product_cat":[414],"product_tag":[448,858,857,825],"class_list":{"0":"post-18391","1":"product","2":"type-product","3":"status-publish","4":"has-post-thumbnail","6":"product_cat-fuerza","7":"product_tag-anabolismo","8":"product_tag-potencia","9":"product_tag-progresion","10":"product_tag-volumen-muscular","12":"first","13":"instock","14":"purchasable","15":"product-type-simple"},"jetpack_sharing_enabled":true,"_links":{"self":[{"href":"https:\/\/dixsupps.com\/es\/wp-json\/wp\/v2\/product\/18391","targetHints":{"allow":["GET"]}}],"collection":[{"href":"https:\/\/dixsupps.com\/es\/wp-json\/wp\/v2\/product"}],"about":[{"href":"https:\/\/dixsupps.com\/es\/wp-json\/wp\/v2\/types\/product"}],"replies":[{"embeddable":true,"href":"https:\/\/dixsupps.com\/es\/wp-json\/wp\/v2\/comments?post=18391"}],"wp:featuredmedia":[{"embeddable":true,"href":"https:\/\/dixsupps.com\/es\/wp-json\/wp\/v2\/media\/20724"}],"wp:attachment":[{"href":"https:\/\/dixsupps.com\/es\/wp-json\/wp\/v2\/media?parent=18391"}],"wp:term":[{"taxonomy":"product_brand","embeddable":true,"href":"https:\/\/dixsupps.com\/es\/wp-json\/wp\/v2\/product_brand?post=18391"},{"taxonomy":"product_cat","embeddable":true,"href":"https:\/\/dixsupps.com\/es\/wp-json\/wp\/v2\/product_cat?post=18391"},{"taxonomy":"product_tag","embeddable":true,"href":"https:\/\/dixsupps.com\/es\/wp-json\/wp\/v2\/product_tag?post=18391"}],"curies":[{"name":"wp","href":"https:\/\/api.w.org\/{rel}","templated":true}]}}