{"id":18392,"date":"2023-03-07T21:29:30","date_gmt":"2023-03-07T21:29:30","guid":{"rendered":"https:\/\/dixsupps-v2.local\/?post_type=product&#038;p=18392"},"modified":"2026-04-07T14:46:47","modified_gmt":"2026-04-07T14:46:47","slug":"comprar-omega-3","status":"publish","type":"product","link":"https:\/\/dixsupps.com\/es\/producto\/comprar-omega-3\/","title":{"rendered":"Omega 3"},"content":{"rendered":"","protected":false},"excerpt":{"rendered":"<ul>\n<li><span style=\"color: #0083ff;\"><strong>Calidad EPAX\u00ae :<\/strong><\/span> Aceite de pescado salvaje de Noruega, certificado por Friends of the Sea. Purificaci\u00f3n patentada que garantiza la ausencia de metales pesados y contaminantes.<\/li>\n<li><span style=\"color: #0083ff;\"><strong>Estabilidad M\u00e1xima (TOTOX &lt; 4) :<\/strong> <\/span>Uno de los aceites m\u00e1s frescos del mercado. Almacenamiento en c\u00e1mara fr\u00eda y tecnolog\u00eda XO\u00ae para evitar la oxidaci\u00f3n.<\/li>\n<li><span style=\"color: #0083ff;\"><strong>Alta Concentraci\u00f3n TG :<\/strong><\/span> Forma Triglic\u00e9ridos (m\u00e1s asimilable que el EE) aportando 1600mg de EPA y 1200mg de DHA por porci\u00f3n para el coraz\u00f3n, el cerebro y la visi\u00f3n.<\/li>\n<li><span style=\"color: #0083ff;\"><strong>Formato Experto :<\/strong> 1<\/span>20 c\u00e1psulas (tratamiento de 1 a 2 meses). Sin ning\u00fan aditivo innecesario. Envasado en Francia bajo normas farmac\u00e9uticas.<\/li>\n<\/ul>\n","protected":false},"featured_media":22311,"comment_status":"open","ping_status":"closed","template":"","meta":{"rank_math_title":"Omega 3 (aceite de pescado) 90 c\u00e1psulas - Dix","rank_math_description":"Omega 3 - 90 c\u00e1psulas: Sin Metales Pesados \u2713Laboratorio Franc\u00e9s \u2713Entrega a domicilio en 72h \u2713CB - Paypal \u2713Precios agresivos \u2713Sitio seguro","rank_math_canonical_url":"","rank_math_robots":null,"rank_math_focus_keyword":"omega 3"},"product_brand":[],"product_cat":[416,417],"product_tag":[453,456,457,692],"class_list":{"0":"post-18392","1":"product","2":"type-product","3":"status-publish","4":"has-post-thumbnail","6":"product_cat-recuperacion","7":"product_cat-salud","8":"product_tag-articulaciones","9":"product_tag-cerebro","10":"product_tag-corazon","11":"product_tag-vision-2","13":"first","14":"instock","15":"purchasable","16":"product-type-simple"},"jetpack_sharing_enabled":true,"_links":{"self":[{"href":"https:\/\/dixsupps.com\/es\/wp-json\/wp\/v2\/product\/18392","targetHints":{"allow":["GET"]}}],"collection":[{"href":"https:\/\/dixsupps.com\/es\/wp-json\/wp\/v2\/product"}],"about":[{"href":"https:\/\/dixsupps.com\/es\/wp-json\/wp\/v2\/types\/product"}],"replies":[{"embeddable":true,"href":"https:\/\/dixsupps.com\/es\/wp-json\/wp\/v2\/comments?post=18392"}],"wp:featuredmedia":[{"embeddable":true,"href":"https:\/\/dixsupps.com\/es\/wp-json\/wp\/v2\/media\/22311"}],"wp:attachment":[{"href":"https:\/\/dixsupps.com\/es\/wp-json\/wp\/v2\/media?parent=18392"}],"wp:term":[{"taxonomy":"product_brand","embeddable":true,"href":"https:\/\/dixsupps.com\/es\/wp-json\/wp\/v2\/product_brand?post=18392"},{"taxonomy":"product_cat","embeddable":true,"href":"https:\/\/dixsupps.com\/es\/wp-json\/wp\/v2\/product_cat?post=18392"},{"taxonomy":"product_tag","embeddable":true,"href":"https:\/\/dixsupps.com\/es\/wp-json\/wp\/v2\/product_tag?post=18392"}],"curies":[{"name":"wp","href":"https:\/\/api.w.org\/{rel}","templated":true}]}}