{"id":18393,"date":"2023-03-07T21:21:18","date_gmt":"2023-03-07T21:21:18","guid":{"rendered":"https:\/\/dixsupps-v2.local\/?post_type=product&#038;p=18393"},"modified":"2026-04-01T14:45:43","modified_gmt":"2026-04-01T14:45:43","slug":"comprar-nad","status":"publish","type":"product","link":"https:\/\/dixsupps.com\/es\/producto\/comprar-nad\/","title":{"rendered":"NAD+"},"content":{"rendered":"","protected":false},"excerpt":{"rendered":"<ul>\n<li><span style=\"color: #0083ff;\"><strong>Complejo 3-en-1 Exclusivo :<\/strong> <\/span>Sinergia NR -NADH y Vitamina B3 para una elevaci\u00f3n r\u00e1pida y duradera de los niveles de NAD+.<\/li>\n<li><span style=\"color: #0083ff;\"><strong>Regeneraci\u00f3n &amp; Anti-Envejecimiento :<\/strong> <\/span>Apoya la reparaci\u00f3n del ADN, la activaci\u00f3n de las sirtuinas y protege las c\u00e9lulas contra el envejecimiento prematuro.<\/li>\n<li><span style=\"color: #0083ff;\"><strong>Energ\u00eda Mitocondrial :<\/strong> <\/span>Aumento inmediato de la vitalidad celular y reducci\u00f3n de la fatiga optimizando la producci\u00f3n de ATP (energ\u00eda pura).<\/li>\n<li><span style=\"color: #0083ff;\"><strong>Tecnolog\u00eda DRcaps\u00ae :<\/strong> <\/span>C\u00e1psulas gastro-resistentes para una protecci\u00f3n total de los activos contra la acidez g\u00e1strica y una absorci\u00f3n intestinal m\u00e1xima.<\/li>\n<\/ul>\n","protected":false},"featured_media":20746,"comment_status":"open","ping_status":"closed","template":"","meta":[],"product_brand":[],"product_cat":[416,412,417],"product_tag":[449,731,570,860],"class_list":{"0":"post-18393","1":"product","2":"type-product","3":"status-publish","4":"has-post-thumbnail","6":"product_cat-recuperacion","7":"product_cat-resistencia","8":"product_cat-salud","9":"product_tag-antienvejecimiento","10":"product_tag-energia-sostenible","11":"product_tag-juventud-celular","12":"product_tag-regeneracion","14":"first","15":"instock","16":"purchasable","17":"product-type-simple"},"jetpack_sharing_enabled":true,"_links":{"self":[{"href":"https:\/\/dixsupps.com\/es\/wp-json\/wp\/v2\/product\/18393","targetHints":{"allow":["GET"]}}],"collection":[{"href":"https:\/\/dixsupps.com\/es\/wp-json\/wp\/v2\/product"}],"about":[{"href":"https:\/\/dixsupps.com\/es\/wp-json\/wp\/v2\/types\/product"}],"replies":[{"embeddable":true,"href":"https:\/\/dixsupps.com\/es\/wp-json\/wp\/v2\/comments?post=18393"}],"wp:featuredmedia":[{"embeddable":true,"href":"https:\/\/dixsupps.com\/es\/wp-json\/wp\/v2\/media\/20746"}],"wp:attachment":[{"href":"https:\/\/dixsupps.com\/es\/wp-json\/wp\/v2\/media?parent=18393"}],"wp:term":[{"taxonomy":"product_brand","embeddable":true,"href":"https:\/\/dixsupps.com\/es\/wp-json\/wp\/v2\/product_brand?post=18393"},{"taxonomy":"product_cat","embeddable":true,"href":"https:\/\/dixsupps.com\/es\/wp-json\/wp\/v2\/product_cat?post=18393"},{"taxonomy":"product_tag","embeddable":true,"href":"https:\/\/dixsupps.com\/es\/wp-json\/wp\/v2\/product_tag?post=18393"}],"curies":[{"name":"wp","href":"https:\/\/api.w.org\/{rel}","templated":true}]}}