{"id":18395,"date":"2023-02-25T10:04:13","date_gmt":"2023-02-25T10:04:13","guid":{"rendered":"https:\/\/dixsupps-v2.local\/?post_type=product&#038;p=18395"},"modified":"2026-04-01T14:41:26","modified_gmt":"2026-04-01T14:41:26","slug":"compra-quemagrasas","status":"publish","type":"product","link":"https:\/\/dixsupps.com\/es\/producto\/compra-quemagrasas\/","title":{"rendered":"Quemador de grasa"},"content":{"rendered":"","protected":false},"excerpt":{"rendered":"<ul>\n<li><span style=\"color: #0083ff;\"><strong>Quema-Grasa 10-en-1 :<\/strong><\/span> F\u00f3rmula ultra-completa que combina L-Carnitina (1g), Berberina y Forskolina para optimizar la quema de grasa<\/li>\n<li><span style=\"color: #0083ff;\"><strong>Termog\u00e9nesis Activada :<\/strong><\/span> Sinergia de T\u00e9 Verde, Mate y Guaran\u00e1 para impulsar el metabolismo basal y aumentar el gasto cal\u00f3rico diario.<\/li>\n<li><span style=\"color: #0083ff;\"><strong>Control del Apetito :<\/strong><\/span> Acci\u00f3n supresora del apetito natural y regulaci\u00f3n de la glucemia para limitar los antojos y facilitar el d\u00e9ficit cal\u00f3rico.<\/li>\n<li><span style=\"color: #0083ff;\"><strong>Energ\u00eda &amp; Definici\u00f3n :<\/strong><\/span> 120 c\u00e1psulas (tratamiento de 30 d\u00edas) para transformar tus grasas en energ\u00eda sin sensaci\u00f3n de fatiga. Fabricado en Francia.<\/li>\n<\/ul>\n","protected":false},"featured_media":20658,"comment_status":"open","ping_status":"closed","template":"","meta":[],"product_brand":[],"product_cat":[412,417],"product_tag":[572,728,574,864],"class_list":{"0":"post-18395","1":"product","2":"type-product","3":"status-publish","4":"has-post-thumbnail","6":"product_cat-resistencia","7":"product_cat-salud","8":"product_tag-linea","9":"product_tag-liquidacion","10":"product_tag-metabolismo","11":"product_tag-seco","13":"first","14":"instock","15":"purchasable","16":"product-type-simple"},"jetpack_sharing_enabled":true,"_links":{"self":[{"href":"https:\/\/dixsupps.com\/es\/wp-json\/wp\/v2\/product\/18395","targetHints":{"allow":["GET"]}}],"collection":[{"href":"https:\/\/dixsupps.com\/es\/wp-json\/wp\/v2\/product"}],"about":[{"href":"https:\/\/dixsupps.com\/es\/wp-json\/wp\/v2\/types\/product"}],"replies":[{"embeddable":true,"href":"https:\/\/dixsupps.com\/es\/wp-json\/wp\/v2\/comments?post=18395"}],"wp:featuredmedia":[{"embeddable":true,"href":"https:\/\/dixsupps.com\/es\/wp-json\/wp\/v2\/media\/20658"}],"wp:attachment":[{"href":"https:\/\/dixsupps.com\/es\/wp-json\/wp\/v2\/media?parent=18395"}],"wp:term":[{"taxonomy":"product_brand","embeddable":true,"href":"https:\/\/dixsupps.com\/es\/wp-json\/wp\/v2\/product_brand?post=18395"},{"taxonomy":"product_cat","embeddable":true,"href":"https:\/\/dixsupps.com\/es\/wp-json\/wp\/v2\/product_cat?post=18395"},{"taxonomy":"product_tag","embeddable":true,"href":"https:\/\/dixsupps.com\/es\/wp-json\/wp\/v2\/product_tag?post=18395"}],"curies":[{"name":"wp","href":"https:\/\/api.w.org\/{rel}","templated":true}]}}