{"id":18396,"date":"2023-02-22T14:25:48","date_gmt":"2023-02-22T14:25:48","guid":{"rendered":"https:\/\/dixsupps-v2.local\/?post_type=product&#038;p=18396"},"modified":"2026-04-17T21:17:32","modified_gmt":"2026-04-17T21:17:32","slug":"comprar-ecdysterone","status":"publish","type":"product","link":"https:\/\/dixsupps.com\/es\/producto\/comprar-ecdysterone\/","title":{"rendered":"Ecdisterona"},"content":{"rendered":"","protected":false},"excerpt":{"rendered":"<ul>\n<li><span style=\"color: #0083ff;\"><strong>Alta concentraci\u00f3n (HPLC) :<\/strong><\/span> Extracto estandarizado de la mayor concentraci\u00f3n en ecdisterona por c\u00e1psulas de Europa<\/li>\n<li><span style=\"color: #0083ff;\"><strong>Alternativa Natural :<\/strong><\/span> Estimula la s\u00edntesis proteica y el crecimiento muscular sin impacto en el eje hormonal.<\/li>\n<li><span style=\"color: #0083ff;\"><strong>Absorci\u00f3n Superior :<\/strong> <\/span>Complejo patentado H-C-B + Pimienta Negra para una biodisponibilidad 5x superior.<\/li>\n<li><span style=\"color: #0083ff;\"><strong>Cura 45 D\u00edas :<\/strong><\/span> 90 c\u00e1psulas vegetales de alta concentraci\u00f3n (1490mg por porci\u00f3n).<\/li>\n<\/ul>\n","protected":false},"featured_media":20764,"comment_status":"open","ping_status":"closed","template":"","meta":{"rank_math_title":"Comprar Ecdisterona 98%: Anab\u00f3lico Natural &amp; Laboratorio Franc\u00e9s - DIX","rank_math_description":"La referencia en pureza. F\u00f3rmula concentrada al 98% certificada por prueba HPLC (superior a la prueba UV). Aumenta tu fuerza y volumen muscular de forma natural.","rank_math_canonical_url":"","rank_math_robots":null,"rank_math_focus_keyword":"Ecdisterona"},"product_brand":[],"product_cat":[414,416],"product_tag":[726,727,577,688],"class_list":{"0":"post-18396","1":"product","2":"type-product","3":"status-publish","4":"has-post-thumbnail","6":"product_cat-fuerza","7":"product_cat-recuperacion","8":"product_tag-construccion","9":"product_tag-definicion","10":"product_tag-musculo-seco","11":"product_tag-tono","13":"first","14":"instock","15":"purchasable","16":"product-type-simple"},"jetpack_sharing_enabled":true,"_links":{"self":[{"href":"https:\/\/dixsupps.com\/es\/wp-json\/wp\/v2\/product\/18396","targetHints":{"allow":["GET"]}}],"collection":[{"href":"https:\/\/dixsupps.com\/es\/wp-json\/wp\/v2\/product"}],"about":[{"href":"https:\/\/dixsupps.com\/es\/wp-json\/wp\/v2\/types\/product"}],"replies":[{"embeddable":true,"href":"https:\/\/dixsupps.com\/es\/wp-json\/wp\/v2\/comments?post=18396"}],"wp:featuredmedia":[{"embeddable":true,"href":"https:\/\/dixsupps.com\/es\/wp-json\/wp\/v2\/media\/20764"}],"wp:attachment":[{"href":"https:\/\/dixsupps.com\/es\/wp-json\/wp\/v2\/media?parent=18396"}],"wp:term":[{"taxonomy":"product_brand","embeddable":true,"href":"https:\/\/dixsupps.com\/es\/wp-json\/wp\/v2\/product_brand?post=18396"},{"taxonomy":"product_cat","embeddable":true,"href":"https:\/\/dixsupps.com\/es\/wp-json\/wp\/v2\/product_cat?post=18396"},{"taxonomy":"product_tag","embeddable":true,"href":"https:\/\/dixsupps.com\/es\/wp-json\/wp\/v2\/product_tag?post=18396"}],"curies":[{"name":"wp","href":"https:\/\/api.w.org\/{rel}","templated":true}]}}