{"id":17748,"date":"2023-02-20T15:14:34","date_gmt":"2023-02-20T15:14:34","guid":{"rendered":"https:\/\/dixsupps-v2.local\/a-propos\/"},"modified":"2026-01-21T16:50:09","modified_gmt":"2026-01-21T16:50:09","slug":"a-propos","status":"publish","type":"page","link":"https:\/\/dixsupps.com\/it\/a-propos\/","title":{"rendered":"A PROPOS"},"content":{"rendered":"<h2><strong>Societ\u00e0 francese<\/strong><\/h2>\n<p>Una squadra di appassionati, forse un po&#8217; troppo, ma sempre guidata da un obiettivo: sviluppare i migliori prodotti per vederti esibirti al massimo livello.<\/p>\n<h3><strong>La Scienza Come Pilastro della Nostra Competenza<\/strong><\/h3>\n<p>Il nostro team di esperti <b>appassionati<\/b> rimane costantemente informato sulle ultime ricerche scientifiche per offrirti i prodotti pi\u00f9 efficaci.<\/p>\n<h3><strong>Pi\u00f9 di un Semplice Marchio di Integratori<\/strong><\/h3>\n<p><b>Vogliamo vederti esibirti!<\/b><br \/>\n\u00c8 per questo che offriamo prodotti unici e ottimizzati, formulati con i migliori ingredienti e dosaggi precisi per garantire il massimo dei risultati.<\/p>\n<h3><strong>Una Comunit\u00e0 Dedicata alla Performance<\/strong><\/h3>\n<p>I tuoi risultati sono la nostra priorit\u00e0. Il numero di atleti che ci scelgono continua a crescere, e grazie al passaparola, la nostra espansione supera tutte le nostre aspettative. Grazie a voi \ud83e\ude75<br \/>\n#BEA10<\/p>\n<h2><strong>Studi scientifici<\/strong><\/h2>\n<p>Il nostro processo inizia con una comprensione approfondita dei meccanismi fisiologici. Poi, analizzando centinaia di studi scientifici, oggettiviamo la scelta dei migliori ingredienti a partire dai risultati clinici ottenuti.<\/p>\n<h3><strong>La qualit\u00e0 \u00e8 la base. L&#8217;efficacia \u00e8 il dosaggio<\/strong><\/h3>\n<p>Un ingrediente di qualit\u00e0 mal dosato \u00e8 inutile. Le nostre formule si allineano sui livelli di efficacia osservati nella ricerca clinica.<\/p>\n<h3><strong>Ci\u00f2 che ci rende davvero diversi<\/strong><\/h3>\n<p>Conduciamo una ricerca approfondita per identificare gli ingredienti pi\u00f9 efficaci. Questo pu\u00f2 richiedere anni, ma finiamo sempre per trovare la migliore materia prima. Collaborando con i migliori fornitori al mondo, creiamo formule uniche con un&#8217;efficacia superiore.<\/p>\n","protected":false},"excerpt":{"rendered":"<p>Societ\u00e0 francese Una squadra di appassionati, forse un po&#8217; troppo, ma sempre guidata da un obiettivo: sviluppare i migliori prodotti per vederti esibirti al massimo livello. La Scienza Come Pilastro della Nostra Competenza Il nostro team di esperti appassionati rimane costantemente informato sulle ultime ricerche scientifiche per offrirti i prodotti pi\u00f9 efficaci. Pi\u00f9 di un [&hellip;]<\/p>\n","protected":false},"author":4,"featured_media":0,"parent":0,"menu_order":0,"comment_status":"closed","ping_status":"closed","template":"","meta":{"footnotes":""},"class_list":["post-17748","page","type-page","status-publish","hentry"],"jetpack_sharing_enabled":true,"_links":{"self":[{"href":"https:\/\/dixsupps.com\/it\/wp-json\/wp\/v2\/pages\/17748","targetHints":{"allow":["GET"]}}],"collection":[{"href":"https:\/\/dixsupps.com\/it\/wp-json\/wp\/v2\/pages"}],"about":[{"href":"https:\/\/dixsupps.com\/it\/wp-json\/wp\/v2\/types\/page"}],"author":[{"embeddable":true,"href":"https:\/\/dixsupps.com\/it\/wp-json\/wp\/v2\/users\/4"}],"replies":[{"embeddable":true,"href":"https:\/\/dixsupps.com\/it\/wp-json\/wp\/v2\/comments?post=17748"}],"version-history":[{"count":1,"href":"https:\/\/dixsupps.com\/it\/wp-json\/wp\/v2\/pages\/17748\/revisions"}],"predecessor-version":[{"id":17765,"href":"https:\/\/dixsupps.com\/it\/wp-json\/wp\/v2\/pages\/17748\/revisions\/17765"}],"wp:attachment":[{"href":"https:\/\/dixsupps.com\/it\/wp-json\/wp\/v2\/media?parent=17748"}],"curies":[{"name":"wp","href":"https:\/\/api.w.org\/{rel}","templated":true}]}}