{"id":19227,"date":"2026-01-22T11:21:20","date_gmt":"2026-01-22T11:21:20","guid":{"rendered":"https:\/\/dixsupps-v2.local\/codice-promo-dix-supplements\/"},"modified":"2026-01-22T11:21:20","modified_gmt":"2026-01-22T11:21:20","slug":"codice-promo-dix-supplements","status":"publish","type":"page","link":"https:\/\/dixsupps.com\/it\/codice-promo-dix-supplements\/","title":{"rendered":"Codice Promo DIX Supplements"},"content":{"rendered":"<h1>CODICE PROMO DIECI SUPPLEMENTI<\/h1>\n<h2>Ti offriamo<br \/>\nlo sconto pi\u00f9 grande<br \/>\nche troverai su internet<\/h2>\n<h2>Se sei qui, \u00e8 sicuramente perch\u00e9 stai cercando un codice promo per il nostro sito.<\/h2>\n<p>Conosciamo lo scenario a memoria: sei sul punto di fare un ordine sul nostro negozio, arrivi al campo &#8220;codice promo&#8221;, e l\u00ec, riflesso classico, apri una nuova scheda e digiti &#8220;codice promo Dieci&#8221; o qualcosa del genere&#8230; Ed eccoti qui!<\/p>\n<p>Allora tanto vale dirtelo subito: <strong>inutile cercare altrove, su altri siti o sui social degli influencer, lo sconto migliore, \u00e8 proprio qui, sul nostro sito ufficiale.<\/strong><\/p>\n<p>Perch\u00e9? Perch\u00e9 la maggior parte dei codici disponibili su Internet gira intorno al 5%. Noi, ti offriamo qualcosa di meglio: <strong>6% di sconto immediato<\/strong> sul nostro negozio. Basta semplicemente inserire il tuo indirizzo email, e riceverai il tuo codice promo nei minuti successivi.<\/p>\n<p>E per essere totalmente trasparenti: i nostri margini sono gi\u00e0 molto bassi per quanto riguarda gli integratori alimentari. \u00c8 ci\u00f2 che ci permette di garantire un ottimo rapporto qualit\u00e0\/prezzo ai nostri clienti. Allora prima di utilizzare questo codice, chiediti se vuoi davvero attivarlo \u2014 perch\u00e9 ogni codice utilizzato, \u00e8 un piccolo aiuto in meno per poter continuare a offrirti il meglio, al miglior prezzo.<\/p>\n<p>Benvenuto nella squadra!<\/p>\n<h2>Registrati con la tua email per ricevere il tuo codice promo del 6% da utilizzare sul nostro negozio ufficiale.<\/h2>\n","protected":false},"excerpt":{"rendered":"<p>CODICE PROMO DIECI SUPPLEMENTI Ti offriamo lo sconto pi\u00f9 grande che troverai su internet Se sei qui, \u00e8 sicuramente perch\u00e9 stai cercando un codice promo per il nostro sito. Conosciamo lo scenario a memoria: sei sul punto di fare un ordine sul nostro negozio, arrivi al campo &#8220;codice promo&#8221;, e l\u00ec, riflesso classico, apri una [&hellip;]<\/p>\n","protected":false},"author":25,"featured_media":0,"parent":0,"menu_order":0,"comment_status":"closed","ping_status":"closed","template":"","meta":{"footnotes":"","rank_math_title":"Il nostro Codice Promo Dix Supps UFFICIALE","rank_math_description":"Sei alla ricerca di un codice sconto per il nostro negozio?  \nAllora saremo gentili e te ne proporremo uno qui!","rank_math_canonical_url":"","rank_math_robots":"","rank_math_focus_keyword":"codice promozionale"},"class_list":["post-19227","page","type-page","status-publish","hentry"],"jetpack_sharing_enabled":true,"_links":{"self":[{"href":"https:\/\/dixsupps.com\/it\/wp-json\/wp\/v2\/pages\/19227","targetHints":{"allow":["GET"]}}],"collection":[{"href":"https:\/\/dixsupps.com\/it\/wp-json\/wp\/v2\/pages"}],"about":[{"href":"https:\/\/dixsupps.com\/it\/wp-json\/wp\/v2\/types\/page"}],"author":[{"embeddable":true,"href":"https:\/\/dixsupps.com\/it\/wp-json\/wp\/v2\/users\/25"}],"replies":[{"embeddable":true,"href":"https:\/\/dixsupps.com\/it\/wp-json\/wp\/v2\/comments?post=19227"}],"version-history":[{"count":0,"href":"https:\/\/dixsupps.com\/it\/wp-json\/wp\/v2\/pages\/19227\/revisions"}],"wp:attachment":[{"href":"https:\/\/dixsupps.com\/it\/wp-json\/wp\/v2\/media?parent=19227"}],"curies":[{"name":"wp","href":"https:\/\/api.w.org\/{rel}","templated":true}]}}