{"id":19234,"date":"2024-10-18T13:02:15","date_gmt":"2024-10-18T13:02:15","guid":{"rendered":"https:\/\/dixsupps-v2.local\/calcolatore-di-guadagno-di-massa-muscolare\/"},"modified":"2026-01-26T17:58:37","modified_gmt":"2026-01-26T17:58:37","slug":"calcolatore-di-guadagno-di-massa-muscolare","status":"publish","type":"page","link":"https:\/\/dixsupps.com\/it\/calcolatore-di-guadagno-di-massa-muscolare\/","title":{"rendered":"Calcolatore di guadagno di massa muscolare"},"content":{"rendered":"<h2>Perch\u00e9 calcolare il proprio potenziale muscolare massimo?<\/h2>\n<p>Semplicemente per fissare obiettivi che non siano irrealistici. Per questo, \u00e8 necessario conoscere i propri limiti genetici e il proprio pieno potenziale muscolare massimo. Poich\u00e9 ogni individuo ha il suo e questo permette di non scoraggiarsi confrontando i propri progressi con quelli di altri praticanti che potrebbero avere capacit\u00e0 genetiche diverse.<\/p>\n<blockquote><p>Conoscere il proprio pieno potenziale significa avere come modello se stessi e quindi misurare meglio i propri progressi.<\/p><\/blockquote>\n<p>Un altro vantaggio di calcolare questo valore \u00e8 aiutare a pianificare efficacemente i propri allenamenti. Se conoscete il vostro obiettivo da raggiungere naturalmente, sarete in grado di strutturare le vostre sessioni per massimizzare i vostri guadagni senza esporvi a rischi inutili che potrebbero portare a un infortunio e quindi rallentare i vostri progressi.<\/p>\n<h2>Come utilizzare il calcolatore?<\/h2>\n<p>Il calcolatore di potenziale muscolare \u00e8 stato creato dal nostro team a partire da ricerche scientifiche ed equazioni che permettono di calcolarlo in modo come dire&#8230; un po&#8217; pi\u00f9 complicato! Ecco come utilizzarlo facilmente: Selezionate il vostro sesso nel menu a tendina. Poi, inserite il vostro peso attuale, espresso in chilogrammi o in libbre a seconda della vostra preferenza. Continuate indicando la vostra percentuale di grasso corporeo. Per conoscere questo valore in modo preciso, potete utilizzare una pinza per pliche cutanee o una bilancia a impedenza per ottenere questa misura. In alternativa, potete fare riferimento a questa foto qui sotto e stimare il vostro tasso. <img loading=\"lazy\" decoding=\"async\" src=\"https:\/\/dixsupps.com\/wp-content\/uploads\/2025\/02\/taux-masse-grasse-photo-homme-femme.jpg\" alt=\"taux de masse grasse en photo homme femme\" width=\"1024\" height=\"575\" \/> Poi, misurate la circonferenza del vostro polso e della vostra caviglia. Vi consigliamo l&#8217;uso di un nastro flessibile che sar\u00e0 comunque pi\u00f9 preciso. Per il polso, misurate lo spazio tra l&#8217;osso sporgente e la mano. Per la caviglia, misurate tra l&#8217;osso della caviglia e l&#8217;inizio del muscolo del polpaccio. Infine, inserite la vostra altezza in centimetri o in piedi e pollici. Una volta inseriti tutti i dati, il calcolatore genera automaticamente i vostri risultati. Questi includono la vostra massa corporea magra (LBM), il vostro peso raggiungibile e la massa grassa. Questi risultati vi danno una stima realistica di ci\u00f2 che potete raggiungere con un allenamento e una nutrizione adeguati. Se dovete riprendere le misure pi\u00f9 volte all&#8217;anno, pensate di prenderle nello stesso momento della giornata e nelle stesse condizioni per non falsare i vostri valori<\/p>\n<div class=\"dix-script\" id=\"dix-script-18455\" data-script-id=\"18455\" data-type=\"calculator\" data-subtype=\"\" data-config='{&quot;type&quot;:&quot;calculator&quot;,&quot;subtype&quot;:&quot;&quot;}'><div class=\"dix-script__container\"><div class=\"calculator-container\">\r\n    <div class=\"calculator__layout\">\r\n        <!-- Colonne gauche : Inputs -->\r\n        <div class=\"calculator__panel calculator__panel--inputs\">\r\n            <h2 class=\"calculator__title\">Calcolatore di Potenziale di Guadagno Muscolare<\/h2>\r\n            \r\n            <label class=\"calculator__label\">Sesso<\/label>\r\n            <select id=\"sex\" class=\"calculator__select\">\r\n                <option value=\"male\">Uomo<\/option>\r\n                <option value=\"female\">Donna<\/option>\r\n            <\/select>\r\n            \r\n            <label class=\"calculator__label\">Peso : <span class=\"calculator__label-value\" id=\"weightValue\">74<\/span> kg<\/label>\r\n            <input type=\"range\" id=\"weight\" class=\"calculator__range\" min=\"40\" max=\"150\" value=\"74\">\r\n            \r\n            <label class=\"calculator__label\">Percentuale di grasso corporeo : <span class=\"calculator__label-value\" id=\"bodyFatValue\">13<\/span> %<\/label>\r\n            <input type=\"range\" id=\"bodyFat\" class=\"calculator__range\" min=\"5\" max=\"50\" value=\"13\">\r\n            \r\n            <label class=\"calculator__label\">Circonferenza del polso : <span class=\"calculator__label-value\" id=\"wristValue\">17<\/span> cm<\/label>\r\n            <input type=\"range\" id=\"wrist\" class=\"calculator__range\" min=\"10\" max=\"25\" value=\"17\">\r\n            \r\n            <label class=\"calculator__label\">Circonferenza della caviglia : <span class=\"calculator__label-value\" id=\"ankleValue\">21<\/span> cm<\/label>\r\n            <input type=\"range\" id=\"ankle\" class=\"calculator__range\" min=\"15\" max=\"30\" value=\"21\">\r\n            \r\n            <label class=\"calculator__label\">Altezza : <span class=\"calculator__label-value\" id=\"heightValue\">174<\/span> cm<\/label>\r\n            <input type=\"range\" id=\"height\" class=\"calculator__range\" min=\"140\" max=\"210\" value=\"174\">\r\n        <\/div>\r\n\r\n        <!-- Colonne droite : R\u00e9sultats -->\r\n        <div class=\"calculator__panel calculator__panel--results\">\r\n            <!-- Partage social -->\r\n            <div class=\"calculator__share\" style=\"border-top: none;padding-top: 0;margin-top: 0;margin-bottom: 1.5rem\">\r\n                <h4 class=\"calculator__share-title\">Condividi i tuoi risultati<\/h4>\r\n                <div class=\"calculator__share-buttons\">\r\n                    <button onclick=\"shareOnTwitter()\" class=\"calculator__share-btn calculator__share-btn--twitter\">\r\n                        <svg xmlns=\"http:\/\/www.w3.org\/2000\/svg\" width=\"24\" height=\"24\" viewBox=\"0 0 24 24\" fill=\"none\" stroke=\"currentColor\"><path d=\"M22 4s-.7 2.1-2 3.4c1.6 10-9.4 17.3-18 11.6 2.2.1 4.4-.6 6-2C3 15.5.5 9.6 3 5c2.2 2.6 5.6 4.1 9 4-.9-4.2 4-6.6 7-3.8 1.1 0 3-1.2 3-1.2z\"><\/path><\/svg>\r\n                    <\/button>\r\n                    <button onclick=\"shareOnWhatsApp()\" class=\"calculator__share-btn calculator__share-btn--whatsapp\">\r\n                        <svg xmlns=\"http:\/\/www.w3.org\/2000\/svg\" width=\"24\" height=\"24\" viewBox=\"0 0 24 24\" fill=\"none\" stroke=\"currentColor\"><path d=\"M21 11.5a8.38 8.38 0 0 1-.9 3.8 8.5 8.5 0 0 1-7.6 4.7 8.38 8.38 0 0 1-3.8-.9L3 21l1.9-5.7a8.38 8.38 0 0 1-.9-3.8 8.5 8.5 0 0 1 4.7-7.6 8.38 8.38 0 0 1 3.8-.9h.5a8.48 8.48 0 0 1 8 8v.5z\"><\/path><\/svg>\r\n                    <\/button>\r\n                    <button onclick=\"shareViaEmail()\" class=\"calculator__share-btn calculator__share-btn--email\">\r\n                        <svg xmlns=\"http:\/\/www.w3.org\/2000\/svg\" width=\"24\" height=\"24\" viewBox=\"0 0 24 24\" fill=\"none\" stroke=\"currentColor\"><path d=\"M4 4h16c1.1 0 2 .9 2 2v12c0 1.1-.9 2-2 2H4c-1.1 0-2-.9-2-2V6c0-1.1.9-2 2-2z\"><\/path><polyline points=\"22,6 12,13 2,6\"><\/polyline><\/svg>\r\n                    <\/button>\r\n                    <button onclick=\"copyToClipboard()\" class=\"calculator__share-btn calculator__share-btn--copy\">\r\n                        <svg xmlns=\"http:\/\/www.w3.org\/2000\/svg\" width=\"24\" height=\"24\" viewBox=\"0 0 24 24\" fill=\"none\" stroke=\"currentColor\"><path d=\"M16 4h2a2 2 0 0 1 2 2v14a2 2 0 0 1-2 2H6a2 2 0 0 1-2-2V6a2 2 0 0 1 2-2h2\"><\/path><rect x=\"8\" y=\"2\" width=\"8\" height=\"4\" rx=\"1\" ry=\"1\"><\/rect><\/svg>\r\n                        <span class=\"calculator__copy-feedback\" id=\"copyText\"><\/span>\r\n                    <\/button>\r\n                <\/div>\r\n            <\/div>\r\n            \r\n            <h4 class=\"calculator__results-title\">Risultati del tuo potenziale<\/h4>\r\n            <div id=\"result\"><\/div>\r\n        <\/div>\r\n    <\/div>\r\n    \r\n    <!-- Messages de partage (cach\u00e9s) -->\r\n    <div id=\"share-messages\" style=\"display: none\">\r\n        <span id=\"share-text-part1\">Ho calcolato il mio potenziale massimo raggiungibile in muscolazione: <\/span>\r\n        <span id=\"share-text-part2\">kg con un LBM di <\/span>\r\n        <span id=\"share-text-part3\">kg e una massa grassa di <\/span>\r\n        <span id=\"share-text-part4\">kg. Calcola il tuo potenziale massimo seguendo questo link!<\/span>\r\n        <span id=\"share-subject\">Il mio potenziale massimo in muscolazione<\/span>\r\n    <\/div>\r\n<\/div><\/div><\/div>\n<p><strong>I nostri altri calcolatori<\/strong> Dopo aver calcolato il vostro potenziale \u00e8 importante conoscere altri valori per i vostri allenamenti. Cos\u00ec vi proponiamo di calcolare il vostro 1 ripetizione max in muscolazione che vi permetter\u00e0 di conoscere quale carico ideale mettere per abbastanza shockare il vostro muscolo pur abbassando i rischi di infortunio, ma anche il vostro percentuale di massa grassa e di cosa calcolare il numero di calorie del vostro metabolismo di base.<\/p>\n<h2>Interpretare il proprio risultato: valori di riferimento<\/h2>\n<p>Ecco come comprendere i risultati del calcolatore. Che siate un uomo o una donna i risultati saranno interpretati in modo uguale da un punto di vista teorico. La tabella dei risultati vi dar\u00e0 in base ai valori inseriti il vostro max raggiungibile (entriamo pi\u00f9 in profondit\u00e0 nel seguito dell&#8217;articolo) se tutti i parametri sono a vostro favore, e risultati pi\u00f9 realistici sui quali bisognerebbe ovviamente basarsi di pi\u00f9. Cos\u00ec avrete un&#8217;idea di valori come il vostro peso, la vostra massa grassa, la circonferenza del vostro torace a livello del petto\/pettorali, della vita, dei fianchi, delle braccia, degli avambracci e infine dei polpacci. Il calcolatore vi dar\u00e0 anche il risultato del vostro LBM su cui entreremo in dettaglio. <img loading=\"lazy\" decoding=\"async\" src=\"https:\/\/dixsupps.com\/wp-content\/uploads\/2024\/06\/calcul-max-muscle-2-1024x574.webp\" sizes=\"auto, (max-width: 800px) 100vw, 800px\" srcset=\"https:\/\/dixsupps.com\/wp-content\/uploads\/2024\/06\/calcul-max-muscle-2-1024x574.webp 1024w, https:\/\/dixsupps.com\/wp-content\/uploads\/2024\/06\/calcul-max-muscle-2-600x336.webp 600w, https:\/\/dixsupps.com\/wp-content\/uploads\/2024\/06\/calcul-max-muscle-2-300x168.webp 300w, https:\/\/dixsupps.com\/wp-content\/uploads\/2024\/06\/calcul-max-muscle-2-768x430.webp 768w, https:\/\/dixsupps.com\/wp-content\/uploads\/2024\/06\/calcul-max-muscle-2-18x10.webp 18w, https:\/\/dixsupps.com\/wp-content\/uploads\/2024\/06\/calcul-max-muscle-2-1320x740.webp 1320w, https:\/\/dixsupps.com\/wp-content\/uploads\/2024\/06\/calcul-max-muscle-2.webp 1456w\" alt=\"\" width=\"800\" height=\"448\" \/><\/p>\n<h2>Cos&#8217;\u00e8 il LBM? Come si calcola?<\/h2>\n<p>Il LBM (Lean Body Mass), chiamato anche massa corporea magra, rappresenta la quantit\u00e0 di peso che avete senza includere il grasso corporeo. \u00c8 una misura importante per gli atleti e gli appassionati di fitness come noi, perch\u00e9 permette di capire di quale quantit\u00e0 di peso il vostro corpo \u00e8 costituito da muscoli, ossa, acqua e altri tessuti magri. Per calcolare il LBM nel nostro calcolatore, abbiamo utilizzato la seguente formula che \u00e8 la pi\u00f9 spesso impiegata:<\/p>\n<pre><code>LBM = 0.407 * circonferenza del polso + 0.267 * circonferenza della caviglia + 0.287 * altezza + 8.875<\/code><\/pre>\n<p>Supponiamo di avere tre profili diversi:<\/p>\n<ul>\n<li><strong>Profilo 1:<\/strong> altezza di 174 cm, polso di 17 cm, caviglia di 21 cm<\/li>\n<li><strong>Profilo 2:<\/strong> altezza di 180 cm, polso di 20 cm, caviglia di 25 cm<\/li>\n<li><strong>Profilo 3:<\/strong> altezza di 184 cm, polso di 18 cm, caviglia di 23 cm<\/li>\n<\/ul>\n<p>Per il <strong>Profilo 1<\/strong>:<\/p>\n<pre><code>LBM = 0.407 * 17 + 0.267 * 21 + 0.287 * 174 + 8.875 = 70.29 kg (154.96 lbs)<\/code><\/pre>\n<p>Per il <strong>Profilo 2<\/strong>:<\/p>\n<pre><code>LBM = 0.407 * 20 + 0.267 * 25 + 0.287 * 180 + 8.875 = 81.25 kg (179.10 lbs)<\/code><\/pre>\n<p>Per il <strong>Profilo 3<\/strong>:<\/p>\n<pre><code>LBM = 0.407 * 18 + 0.267 * 23 + 0.287 * 184 + 8.875 = 77.70 kg (171.30 lbs)<\/code><\/pre>\n<p><img loading=\"lazy\" decoding=\"async\" src=\"https:\/\/dixsupps.com\/wp-content\/uploads\/2024\/06\/calcul-max-muscle-3-1024x574.webp\" sizes=\"auto, (max-width: 800px) 100vw, 800px\" srcset=\"https:\/\/dixsupps.com\/wp-content\/uploads\/2024\/06\/calcul-max-muscle-3-1024x574.webp 1024w, https:\/\/dixsupps.com\/wp-content\/uploads\/2024\/06\/calcul-max-muscle-3-600x336.webp 600w, https:\/\/dixsupps.com\/wp-content\/uploads\/2024\/06\/calcul-max-muscle-3-300x168.webp 300w, https:\/\/dixsupps.com\/wp-content\/uploads\/2024\/06\/calcul-max-muscle-3-768x430.webp 768w, https:\/\/dixsupps.com\/wp-content\/uploads\/2024\/06\/calcul-max-muscle-3-18x10.webp 18w, https:\/\/dixsupps.com\/wp-content\/uploads\/2024\/06\/calcul-max-muscle-3-1320x740.webp 1320w, https:\/\/dixsupps.com\/wp-content\/uploads\/2024\/06\/calcul-max-muscle-3.webp 1456w\" alt=\"\" width=\"800\" height=\"448\" \/><\/p>\n<h2>Cos&#8217;\u00e8 il peso raggiungibile?<\/h2>\n<p>Il peso raggiungibile rappresenta il peso massimo che potete raggiungere in modo realistico senza ricorrere agli steroidi e massimo, se tutti i parametri sono riuniti a vostro favore. Rimane una stima, ma \u00e8 essenziale per fissare obiettivi di peso e muscolo realistici, e per evitare di fissare aspettative irrealistiche che potrebbero portare ancora una volta alla frustrazione. La muscolazione essendo gi\u00e0 una disciplina abbastanza frustrante, basta vederlo quando ci fermiamo per alcune settimane!<\/p>\n<h3>Come viene calcolato?<\/h3>\n<p>Il calcolo del peso raggiungibile \u00e8 stato calcolato a partire dai valori della vostra Lean Body Mass (LBM). Poi, si aggiusta questa massa magra in funzione del percentuale di grasso corporeo ottimale per ottenere il peso raggiungibile. Ad esempio, se il vostro LBM \u00e8 di 70 kg e il percentuale di grasso corporeo ottimale \u00e8 del 10 %, il peso raggiungibile \u00e8 calcolato aggiustando questa LBM per includere questo percentuale di grasso.<\/p>\n<h2>Cos&#8217;\u00e8 la massa grassa?<\/h2>\n<p>Per quanto riguarda la massa grassa, l&#8217;abbiamo definita come la differenza tra il vostro peso totale e la vostra massa corporea magra (LBM). Rappresenter\u00e0 quindi ovviamente la quantit\u00e0 totale di grasso nel vostro corpo, compreso il grasso essenziale e il grasso di stoccaggio.<\/p>\n<h3>Come viene calcolata?<\/h3>\n<p>Il metodo di calcolo della massa grassa \u00e8 semplice: basta sottrarre la LBM dal vostro peso totale. Ad esempio, se il vostro peso totale \u00e8 di 80 kg e la vostra LBM \u00e8 di 65 kg, allora la vostra massa grassa \u00e8 di 15 kg. Sappiate tuttavia che la massa grassa gioca un ruolo importante nella salute: un percentuale di grasso troppo elevato pu\u00f2 aumentare i rischi di malattie cardiovascolari, diabete e altri problemi di salute. Al contrario, un percentuale di grasso troppo basso pu\u00f2 influenzare le funzioni ormonali e il sistema immunitario.<\/p>\n","protected":false},"excerpt":{"rendered":"<p>Perch\u00e9 calcolare il proprio potenziale muscolare massimo? Semplicemente per fissare obiettivi che non siano irrealistici. Per questo, \u00e8 necessario conoscere i propri limiti genetici e il proprio pieno potenziale muscolare massimo. Poich\u00e9 ogni individuo ha il suo e questo permette di non scoraggiarsi confrontando i propri progressi con quelli di altri praticanti che potrebbero avere [&hellip;]<\/p>\n","protected":false},"author":25,"featured_media":20398,"parent":0,"menu_order":0,"comment_status":"closed","ping_status":"closed","template":"","meta":{"footnotes":""},"class_list":["post-19234","page","type-page","status-publish","has-post-thumbnail","hentry"],"jetpack_sharing_enabled":true,"_links":{"self":[{"href":"https:\/\/dixsupps.com\/it\/wp-json\/wp\/v2\/pages\/19234","targetHints":{"allow":["GET"]}}],"collection":[{"href":"https:\/\/dixsupps.com\/it\/wp-json\/wp\/v2\/pages"}],"about":[{"href":"https:\/\/dixsupps.com\/it\/wp-json\/wp\/v2\/types\/page"}],"author":[{"embeddable":true,"href":"https:\/\/dixsupps.com\/it\/wp-json\/wp\/v2\/users\/25"}],"replies":[{"embeddable":true,"href":"https:\/\/dixsupps.com\/it\/wp-json\/wp\/v2\/comments?post=19234"}],"version-history":[{"count":1,"href":"https:\/\/dixsupps.com\/it\/wp-json\/wp\/v2\/pages\/19234\/revisions"}],"predecessor-version":[{"id":20557,"href":"https:\/\/dixsupps.com\/it\/wp-json\/wp\/v2\/pages\/19234\/revisions\/20557"}],"wp:featuredmedia":[{"embeddable":true,"href":"https:\/\/dixsupps.com\/it\/wp-json\/wp\/v2\/media\/20398"}],"wp:attachment":[{"href":"https:\/\/dixsupps.com\/it\/wp-json\/wp\/v2\/media?parent=19234"}],"curies":[{"name":"wp","href":"https:\/\/api.w.org\/{rel}","templated":true}]}}