{"id":19237,"date":"2024-08-20T06:41:46","date_gmt":"2024-08-20T06:41:46","guid":{"rendered":"https:\/\/dixsupps-v2.local\/i-nostri-calcolatori-di-prestazioni-sportive\/"},"modified":"2026-01-25T17:37:21","modified_gmt":"2026-01-25T17:37:21","slug":"i-nostri-calcolatori-di-prestazioni-sportive","status":"publish","type":"page","link":"https:\/\/dixsupps.com\/it\/i-nostri-calcolatori-di-prestazioni-sportive\/","title":{"rendered":"calcolatori"},"content":{"rendered":"<h1>Perch\u00e9 \u00e8 importante misurare le tue prestazioni nel fitness e nel bodybuilding?<\/h1>\n<p>Si pu\u00f2 migliorare solo ci\u00f2 che si misura. \u00c8 un principio fondamentale che si applica perfettamente al fitness e al bodybuilding, perch\u00e9 senza misurazioni precise, \u00e8 impossibile sapere se sei sulla strada giusta o se stai stagnando.<br \/>\nImmaginati di navigare senza bussola n\u00e9 mappa. Frustrante e poco efficace, vero?<\/p>\n<p>Eppure \u00e8 quello che fanno molte persone trascurando di <strong>quantificare i loro progressi<\/strong> nel loro percorso fitness. In realt\u00e0, seguire le tue prestazioni ti permette di vedere concretamente i tuoi progressi, il che \u00e8 un vero stimolo motivazionale. \u00c8 quella piccola scintilla che ti spinge a continuare quando hai voglia di mollare tutto! Perch\u00e9 s\u00ec, a volte si pensa di non aver progredito, e basta immergersi di nuovo nei propri dati per rendersi conto che si sta evolvendo.<\/p>\n<p>Ma non \u00e8 tutto. Le misurazioni ti aiutano anche a <strong>fissare obiettivi realistici<\/strong>. Non di quegli obiettivi strampalati del tipo &#8220;Voglio assomigliare a un bodybuilder professionista in 3 mesi&#8221; <i>(a meno che tu non abbia scoperto una pozione magica, in tal caso, condividi!)<\/i>. No, parliamo di obiettivi adatti al tuo livello e alla tua progressione reale.<\/p>\n<p>\u00c8 qui che entrano in gioco i nostri calcolatori. Questi strumenti preziosi ti permettono di seguire i tuoi progressi con esattezza, senza bisogno di un dottorato in scienze dello sport. Che si tratti di stimare il tuo potenziale muscolare o valutare la tua condizione cardiovascolare, questi calcolatori sono i tuoi migliori alleati per un allenamento ottimizzato.<\/p>\n<blockquote><p>&#8220;Ci\u00f2 che si misura migliora&#8221; diceva Peter Drucker.<\/p><\/blockquote>\n<p>Ecco quindi i nostri calcolatori per avere dati di base per la tua evoluzione.<\/p>\n<p><img loading=\"lazy\" decoding=\"async\" src=\"https:\/\/dixsupps.com\/wp-content\/uploads\/2025\/02\/proteine-whey-calculator.webp\" sizes=\"auto, (max-width: 1456px) 100vw, 1456px\" srcset=\"https:\/\/dixsupps.com\/wp-content\/uploads\/2025\/02\/proteine-whey-calculator.webp 1456w, https:\/\/dixsupps.com\/wp-content\/uploads\/2025\/02\/proteine-whey-calculator-300x168.webp 300w, https:\/\/dixsupps.com\/wp-content\/uploads\/2025\/02\/proteine-whey-calculator-1024x574.webp 1024w, https:\/\/dixsupps.com\/wp-content\/uploads\/2025\/02\/proteine-whey-calculator-768x430.webp 768w, https:\/\/dixsupps.com\/wp-content\/uploads\/2025\/02\/proteine-whey-calculator-18x10.webp 18w, https:\/\/dixsupps.com\/wp-content\/uploads\/2025\/02\/proteine-whey-calculator-600x336.webp 600w, https:\/\/dixsupps.com\/wp-content\/uploads\/2025\/02\/proteine-whey-calculator-96x54.webp 96w, https:\/\/dixsupps.com\/wp-content\/uploads\/2025\/02\/proteine-whey-calculator-42x24.webp 42w\" alt=\"Calcolatore di proteine giornaliere\" width=\"1456\" height=\"816\" \/><\/p>\n<h2>Calcolatore di Fabbisogno di Whey<\/h2>\n<p data-start=\"42\" data-end=\"286\">Ti chiedi quante proteine consumare ogni giorno per ottimizzare le tue prestazioni e il tuo recupero? Il nostro calcolatore ti d\u00e0 una risposta precisa in base al tuo peso, al tuo livello di attivit\u00e0 e ai tuoi obiettivi.<\/p>\n<p data-start=\"288\" data-end=\"323\">Grazie a questo strumento, potrai:<\/p>\n<ul>\n<li data-start=\"325\" data-end=\"497\">Determinare il tuo fabbisogno quotidiano di proteine<\/li>\n<li data-start=\"325\" data-end=\"497\">Ottimizzare la distribuzione tra alimentazione e integratori<\/li>\n<li data-start=\"325\" data-end=\"497\">Adattare il tuo consumo per risultati ottimali<\/li>\n<\/ul>\n<p data-start=\"499\" data-end=\"613\" data-is-last-node=\"\" data-is-only-node=\"\">Basta con le approssimazioni! Ottieni in pochi secondi il tuo dosaggio ideale per una nutrizione sportiva efficace. \ud83d\udcaa<\/p>\n<p><a href=\"https:\/\/dixsupps.com\/it\/calcolatore-quantita-di-proteine-whey\/\"><br \/>\nCalcolatore Quantit\u00e0 di proteine quotidiane<br \/>\n<\/a><br \/>\n<img loading=\"lazy\" decoding=\"async\" src=\"https:\/\/dixsupps.com\/wp-content\/uploads\/2024\/10\/masse-maigre.webp\" sizes=\"auto, (max-width: 1456px) 100vw, 1456px\" srcset=\"https:\/\/dixsupps.com\/wp-content\/uploads\/2024\/10\/masse-maigre.webp 1456w, https:\/\/dixsupps.com\/wp-content\/uploads\/2024\/10\/masse-maigre-300x168.webp 300w, https:\/\/dixsupps.com\/wp-content\/uploads\/2024\/10\/masse-maigre-1024x574.webp 1024w, https:\/\/dixsupps.com\/wp-content\/uploads\/2024\/10\/masse-maigre-768x430.webp 768w, https:\/\/dixsupps.com\/wp-content\/uploads\/2024\/10\/masse-maigre-18x10.webp 18w, https:\/\/dixsupps.com\/wp-content\/uploads\/2024\/10\/masse-maigre-600x336.webp 600w\" alt=\"Calcolatore Massa magra\" width=\"1456\" height=\"816\" \/><\/p>\n<h2>Calcolatore di Indice di Massa Magra (IMM)<\/h2>\n<p>L&#8217;Indice di Massa Magra (IMM) \u00e8 uno strumento di misurazione che va ben oltre la semplice relazione peso-altezza. Ti offre <b>una visione precisa della tua composizione corporea<\/b>, mettendo l&#8217;accento sulla tua massa muscolare piuttosto che sul tuo peso totale.<\/p>\n<p>Contrariamente al suo cugino l&#8217;IMC, l&#8217;IMM non ti tratter\u00e0 da &#8220;sovrappeso&#8221; solo perch\u00e9 hai sviluppato i tuoi muscoli. <i>(S\u00ec, l&#8217;IMC pu\u00f2 essere un po&#8217; ottuso a volte!)<\/i> \u00c8 particolarmente utile per te, sportivo, che tendi ad avere una <strong>massa muscolare pi\u00f9 importante<\/strong> della media.<\/p>\n<p>L&#8217;IMM tiene conto della tua percentuale di grasso corporeo, il che lo rende molto pi\u00f9 pertinente per valutare la tua condizione fisica reale. Ti permette di seguire i tuoi progressi nel bodybuilding senza essere indotto in errore dalle fluttuazioni di peso che possono essere dovute a un guadagno di muscolo piuttosto che a un guadagno di grasso.<\/p>\n<p><a href=\"https:\/\/dixsupps.com\/it\/qual-e-il-mio-indice-di-massa-magra\/\"><br \/>\nCalcolatore Indice di massa magra<br \/>\n<\/a><br \/>\n<img loading=\"lazy\" decoding=\"async\" src=\"https:\/\/dixsupps.com\/wp-content\/uploads\/2024\/10\/1RM-calcul.webp\" sizes=\"auto, (max-width: 1456px) 100vw, 1456px\" srcset=\"https:\/\/dixsupps.com\/wp-content\/uploads\/2024\/10\/1RM-calcul.webp 1456w, https:\/\/dixsupps.com\/wp-content\/uploads\/2024\/10\/1RM-calcul-300x168.webp 300w, https:\/\/dixsupps.com\/wp-content\/uploads\/2024\/10\/1RM-calcul-1024x574.webp 1024w, https:\/\/dixsupps.com\/wp-content\/uploads\/2024\/10\/1RM-calcul-768x430.webp 768w, https:\/\/dixsupps.com\/wp-content\/uploads\/2024\/10\/1RM-calcul-18x10.webp 18w, https:\/\/dixsupps.com\/wp-content\/uploads\/2024\/10\/1RM-calcul-600x336.webp 600w\" alt=\"Calcolatore 1RM\" width=\"1456\" height=\"816\" \/><\/p>\n<h2>calcolatore 1 Ripetizione Massima (1RM)<\/h2>\n<p>Il 1 Ripetizione Massima (1RM) \u00e8 la pietra angolare di ogni programma di bodybuilding serio. Rappresenta il carico massimo che puoi sollevare una sola volta con una tecnica corretta.<\/p>\n<p>Conoscere il tuo 1RM \u00e8 come avere una stima preziosa per il tuo allenamento. Questo calcolatore ti permette di stimare questo valore massimo senza rischiare di farti male cercando di sollevare pesi troppo pesanti. O allora di &#8220;<em>perdere tempo<\/em> con carichi troppo leggeri.<\/p>\n<p>Con questa informazione in mano, puoi <strong>ottimizzare le tue sessioni<\/strong> scegliendo i carichi giusti per i tuoi obiettivi specifici. Che tu miri alla forza pura, all&#8217;ipertrofia o alla resistenza muscolare, il 1RM \u00e8 uno dei valori pi\u00f9 importanti per il tuo allenamento.<\/p>\n<p><a href=\"https:\/\/dixsupps.com\/it\/calcolatore-1-ripetizione-massima-bodybuilding\/\"><br \/>\nCalcolatore ripetizione max (1RM)<br \/>\n<\/a><br \/>\n<img loading=\"lazy\" decoding=\"async\" src=\"https:\/\/dixsupps.com\/wp-content\/uploads\/2024\/10\/VO2-max.webp\" sizes=\"auto, (max-width: 1456px) 100vw, 1456px\" srcset=\"https:\/\/dixsupps.com\/wp-content\/uploads\/2024\/10\/VO2-max.webp 1456w, https:\/\/dixsupps.com\/wp-content\/uploads\/2024\/10\/VO2-max-300x168.webp 300w, https:\/\/dixsupps.com\/wp-content\/uploads\/2024\/10\/VO2-max-1024x574.webp 1024w, https:\/\/dixsupps.com\/wp-content\/uploads\/2024\/10\/VO2-max-768x430.webp 768w, https:\/\/dixsupps.com\/wp-content\/uploads\/2024\/10\/VO2-max-18x10.webp 18w, https:\/\/dixsupps.com\/wp-content\/uploads\/2024\/10\/VO2-max-600x336.webp 600w\" alt=\"Calcolatore VO2 Max\" width=\"1456\" height=\"816\" \/><\/p>\n<h2>Calcolatore VO2 Max<\/h2>\n<p>La VO2 Max \u00e8 un valore importante dell&#8217;endurance cardiovascolare. Rappresenta la capacit\u00e0 massima del tuo corpo di utilizzare l&#8217;ossigeno durante lo sforzo, un indicatore della tua forma fisica globale.<\/p>\n<p>Stimando il tuo consumo massimo di ossigeno, ti offre un <strong>prezioso sguardo sulla tua condizione cardiovascolare<\/strong>.<\/p>\n<p>Conoscere la tua VO2 Max ti permette di:<\/p>\n<ul>\n<li>Fissare obiettivi di allenamento realistici<\/li>\n<li>Seguire i tuoi progressi nel tempo<\/li>\n<li>Adattare il tuo programma per massimizzare i tuoi guadagni in endurance<\/li>\n<\/ul>\n<p>Che tu sia un corridore appassionato o semplicemente desideroso di migliorare la tua salute cardiovascolare, questo calcolatore \u00e8 il tuo alleato per raggiungere nuove vette di endurance.<\/p>\n<p><a href=\"https:\/\/dixsupps.com\/it\/calcolatore-di-vo2-max\/\"><br \/>\nCalcolatore VO2 MAX<br \/>\n<\/a><br \/>\n<img loading=\"lazy\" decoding=\"async\" src=\"https:\/\/dixsupps.com\/wp-content\/uploads\/2024\/10\/perf-max.webp\" sizes=\"auto, (max-width: 1456px) 100vw, 1456px\" srcset=\"https:\/\/dixsupps.com\/wp-content\/uploads\/2024\/10\/perf-max.webp 1456w, https:\/\/dixsupps.com\/wp-content\/uploads\/2024\/10\/perf-max-300x168.webp 300w, https:\/\/dixsupps.com\/wp-content\/uploads\/2024\/10\/perf-max-1024x574.webp 1024w, https:\/\/dixsupps.com\/wp-content\/uploads\/2024\/10\/perf-max-768x430.webp 768w, https:\/\/dixsupps.com\/wp-content\/uploads\/2024\/10\/perf-max-18x10.webp 18w, https:\/\/dixsupps.com\/wp-content\/uploads\/2024\/10\/perf-max-600x336.webp 600w\" alt=\"Calcolatore Guadagno Muscolare\" width=\"1456\" height=\"816\" \/><\/p>\n<h2>calcolatore di potenziale di guadagno muscolare<\/h2>\n<p>Il calcolatore di potenziale di guadagno muscolare stima i limiti naturali del tuo sviluppo muscolare. Ti offre una proiezione realistica della tua capacit\u00e0 di guadagnare muscoli, basata sulle tue caratteristiche fisiche uniche.<\/p>\n<p>Utilizzando dati come la tua altezza e il tuo peso, stima la tua <strong>massa corporea magra (LBM)<\/strong> e il tuo <strong>peso raggiungibile<\/strong>. Queste informazioni sono cruciali per fissare obiettivi realistici ed evitare delusioni.<\/p>\n<p>I benefici sono molteplici: puoi ottimizzare il tuo programma di allenamento, adattare la tua nutrizione e mantenere una prospettiva a lungo termine sul tuo percorso. <i>(Roma non \u00e8 stata costruita in un giorno, nemmeno il tuo fisico da sogno!)<\/i><\/p>\n<p><a href=\"https:\/\/dixsupps.com\/it\/calcolatore-di-guadagno-di-massa-muscolare\/\"><br \/>\nCalcolatore Potenziale muscolare massimo<br \/>\n<\/a><br \/>\n<img loading=\"lazy\" decoding=\"async\" src=\"https:\/\/dixsupps.com\/wp-content\/uploads\/2024\/10\/Creatine-2-1024x574.webp\" sizes=\"auto, (max-width: 800px) 100vw, 800px\" srcset=\"https:\/\/dixsupps.com\/wp-content\/uploads\/2024\/10\/Creatine-2-1024x574.webp 1024w, https:\/\/dixsupps.com\/wp-content\/uploads\/2024\/10\/Creatine-2-300x168.webp 300w, https:\/\/dixsupps.com\/wp-content\/uploads\/2024\/10\/Creatine-2-768x430.webp 768w, https:\/\/dixsupps.com\/wp-content\/uploads\/2024\/10\/Creatine-2-18x10.webp 18w, https:\/\/dixsupps.com\/wp-content\/uploads\/2024\/10\/Creatine-2-600x336.webp 600w, https:\/\/dixsupps.com\/wp-content\/uploads\/2024\/10\/Creatine-2-96x54.webp 96w, https:\/\/dixsupps.com\/wp-content\/uploads\/2024\/10\/Creatine-2-42x24.webp 42w, https:\/\/dixsupps.com\/wp-content\/uploads\/2024\/10\/Creatine-2.webp 1456w\" alt=\"\" width=\"800\" height=\"448\" \/><\/p>\n<h2>Calcolatore Dosaggio Creatina<\/h2>\n<p>La creatina \u00e8 uno degli integratori pi\u00f9 efficaci per migliorare le tue prestazioni sportive. Gioca un ruolo preponderante nella produzione di energia muscolare e nel recupero, un elemento chiave per ottimizzare i tuoi risultati.<br \/>\nAnalizzando le tue caratteristiche individuali, ti offre una <strong>raccomandazione personalizzata di dosaggio basata sulla scienza<\/strong>.<br \/>\nConoscere il tuo dosaggio ottimale ti permette di:<\/p>\n<ul>\n<li>Massimizzare i tuoi guadagni in forza e massa muscolare<\/li>\n<li>Ottimizzare il tuo recupero tra le sessioni<\/li>\n<li>Adattare la tua integrazione secondo il tuo profilo unico<\/li>\n<\/ul>\n<p>Che tu sia un atleta di forza, un praticante di CrossFit o semplicemente desideroso di migliorare le tue prestazioni, questo calcolatore \u00e8 la tua guida per un&#8217;integrazione efficace e personalizzata.<\/p>\n<p><a href=\"https:\/\/dixsupps.com\/it\/qual-e-la-dose-di-creatina-al-giorno\/\"><br \/>\nCalcolatore dose creatina<br \/>\n<\/a><br \/>\n<img loading=\"lazy\" decoding=\"async\" src=\"https:\/\/dixsupps.com\/wp-content\/uploads\/2025\/01\/calculateur-metabolisme.webp\" srcset=\"&quot;https:\/\/dixsupps.com\/wp-content\/uploads\/2025\/01\/calculateur-metabolisme.webp\" alt=\"Calcolatore di metabolismo di base\" width=\"1456\" height=\"816\" \/><\/p>\n","protected":false},"excerpt":{"rendered":"<p>Perch\u00e9 \u00e8 importante misurare le tue prestazioni nel fitness e nel bodybuilding? Si pu\u00f2 migliorare solo ci\u00f2 che si misura. \u00c8 un principio fondamentale che si applica perfettamente al fitness e al bodybuilding, perch\u00e9 senza misurazioni precise, \u00e8 impossibile sapere se sei sulla strada giusta o se stai stagnando. Immaginati di navigare senza bussola n\u00e9 [&hellip;]<\/p>\n","protected":false},"author":5,"featured_media":0,"parent":0,"menu_order":0,"comment_status":"closed","ping_status":"closed","template":"","meta":{"footnotes":"","rank_math_title":"Calcolare le proprie prestazioni sportive e di fitness","rank_math_description":"Trova tutti i nostri calcolatori sportivi come il 1RM, le tue prestazioni massime, l'indice di massa magra, il VO2 max e molto altro.","rank_math_canonical_url":"","rank_math_robots":null,"rank_math_focus_keyword":"calcolare"},"class_list":["post-19237","page","type-page","status-publish","hentry"],"jetpack_sharing_enabled":true,"_links":{"self":[{"href":"https:\/\/dixsupps.com\/it\/wp-json\/wp\/v2\/pages\/19237","targetHints":{"allow":["GET"]}}],"collection":[{"href":"https:\/\/dixsupps.com\/it\/wp-json\/wp\/v2\/pages"}],"about":[{"href":"https:\/\/dixsupps.com\/it\/wp-json\/wp\/v2\/types\/page"}],"author":[{"embeddable":true,"href":"https:\/\/dixsupps.com\/it\/wp-json\/wp\/v2\/users\/5"}],"replies":[{"embeddable":true,"href":"https:\/\/dixsupps.com\/it\/wp-json\/wp\/v2\/comments?post=19237"}],"version-history":[{"count":2,"href":"https:\/\/dixsupps.com\/it\/wp-json\/wp\/v2\/pages\/19237\/revisions"}],"predecessor-version":[{"id":20423,"href":"https:\/\/dixsupps.com\/it\/wp-json\/wp\/v2\/pages\/19237\/revisions\/20423"}],"wp:attachment":[{"href":"https:\/\/dixsupps.com\/it\/wp-json\/wp\/v2\/media?parent=19237"}],"curies":[{"name":"wp","href":"https:\/\/api.w.org\/{rel}","templated":true}]}}