{"id":18379,"date":"2023-03-07T20:20:31","date_gmt":"2023-03-07T20:20:31","guid":{"rendered":"https:\/\/dixsupps-v2.local\/?post_type=product&#038;p=18379"},"modified":"2026-04-01T14:47:23","modified_gmt":"2026-04-01T14:47:23","slug":"comprar-pre-treino","status":"publish","type":"product","link":"https:\/\/dixsupps.com\/pt-pt\/produto\/comprar-pre-treino\/","title":{"rendered":"Pr\u00e9-Treino"},"content":{"rendered":"","protected":false},"excerpt":{"rendered":"<ul>\n<li><strong>Pump &amp; Vasodilata\u00e7\u00e3o :<\/strong> Dosado a 9500mg de L-Citrulina pura (n\u00e3o malato) para uma congest\u00e3o muscular extrema e um aporte nutritivo multiplicado.<\/li>\n<li><strong>Foco &amp; Energia Laser :<\/strong> Sinergia de L-Tirosina e Cafe\u00edna (200mg) para uma concentra\u00e7\u00e3o total e uma motiva\u00e7\u00e3o sem falhas, sem qualquer efeito de &#8220;crash&#8221;.<\/li>\n<li><strong>Endurance &amp; Anti-Fadiga :<\/strong> Enriquecido com Beta-Alanina e Rhodiola Rosea para retardar a acidez muscular e reduzir a percep\u00e7\u00e3o do esfor\u00e7o.<\/li>\n<li><strong>Hidrata\u00e7\u00e3o Otimizada :<\/strong> F\u00f3rmula com Eletr\u00f3litos e Glicerol para manter o desempenho e a isotonia durante as suas sess\u00f5es mais intensas.<\/li>\n<\/ul>\n","protected":false},"featured_media":23328,"comment_status":"open","ping_status":"closed","template":"","meta":[],"product_brand":[],"product_cat":[406],"product_tag":[714,722,559,566],"class_list":{"0":"post-18379","1":"product","2":"type-product","3":"status-publish","4":"has-post-thumbnail","6":"product_cat-endurance-pt-pt","7":"product_tag-concentracao","8":"product_tag-energia-imediata","9":"product_tag-intensidade","10":"product_tag-motivacao","12":"first","13":"instock","14":"purchasable","15":"product-type-variable"},"jetpack_sharing_enabled":true,"_links":{"self":[{"href":"https:\/\/dixsupps.com\/pt-pt\/wp-json\/wp\/v2\/product\/18379","targetHints":{"allow":["GET"]}}],"collection":[{"href":"https:\/\/dixsupps.com\/pt-pt\/wp-json\/wp\/v2\/product"}],"about":[{"href":"https:\/\/dixsupps.com\/pt-pt\/wp-json\/wp\/v2\/types\/product"}],"replies":[{"embeddable":true,"href":"https:\/\/dixsupps.com\/pt-pt\/wp-json\/wp\/v2\/comments?post=18379"}],"wp:featuredmedia":[{"embeddable":true,"href":"https:\/\/dixsupps.com\/pt-pt\/wp-json\/wp\/v2\/media\/23328"}],"wp:attachment":[{"href":"https:\/\/dixsupps.com\/pt-pt\/wp-json\/wp\/v2\/media?parent=18379"}],"wp:term":[{"taxonomy":"product_brand","embeddable":true,"href":"https:\/\/dixsupps.com\/pt-pt\/wp-json\/wp\/v2\/product_brand?post=18379"},{"taxonomy":"product_cat","embeddable":true,"href":"https:\/\/dixsupps.com\/pt-pt\/wp-json\/wp\/v2\/product_cat?post=18379"},{"taxonomy":"product_tag","embeddable":true,"href":"https:\/\/dixsupps.com\/pt-pt\/wp-json\/wp\/v2\/product_tag?post=18379"}],"curies":[{"name":"wp","href":"https:\/\/api.w.org\/{rel}","templated":true}]}}