{"id":18380,"date":"2023-02-22T14:25:48","date_gmt":"2023-02-22T14:25:48","guid":{"rendered":"https:\/\/dixsupps-v2.local\/?post_type=product&#038;p=18380"},"modified":"2026-04-06T08:23:15","modified_gmt":"2026-04-06T08:23:15","slug":"comprar-ecdysterone","status":"publish","type":"product","link":"https:\/\/dixsupps.com\/pt-pt\/produto\/comprar-ecdysterone\/","title":{"rendered":"Ecdisterona"},"content":{"rendered":"","protected":false},"excerpt":{"rendered":"<ul>\n<li><strong>Alta concentra\u00e7\u00e3o (HPLC) :<\/strong> Extrato padronizado com a maior concentra\u00e7\u00e3o de ecdisterona por c\u00e1psulas da Europa<\/li>\n<li><strong>Alternativa Natural :<\/strong> Estimula a s\u00edntese proteica e o crescimento muscular sem impacto no eixo hormonal.<\/li>\n<li><strong>Absor\u00e7\u00e3o Superior :<\/strong> Complexo patenteado H-C-B + Pimenta Preta para uma biodisponibilidade 5x superior.<\/li>\n<li><strong>Cura 45 Dias :<\/strong> 90 c\u00e1psulas vegetais de alta concentra\u00e7\u00e3o (1490mg por por\u00e7\u00e3o).<\/li>\n<\/ul>\n","protected":false},"featured_media":20763,"comment_status":"open","ping_status":"closed","template":"","meta":[],"product_brand":[],"product_cat":[408,410],"product_tag":[716,717,567,678],"class_list":{"0":"post-18380","1":"product","2":"type-product","3":"status-publish","4":"has-post-thumbnail","6":"product_cat-forca","7":"product_cat-recuperacao","8":"product_tag-construcao","9":"product_tag-definicao","10":"product_tag-musculo-seco","11":"product_tag-tonus-pt-pt","13":"first","14":"outofstock","15":"purchasable","16":"product-type-simple"},"jetpack_sharing_enabled":true,"_links":{"self":[{"href":"https:\/\/dixsupps.com\/pt-pt\/wp-json\/wp\/v2\/product\/18380","targetHints":{"allow":["GET"]}}],"collection":[{"href":"https:\/\/dixsupps.com\/pt-pt\/wp-json\/wp\/v2\/product"}],"about":[{"href":"https:\/\/dixsupps.com\/pt-pt\/wp-json\/wp\/v2\/types\/product"}],"replies":[{"embeddable":true,"href":"https:\/\/dixsupps.com\/pt-pt\/wp-json\/wp\/v2\/comments?post=18380"}],"wp:featuredmedia":[{"embeddable":true,"href":"https:\/\/dixsupps.com\/pt-pt\/wp-json\/wp\/v2\/media\/20763"}],"wp:attachment":[{"href":"https:\/\/dixsupps.com\/pt-pt\/wp-json\/wp\/v2\/media?parent=18380"}],"wp:term":[{"taxonomy":"product_brand","embeddable":true,"href":"https:\/\/dixsupps.com\/pt-pt\/wp-json\/wp\/v2\/product_brand?post=18380"},{"taxonomy":"product_cat","embeddable":true,"href":"https:\/\/dixsupps.com\/pt-pt\/wp-json\/wp\/v2\/product_cat?post=18380"},{"taxonomy":"product_tag","embeddable":true,"href":"https:\/\/dixsupps.com\/pt-pt\/wp-json\/wp\/v2\/product_tag?post=18380"}],"curies":[{"name":"wp","href":"https:\/\/api.w.org\/{rel}","templated":true}]}}