{"id":17766,"date":"2023-02-20T15:14:34","date_gmt":"2023-02-20T15:14:34","guid":{"rendered":"https:\/\/dixsupps-v2.local\/sobre\/"},"modified":"2026-01-21T16:50:37","modified_gmt":"2026-01-21T16:50:37","slug":"sobre","status":"publish","type":"page","link":"https:\/\/dixsupps.com\/pt\/sobre\/","title":{"rendered":"SOBRE"},"content":{"rendered":"<h2><strong>Empresa francesa<\/strong><\/h2>\n<p>Uma equipa de apaixonados, talvez um pouco demais, mas sempre guiada por um objetivo: desenvolver os melhores produtos para te ver atuar ao mais alto n\u00edvel.<\/p>\n<h3><strong>A Ci\u00eancia Como Pilar da Nossa Expertise<\/strong><\/h3>\n<p>A nossa equipa de especialistas <b>apaixonados<\/b> mant\u00e9m-se constantemente informada sobre as \u00faltimas pesquisas cient\u00edficas para te oferecer os produtos mais eficazes.<\/p>\n<h3><strong>Mais Do Que Uma Simples Marca de Suplementos<\/strong><\/h3>\n<p><b>Queremos ver-te atuar!<\/b><br \/>\n\u00c9 por isso que oferecemos produtos \u00fanicos e otimizados, formulados com os melhores ingredientes e dosagens precisas para garantir o m\u00e1ximo de resultados.<\/p>\n<h3><strong>Uma Comunidade Dedicada \u00e0 Performance<\/strong><\/h3>\n<p>Os teus resultados s\u00e3o a nossa prioridade. O n\u00famero de atletas que nos escolhem n\u00e3o para de crescer, e gra\u00e7as ao passa-palavra, a nossa expans\u00e3o supera todas as nossas expectativas. Obrigado a ti \ud83e\ude75<br \/>\n#BEA10<\/p>\n<h2><strong>Estudos cient\u00edficos<\/strong><\/h2>\n<p>O nosso processo come\u00e7a por uma compreens\u00e3o aprofundada dos mecanismos fisiol\u00f3gicos. Depois, ao analisar centenas de estudos cient\u00edficos, objetivamos a escolha dos melhores ingredientes a partir dos resultados cl\u00ednicos obtidos.<\/p>\n<h3><strong>A qualidade \u00e9 a base. A efic\u00e1cia \u00e9 a dosagem<\/strong><\/h3>\n<p>Um ingrediente de qualidade mal dosado \u00e9 in\u00fatil. As nossas f\u00f3rmulas alinham-se com os n\u00edveis de efic\u00e1cia observados em pesquisa cl\u00ednica.<\/p>\n<h3><strong>O que nos torna realmente diferentes<\/strong><\/h3>\n<p>Realizamos uma pesquisa aprofundada para identificar os ingredientes mais eficazes. Isso pode levar anos, mas acabamos sempre por encontrar a melhor mat\u00e9ria-prima. Ao colaborar com os melhores fornecedores do mundo, criamos f\u00f3rmulas \u00fanicas com efic\u00e1cia superior.<\/p>\n","protected":false},"excerpt":{"rendered":"<p>Empresa francesa Uma equipa de apaixonados, talvez um pouco demais, mas sempre guiada por um objetivo: desenvolver os melhores produtos para te ver atuar ao mais alto n\u00edvel. A Ci\u00eancia Como Pilar da Nossa Expertise A nossa equipa de especialistas apaixonados mant\u00e9m-se constantemente informada sobre as \u00faltimas pesquisas cient\u00edficas para te oferecer os produtos mais [&hellip;]<\/p>\n","protected":false},"author":4,"featured_media":0,"parent":0,"menu_order":0,"comment_status":"closed","ping_status":"closed","template":"","meta":{"footnotes":"","rank_math_title":"","rank_math_description":"","rank_math_canonical_url":"","rank_math_robots":null,"rank_math_focus_keyword":""},"class_list":["post-17766","page","type-page","status-publish","hentry"],"jetpack_sharing_enabled":true,"_links":{"self":[{"href":"https:\/\/dixsupps.com\/pt\/wp-json\/wp\/v2\/pages\/17766","targetHints":{"allow":["GET"]}}],"collection":[{"href":"https:\/\/dixsupps.com\/pt\/wp-json\/wp\/v2\/pages"}],"about":[{"href":"https:\/\/dixsupps.com\/pt\/wp-json\/wp\/v2\/types\/page"}],"author":[{"embeddable":true,"href":"https:\/\/dixsupps.com\/pt\/wp-json\/wp\/v2\/users\/4"}],"replies":[{"embeddable":true,"href":"https:\/\/dixsupps.com\/pt\/wp-json\/wp\/v2\/comments?post=17766"}],"version-history":[{"count":1,"href":"https:\/\/dixsupps.com\/pt\/wp-json\/wp\/v2\/pages\/17766\/revisions"}],"predecessor-version":[{"id":17783,"href":"https:\/\/dixsupps.com\/pt\/wp-json\/wp\/v2\/pages\/17766\/revisions\/17783"}],"wp:attachment":[{"href":"https:\/\/dixsupps.com\/pt\/wp-json\/wp\/v2\/media?parent=17766"}],"curies":[{"name":"wp","href":"https:\/\/api.w.org\/{rel}","templated":true}]}}