{"id":19252,"date":"2026-01-22T11:31:08","date_gmt":"2026-01-22T11:31:08","guid":{"rendered":"https:\/\/dixsupps-v2.local\/faq-perguntas-frequentes\/"},"modified":"2026-01-22T11:31:08","modified_gmt":"2026-01-22T11:31:08","slug":"faq","status":"publish","type":"page","link":"https:\/\/dixsupps.com\/pt\/faq\/","title":{"rendered":"FAQ \/ Perguntas Frequentes"},"content":{"rendered":"<h1 style=\"text-align: center;\">FAQ \/ Perguntas frequentes<\/h1>\n<p>Reunimos todas as perguntas mais frequentes enviadas por email ou nas nossas redes sociais sobre a atividade da DIX.<\/p>\n<h2>Perguntas sobre entrega e encomendas<\/h2>\n<p>\t\t\t\t\t<!-- Titre cliquable --><\/p>\n<h3>\n\t\t\t\t\t\t\tPosso cancelar ou modificar uma encomenda?\t\t\t\t\t\t<\/h3>\n<p>\t\t\t\t\t<!-- Contenu --><\/p>\n<p>Se a sua encomenda ainda n\u00e3o foi processada, tem a possibilidade de nos <strong><a href=\"https:\/\/dixsupps.com\/contact\/\">contactar nesta p\u00e1gina<\/a><\/strong> ou atrav\u00e9s do endere\u00e7o contact@dixsupps.com para nos fazer o seu pedido, munido do seu n\u00famero de encomenda.<\/p>\n<p>Faremos tudo o que estiver ao nosso alcance para modificar ou cancelar a mesma (e reembols\u00e1-lo neste segundo caso) se o pacote ainda n\u00e3o tiver sido enviado.<\/p>\n<p>\t\t\t\t\t<!-- Titre cliquable --><\/p>\n<h3>\n\t\t\t\t\t\t\tPara que pa\u00edses entregam?\t\t\t\t\t\t<\/h3>\n<p>\t\t\t\t\t<!-- Contenu --><\/p>\n<p>A entrega est\u00e1 dispon\u00edvel nas seguintes zonas:<\/p>\n<ul>\n<li><strong>Fran\u00e7a<\/strong>: porque os nossos produtos s\u00e3o criados em Fran\u00e7a.<\/li>\n<li><strong>Europa<\/strong>: Alemanha, \u00c1ustria, B\u00e9lgica, Bulg\u00e1ria, Chipre, Cro\u00e1cia, Dinamarca, Espanha, Est\u00f3nia, Finl\u00e2ndia, Gr\u00e9cia, Hungria, Irlanda, It\u00e1lia, Let\u00f3nia, Litu\u00e2nia, Luxemburgo, Malta, Pa\u00edses Baixos, Pol\u00f3nia, Portugal, Rom\u00e9nia, Eslov\u00e1quia, Eslov\u00e9nia, Su\u00e9cia, Ch\u00e9quia.<\/li>\n<\/ul>\n<p>Tamb\u00e9m entregamos na <strong>Austr\u00e1lia<\/strong>, na <strong>Am\u00e9rica do Norte<\/strong>, na <strong>Am\u00e9rica do Sul<\/strong> e em <strong>\u00c1frica<\/strong>.<\/p>\n<p><strong>Nota:<\/strong> n\u00e3o entregamos na <strong>\u00c1sia<\/strong>.<\/p>\n<p>\t\t\t\t\t<!-- Titre cliquable --><\/p>\n<h3>\n\t\t\t\t\t\t\tQuais s\u00e3o os prazos de entrega?\t\t\t\t\t\t<\/h3>\n<p>\t\t\t\t\t<!-- Contenu --><\/p>\n<p>Para qualquer encomenda feita no nosso site oficial, as encomendas s\u00e3o enviadas em <strong>24h nos dias \u00fateis.<\/strong><\/p>\n<p>Os prazos de entrega v\u00e3o obviamente estar relacionados com o seu local de resid\u00eancia, mas aqui est\u00e3o os prazos m\u00e9dios:<\/p>\n<ul>\n<li>Fran\u00e7a: 24\/48 horas<\/li>\n<li>Europa: 3 a 6 dias<\/li>\n<\/ul>\n<p>\t\t\t\t\t<!-- Titre cliquable --><\/p>\n<h3>\n\t\t\t\t\t\t\tComo saber o estado da minha encomenda?\t\t\t\t\t\t<\/h3>\n<p>\t\t\t\t\t<!-- Contenu --><\/p>\n<p>Para seguir a sua encomenda, basta clicar no n\u00famero de rastreamento inclu\u00eddo no email que vai receber ap\u00f3s a sua encomenda.<\/p>\n<p>Este n\u00famero de rastreamento permitir\u00e1 obter informa\u00e7\u00f5es em tempo real sobre a entrega do seu pacote DIX!<\/p>\n<p>\t\t\t\t\t<!-- Titre cliquable --><\/p>\n<h3>\n\t\t\t\t\t\t\tQual \u00e9 o pre\u00e7o da entrega\t\t\t\t\t\t<\/h3>\n<p>\t\t\t\t\t<!-- Contenu --><\/p>\n<p>Os custos de envio s\u00e3o calculados de acordo com o local de entrega, por isso n\u00e3o podemos dizer com certeza, mas no seu carrinho pode simular o valor da sua entrega antes mesmo do pagamento.<\/p>\n<p>Saiba ainda que tem <strong>entrega gratuita<\/strong> a partir de valores que tamb\u00e9m podem variar consoante o local de entrega, <strong>este valor come\u00e7a a partir de 70\u20ac para uma entrega em Fran\u00e7a e na Europa.<\/strong><\/p>\n<p>\t\t\t\t\t<!-- Titre cliquable --><\/p>\n<h3>\n\t\t\t\t\t\t\tQuero devolver o meu produto, como fazer?\t\t\t\t\t\t<\/h3>\n<p>\t\t\t\t\t<!-- Contenu --><\/p>\n<p>A DIX autoriza a devolu\u00e7\u00e3o de produtos sob as seguintes condi\u00e7\u00f5es:<\/p>\n<ul>\n<li>Que o produto n\u00e3o tenha sido aberto<\/li>\n<li>No prazo de 30 dias a contar da data de rece\u00e7\u00e3o.<\/li>\n<li>Os produtos devem estar na sua embalagem original e em bom estado<\/li>\n<\/ul>\n<p>Para tal, <strong><a href=\"https:\/\/dixsupps.com\/contact\/\">contacte-nos nesta p\u00e1gina<\/a><\/strong> ou atrav\u00e9s do endere\u00e7o contact@dixsupp.com, n\u00e3o se esquecendo de nos fornecer o seu n\u00famero de encomenda. Forneceremos uma etiqueta de devolu\u00e7\u00e3o a apresentar no ponto de entrega. O seu reembolso ser\u00e1 efetuado ap\u00f3s verifica\u00e7\u00e3o do(s) produto(s).<\/p>\n<p>\t\t\t\t\t<!-- Titre cliquable --><\/p>\n<h3>\n\t\t\t\t\t\t\tQue m\u00e9todo de pagamento aceitam?\t\t\t\t\t\t<\/h3>\n<p>\t\t\t\t\t<!-- Contenu --><\/p>\n<p>Aceitamos os seguintes m\u00e9todos de pagamento:<\/p>\n<ul>\n<li>Cart\u00f5es banc\u00e1rios: Visa, Mastercard<\/li>\n<li>PayPal<\/li>\n<li>Apple Pay, Google Pay<\/li>\n<\/ul>\n<p>Todas as transa\u00e7\u00f5es s\u00e3o encriptadas e seguras para garantir a prote\u00e7\u00e3o dos seus dados.<\/p>\n<h2>Perguntas sobre os produtos<\/h2>\n<p>\t\t\t\t\t<!-- Titre cliquable --><\/p>\n<h3>\n\t\t\t\t\t\t\tQue tipos de produtos oferecem?\t\t\t\t\t\t<\/h3>\n<p>\t\t\t\t\t<!-- Contenu --><\/p>\n<p>A DIX oferece produtos dedicados \u00e0 performance desportiva, \u00e0 otimiza\u00e7\u00e3o f\u00edsica e ao bem-estar, desenvolvidos em Fran\u00e7a e formulados com base em estudos cient\u00edficos rigorosos.<\/p>\n<ul>\n<li><strong>Suplementos para performance e for\u00e7a<\/strong>: Ecdisterona, Turkesterona, Creatina Creapure, Pre-Workout.<\/li>\n<li><strong>Suplementos naturais e adaptog\u00e9nicos<\/strong>: Shilajit (resina e c\u00e1psulas), Tribulus Terrestris, Rhodiola Rosea, Apigenina.<\/li>\n<li><strong>Energia, recupera\u00e7\u00e3o e longevidade:<\/strong> NAD+, Magn\u00e9sio Zinco.<\/li>\n<li><strong>Gest\u00e3o de peso<\/strong>: Queimador de gordura.<\/li>\n<\/ul>\n<p>Todos os produtos s\u00e3o concebidos com ingredientes premium, dosagens precisas e uma exig\u00eancia constante de qualidade e efic\u00e1cia, para acompanhar cada atleta rumo a performances \u00f3timas.<\/p>\n<p>\t\t\t\t\t<!-- Titre cliquable --><\/p>\n<h3>\n\t\t\t\t\t\t\tSou vegano, posso usar os vossos produtos?\t\t\t\t\t\t<\/h3>\n<p>\t\t\t\t\t<!-- Contenu --><\/p>\n<p>A grande maioria dos nossos produtos s\u00e3o veganos, pois utilizamos c\u00e1psulas vegetais. A nossa vitamina D tamb\u00e9m \u00e9 de origem vegetal. No entanto, alguns produtos como a prote\u00edna isolada nativa e os \u00f3mega 3 n\u00e3o o s\u00e3o.<\/p>\n<p>\t\t\t\t\t<!-- Titre cliquable --><\/p>\n<h3>\n\t\t\t\t\t\t\tDe onde prov\u00eam as mat\u00e9rias-primas dos vossos produtos?\t\t\t\t\t\t<\/h3>\n<p>\t\t\t\t\t<!-- Contenu --><\/p>\n<p>A proveni\u00eancia dos nossos ingredientes \u00e9 cuidadosamente selecionada para garantir qualidade, rastreabilidade e efic\u00e1cia:<\/p>\n<ul>\n<li><strong>Magn\u00e9sio Zinco<\/strong>: Fran\u00e7a.<\/li>\n<li><strong>Rhodiola Rosea<\/strong>: Sib\u00e9ria.<\/li>\n<li><strong>Shilajit<\/strong>: Himalaia.<\/li>\n<li><strong>\u00d3mega 3<\/strong>: Noruega.<\/li>\n<li><strong>Creatina<\/strong>: Alemanha.<\/li>\n<li><strong>Tribulus Terrestris<\/strong>: Bulg\u00e1ria.<\/li>\n<li><strong>NAD+<\/strong>: Fran\u00e7a.<\/li>\n<li><strong>Queimador de gordura<\/strong>: Fran\u00e7a.<\/li>\n<li><strong>Pre-Workout<\/strong>: Europa.<\/li>\n<li><strong>Ecdisterona<\/strong>: China.<\/li>\n<li><strong>Turkesterona<\/strong>: \u00c1sia Central.<\/li>\n<\/ul>\n<p>Uma vez selecionadas, todas as mat\u00e9rias-primas s\u00e3o sistematicamente analisadas. Em cada p\u00e1gina de produto, um relat\u00f3rio emitido por uma empresa privada independente est\u00e1 dispon\u00edvel para verificar o teor real dos ativos, bem como a seguran\u00e7a e a qualidade sanit\u00e1ria de cada suplemento.<\/p>\n<p>\t\t\t\t\t<!-- Titre cliquable --><\/p>\n<h3>\n\t\t\t\t\t\t\tComo conservar os suplementos DIX?\t\t\t\t\t\t<\/h3>\n<p>\t\t\t\t\t<!-- Contenu --><\/p>\n<p>Os suplementos DIX devem ser conservados num local fresco, seco e ao abrigo da luz, para preservar a sua qualidade e efic\u00e1cia ao longo do tempo.<\/p>\n<p>Recomenda-se fechar bem as embalagens ap\u00f3s cada utiliza\u00e7\u00e3o e mant\u00ea-las fora do alcance das crian\u00e7as.<\/p>\n<p><strong>Casos particulares<\/strong>: os <strong>\u00d3mega 3 e o nosso NAD+<\/strong> devem de prefer\u00eancia ser conservados no frigor\u00edfico ap\u00f3s a abertura, para garantir uma melhor estabilidade e frescura \u00f3tima dos \u00e1cidos gordos.<\/p>\n<p>\t\t\t\t\t<!-- Titre cliquable --><\/p>\n<h3>\n\t\t\t\t\t\t\tQuantos suplementos devo tomar diariamente?\t\t\t\t\t\t<\/h3>\n<p>\t\t\t\t\t<!-- Contenu --><\/p>\n<p>A quantidade de suplementos a tomar diariamente depende de cada produto. A posologia varia em fun\u00e7\u00e3o da f\u00f3rmula, da concentra\u00e7\u00e3o dos ativos e do objetivo pretendido.<\/p>\n<p>As recomenda\u00e7\u00f5es de uso est\u00e3o claramente indicadas no r\u00f3tulo de cada produto. Tamb\u00e9m est\u00e3o acess\u00edveis atrav\u00e9s da leitura do QR code presente na embalagem ou diretamente no nosso site, na ficha detalhada de cada produto.<\/p>\n<p>Em caso de d\u00favida ou situa\u00e7\u00e3o particular, \u00e9 tamb\u00e9m poss\u00edvel contactar a nossa equipa por email para obter uma resposta personalizada.<\/p>\n<p>\t\t\t\t\t<!-- Titre cliquable --><\/p>\n<h3>\n\t\t\t\t\t\t\tOs produtos DIX s\u00e3o testados em laborat\u00f3rio?\t\t\t\t\t\t<\/h3>\n<p>\t\t\t\t\t<!-- Contenu --><\/p>\n<p>Os produtos DIX s\u00e3o sistematicamente testados em laborat\u00f3rio para garantir a sua pureza e efic\u00e1cia. Os resultados das an\u00e1lises est\u00e3o dispon\u00edveis na ficha de produto de cada refer\u00eancia.<\/p>\n<h2>Perguntas B2B<\/h2>\n<p>\t\t\t\t\t<!-- Titre cliquable --><\/p>\n<h3>\n\t\t\t\t\t\t\tEst\u00e3o a recrutar?\t\t\t\t\t\t<\/h3>\n<p>\t\t\t\t\t<!-- Contenu --><\/p>\n<p>A empresa DIX est\u00e1 em constante evolu\u00e7\u00e3o e procura expandir-se, ganhando a cada ano novas quotas de mercado.<\/p>\n<p>Nesta din\u00e2mica de crescimento, estamos regularmente \u00e0 procura de perfis motivados e apaixonados, capazes de se inscrever na nossa vis\u00e3o e nos nossos valores.<\/p>\n<p>Para qualquer candidatura ou contacto, \u00e9 poss\u00edvel escrever-nos diretamente atrav\u00e9s desta p\u00e1gina ou consultar a p\u00e1gina dedicada ao recrutamento, onde s\u00e3o publicadas as nossas oportunidades em curso.<\/p>\n<p>\t\t\t\t\t<!-- Titre cliquable --><\/p>\n<h3>\n\t\t\t\t\t\t\tComo se tornar embaixador da marca DIX?\t\t\t\t\t\t<\/h3>\n<p>\t\t\t\t\t<!-- Contenu --><\/p>\n<p>\u00c9 poss\u00edvel tornar-se embaixador da marca DIX se for um desportista confirmado ou se tiver uma audi\u00eancia envolvida no universo do desporto, da performance ou do bem-estar.<\/p>\n<p>Os perfis apaixonados, alinhados com os nossos valores e que desejam representar a marca s\u00e3o convidados a contactar-nos diretamente por email contact@dixsupps.com ou a visitar <a href=\"https:\/\/dixsupps.com\/ambassadeur\/\">a p\u00e1gina dedicada<\/a> para submeter uma candidatura para se tornar embaixador DIX.<\/p>\n<p>\t\t\t\t\t<!-- Titre cliquable --><\/p>\n<h3>\n\t\t\t\t\t\t\tPosso vender suplementos DIX na minha loja f\u00edsica ou online?\t\t\t\t\t\t<\/h3>\n<p>\t\t\t\t\t<!-- Contenu --><\/p>\n<p>Sim, \u00e9 perfeitamente poss\u00edvel tornar-se revendedor dos suplementos DIX.<\/p>\n<p>Quer possua uma loja f\u00edsica, um gin\u00e1sio, uma sala de crossfit ou um site de vendas online, solu\u00e7\u00f5es adaptadas podem ser implementadas para distribuir a marca.<\/p>\n<p>Para isso, basta entrar em contacto com a nossa equipa. Condi\u00e7\u00f5es espec\u00edficas e tarifas preferenciais s\u00e3o oferecidas aos parceiros revendedores.<\/p>\n<h2>Outras perguntas<\/h2>\n<p>\t\t\t\t\t<!-- Titre cliquable --><\/p>\n<h3>\n\t\t\t\t\t\t\tComo funcionam os meus pontos de fidelidade?\t\t\t\t\t\t<\/h3>\n<p>\t\t\t\t\t<!-- Contenu --><\/p>\n<p>O programa de fidelidade permite acumular pontos a cada compra de produtos na loja.<\/p>\n<p>Os pontos s\u00e3o atribu\u00eddos automaticamente durante a compra e acumulam-se na conta do cliente. N\u00e3o correspondem a um desconto imediato no valor da encomenda, mas a um sistema de recompensas.<\/p>\n<p>Uma vez atingido um certo n\u00famero de pontos, \u00e9 poss\u00edvel troc\u00e1-los diretamente por produtos oferecidos, de acordo com as condi\u00e7\u00f5es indicadas no site.<\/p>\n<p>O saldo de pontos e as recompensas dispon\u00edveis s\u00e3o consult\u00e1veis a qualquer momento a partir do espa\u00e7o do cliente.<\/p>\n<p>\t\t\t\t\t<!-- Titre cliquable --><\/p>\n<h3>\n\t\t\t\t\t\t\tPosso ter um c\u00f3digo promocional DIX?\t\t\t\t\t\t<\/h3>\n<p>\t\t\t\t\t<!-- Contenu --><\/p>\n<p>Sim, \u00e9 perfeitamente poss\u00edvel beneficiar de um c\u00f3digo promocional DIX.<\/p>\n<p>Basta visitar <a href=\"https:\/\/dixsupps.com\/code-promo-dix-supplements\/\">a p\u00e1gina dedicada<\/a> para obter o c\u00f3digo promocional mais vantajoso atualmente dispon\u00edvel. Tamb\u00e9m \u00e9 poss\u00edvel utilizar o c\u00f3digo promocional de um dos nossos influenciadores se desejar apoi\u00e1-lo na sua encomenda.<\/p>\n<p>\t\t\t\t\t<!-- Titre cliquable --><\/p>\n<h3>\n\t\t\t\t\t\t\tVi os vossos produtos na Amazon, \u00e9 normal?\t\t\t\t\t\t<\/h3>\n<p>\t\t\t\t\t<!-- Contenu --><\/p>\n<p>Sim, \u00e9 normal. Come\u00e7\u00e1mos por vender na Amazon.<\/p>\n<p>Se os produtos forem comprados atrav\u00e9s da loja oficial <strong>Oficial DIX<\/strong> na Amazon, s\u00e3o de facto os nossos produtos.<\/p>\n<p>No entanto, geralmente \u00e9 mais vantajoso encomendar diretamente no nosso site oficial: os pre\u00e7os s\u00e3o frequentemente mais interessantes e pode ainda acumular pontos de fidelidade, o que permite obter produtos gratuitos.<\/p>\n<p>\t\t\t\t\t<!-- Titre cliquable --><\/p>\n<h3>\n\t\t\t\t\t\t\tO que me prova que n\u00e3o s\u00e3o drop-shipping?\t\t\t\t\t\t<\/h3>\n<p>\t\t\t\t\t<!-- Contenu --><\/p>\n<p>V\u00e1rios elementos permitem confirmar que a DIX n\u00e3o \u00e9 uma marca de drop-shipping.<\/p>\n<p>Dispomos dos nossos pr\u00f3prios produtos, distribu\u00eddos nomeadamente atrav\u00e9s da nossa loja oficial na Amazon, o que implica uma gest\u00e3o direta dos stocks, da log\u00edstica e do servi\u00e7o ao cliente.<\/p>\n<p>Al\u00e9m disso, a nossa empresa est\u00e1 oficialmente registada e referenciada. As informa\u00e7\u00f5es legais s\u00e3o consult\u00e1veis livremente em <a href=\"https:\/\/www.pappers.fr\/entreprise\/dix-949673859\" target=\"_blank\" rel=\"noopener\"><strong>Pappers.fr<\/strong><\/a>, garantindo a transpar\u00eancia e a exist\u00eancia real da empresa.<\/p>\n","protected":false},"excerpt":{"rendered":"<p>FAQ \/ Perguntas frequentes Reunimos todas as perguntas mais frequentes enviadas por email ou nas nossas redes sociais sobre a atividade da DIX. Perguntas sobre entrega e encomendas Posso cancelar ou modificar uma encomenda? Se a sua encomenda ainda n\u00e3o foi processada, tem a possibilidade de nos contactar nesta p\u00e1gina ou atrav\u00e9s do endere\u00e7o contact@dixsupps.com [&hellip;]<\/p>\n","protected":false},"author":25,"featured_media":0,"parent":0,"menu_order":0,"comment_status":"closed","ping_status":"closed","template":"","meta":{"footnotes":"","rank_math_title":"FAQ DIX | Entrega, produtos, encomendas e parceiros","rank_math_description":"Encontre todas as respostas \u00e0s perguntas frequentes sobre os produtos DIX, a entrega, os pedidos, a fideliza\u00e7\u00e3o e as parcerias.","rank_math_canonical_url":"","rank_math_robots":"","rank_math_focus_keyword":""},"class_list":["post-19252","page","type-page","status-publish","hentry"],"jetpack_sharing_enabled":true,"_links":{"self":[{"href":"https:\/\/dixsupps.com\/pt\/wp-json\/wp\/v2\/pages\/19252","targetHints":{"allow":["GET"]}}],"collection":[{"href":"https:\/\/dixsupps.com\/pt\/wp-json\/wp\/v2\/pages"}],"about":[{"href":"https:\/\/dixsupps.com\/pt\/wp-json\/wp\/v2\/types\/page"}],"author":[{"embeddable":true,"href":"https:\/\/dixsupps.com\/pt\/wp-json\/wp\/v2\/users\/25"}],"replies":[{"embeddable":true,"href":"https:\/\/dixsupps.com\/pt\/wp-json\/wp\/v2\/comments?post=19252"}],"version-history":[{"count":0,"href":"https:\/\/dixsupps.com\/pt\/wp-json\/wp\/v2\/pages\/19252\/revisions"}],"wp:attachment":[{"href":"https:\/\/dixsupps.com\/pt\/wp-json\/wp\/v2\/media?parent=19252"}],"curies":[{"name":"wp","href":"https:\/\/api.w.org\/{rel}","templated":true}]}}