{"id":19253,"date":"2026-01-22T11:31:14","date_gmt":"2026-01-22T11:31:14","guid":{"rendered":"https:\/\/dixsupps-v2.local\/codigo-promocional-dix-supplements\/"},"modified":"2026-01-22T11:31:14","modified_gmt":"2026-01-22T11:31:14","slug":"codigo-promocional-dix-supplements","status":"publish","type":"page","link":"https:\/\/dixsupps.com\/pt\/codigo-promocional-dix-supplements\/","title":{"rendered":"C\u00f3digo Promocional DIX Supplements"},"content":{"rendered":"<h1>CODE PROMO DIX SUPLEMENTOS<\/h1>\n<h2>Oferecemos-te<br \/>\no maior desconto<br \/>\nque encontrar\u00e1s na internet<\/h2>\n<h2>Se est\u00e1s aqui, \u00e9 provavelmente porque procuras um c\u00f3digo promocional para o nosso site.<\/h2>\n<p>Conhecemos o cen\u00e1rio de cor: est\u00e1s prestes a fazer uma encomenda na nossa loja, chegas ao campo &#8220;c\u00f3digo promocional&#8221;, e a\u00ed, reflexo cl\u00e1ssico, abres um novo separador e escreves &#8220;c\u00f3digo promocional Dix&#8221; ou algo do g\u00e9nero&#8230; E aqui est\u00e1s!<\/p>\n<p>Ent\u00e3o, vamos dizer-te logo: <strong>n\u00e3o vale a pena procurar noutro lugar, noutros sites ou nas redes dos influenciadores, o melhor desconto \u00e9 mesmo aqui, no nosso site oficial.<\/strong><\/p>\n<p>Porqu\u00ea? Porque a maioria dos c\u00f3digos dispon\u00edveis na Internet rondam os 5%. N\u00f3s, oferecemos-te um pouco mais: <strong>6% de desconto imediato<\/strong> na nossa loja. Basta simplesmente introduzir o teu endere\u00e7o de email, e receber\u00e1s o teu c\u00f3digo promocional nos minutos seguintes.<\/p>\n<p>E para sermos totalmente transparentes: as nossas margens j\u00e1 s\u00e3o muito baixas no que diz respeito aos suplementos alimentares. \u00c9 isso que nos permite garantir uma excelente rela\u00e7\u00e3o qualidade\/pre\u00e7o aos nossos clientes. Ent\u00e3o, antes de utilizares este c\u00f3digo, pergunta-te se realmente queres ativ\u00e1-lo \u2014 porque cada c\u00f3digo utilizado \u00e9 uma pequena ajuda a menos para que possamos continuar a oferecer-te o melhor, ao melhor pre\u00e7o.<\/p>\n<p>Bem-vindo \u00e0 equipa!<\/p>\n<h2>Regista o teu email para receberes o teu c\u00f3digo promocional de 6% para usar na nossa loja oficial.<\/h2>\n","protected":false},"excerpt":{"rendered":"<p>CODE PROMO DIX SUPLEMENTOS Oferecemos-te o maior desconto que encontrar\u00e1s na internet Se est\u00e1s aqui, \u00e9 provavelmente porque procuras um c\u00f3digo promocional para o nosso site. Conhecemos o cen\u00e1rio de cor: est\u00e1s prestes a fazer uma encomenda na nossa loja, chegas ao campo &#8220;c\u00f3digo promocional&#8221;, e a\u00ed, reflexo cl\u00e1ssico, abres um novo separador e escreves [&hellip;]<\/p>\n","protected":false},"author":25,"featured_media":0,"parent":0,"menu_order":0,"comment_status":"closed","ping_status":"closed","template":"","meta":{"footnotes":"","rank_math_title":"Nos C\u00f3digo Promo Dix Supps OFICIAL","rank_math_description":"Est\u00e1 \u00e0 procura de um c\u00f3digo promocional para a nossa loja? Ent\u00e3o vamos ser simp\u00e1ticos e vamos oferecer-lhe um aqui!","rank_math_canonical_url":"","rank_math_robots":"","rank_math_focus_keyword":"c\u00f3digo promocional"},"class_list":["post-19253","page","type-page","status-publish","hentry"],"jetpack_sharing_enabled":true,"_links":{"self":[{"href":"https:\/\/dixsupps.com\/pt\/wp-json\/wp\/v2\/pages\/19253","targetHints":{"allow":["GET"]}}],"collection":[{"href":"https:\/\/dixsupps.com\/pt\/wp-json\/wp\/v2\/pages"}],"about":[{"href":"https:\/\/dixsupps.com\/pt\/wp-json\/wp\/v2\/types\/page"}],"author":[{"embeddable":true,"href":"https:\/\/dixsupps.com\/pt\/wp-json\/wp\/v2\/users\/25"}],"replies":[{"embeddable":true,"href":"https:\/\/dixsupps.com\/pt\/wp-json\/wp\/v2\/comments?post=19253"}],"version-history":[{"count":0,"href":"https:\/\/dixsupps.com\/pt\/wp-json\/wp\/v2\/pages\/19253\/revisions"}],"wp:attachment":[{"href":"https:\/\/dixsupps.com\/pt\/wp-json\/wp\/v2\/media?parent=19253"}],"curies":[{"name":"wp","href":"https:\/\/api.w.org\/{rel}","templated":true}]}}