{"id":19255,"date":"2026-01-22T11:31:57","date_gmt":"2026-01-22T11:31:57","guid":{"rendered":"https:\/\/dixsupps-v2.local\/e-book-a-ignorancia-pesa-muito\/"},"modified":"2026-01-22T11:31:57","modified_gmt":"2026-01-22T11:31:57","slug":"e-book-1","status":"publish","type":"page","link":"https:\/\/dixsupps.com\/pt\/e-book-1\/","title":{"rendered":"E-BOOK &#8211; A IGNOR\u00c2NCIA PESA MUITO"},"content":{"rendered":"<h1>A ignor\u00e2ncia pesa muito<\/h1>\n<h2>Guia completo para<br \/>\nperda de peso<\/h2>\n<p>Registe o seu email para receber o seu ebook OFERECIDO!<\/p>\n<p>[mc4wp_form id=10821]<\/p>\n<h2>O que cont\u00e9m o nosso EBook de 50 p\u00e1ginas?<\/h2>\n<ul>\n<li><strong>Uma compreens\u00e3o completa da perda de peso<\/strong><br \/>\nDescubra as bases essenciais para entender como o seu corpo funciona e o que realmente influencia o seu peso.<\/li>\n<li><strong>Conselhos pr\u00e1ticos e aplic\u00e1veis<\/strong><br \/>\nAprenda a otimizar a sua alimenta\u00e7\u00e3o, a sua atividade f\u00edsica e os seus h\u00e1bitos di\u00e1rios para alcan\u00e7ar os seus objetivos.<\/li>\n<li><strong>Foco em temas essenciais<\/strong><br \/>\nExplore temas como o gasto energ\u00e9tico, o impacto do sono e o \u00edndice de saciedade para uma abordagem hol\u00edstica da perda de peso.<\/li>\n<li><strong>Dicas para uma implementa\u00e7\u00e3o eficaz<\/strong><br \/>\nEstrat\u00e9gias claras e simples para integrar h\u00e1bitos saud\u00e1veis e duradouros na sua rotina.<\/li>\n<li><strong>Um guia sobre os ingredientes chave para queimar gorduras<\/strong><br \/>\nAproveite recomenda\u00e7\u00f5es espec\u00edficas sobre os alimentos e nutrientes que favorecem a perda de gordura.<\/li>\n<\/ul>\n<p><img loading=\"lazy\" decoding=\"async\" src=\"https:\/\/dixsupps.com\/wp-content\/uploads\/2025\/01\/Lignorance-pese-lourd-1.png\" sizes=\"auto, (max-width: 650px) 100vw, 650px\" srcset=\"https:\/\/dixsupps.com\/wp-content\/uploads\/2025\/01\/Lignorance-pese-lourd-1.png 650w, https:\/\/dixsupps.com\/wp-content\/uploads\/2025\/01\/Lignorance-pese-lourd-1-300x300.png 300w, https:\/\/dixsupps.com\/wp-content\/uploads\/2025\/01\/Lignorance-pese-lourd-1-150x150.png 150w, https:\/\/dixsupps.com\/wp-content\/uploads\/2025\/01\/Lignorance-pese-lourd-1-12x12.png 12w, https:\/\/dixsupps.com\/wp-content\/uploads\/2025\/01\/Lignorance-pese-lourd-1-600x600.png 600w, https:\/\/dixsupps.com\/wp-content\/uploads\/2025\/01\/Lignorance-pese-lourd-1-100x100.png 100w, https:\/\/dixsupps.com\/wp-content\/uploads\/2025\/01\/Lignorance-pese-lourd-1-96x96.png 96w, https:\/\/dixsupps.com\/wp-content\/uploads\/2025\/01\/Lignorance-pese-lourd-1-42x42.png 42w\" alt=\"\" width=\"650\" height=\"650\" \/><\/p>\n","protected":false},"excerpt":{"rendered":"<p>A ignor\u00e2ncia pesa muito Guia completo para perda de peso Registe o seu email para receber o seu ebook OFERECIDO! [mc4wp_form id=10821] O que cont\u00e9m o nosso EBook de 50 p\u00e1ginas? Uma compreens\u00e3o completa da perda de peso Descubra as bases essenciais para entender como o seu corpo funciona e o que realmente influencia o [&hellip;]<\/p>\n","protected":false},"author":5,"featured_media":0,"parent":0,"menu_order":0,"comment_status":"closed","ping_status":"closed","template":"","meta":{"footnotes":"","rank_math_title":"O nosso Ebook Gr\u00e1tis - A ignor\u00e2ncia pesa muito","rank_math_description":"Receba gratuitamente o nosso e-book de 50 p\u00e1ginas sobre o metabolismo, os princ\u00edpios do corpo em 2 segundos.","rank_math_canonical_url":"","rank_math_robots":"","rank_math_focus_keyword":"apigenina de alta qualidade"},"class_list":["post-19255","page","type-page","status-publish","hentry"],"jetpack_sharing_enabled":true,"_links":{"self":[{"href":"https:\/\/dixsupps.com\/pt\/wp-json\/wp\/v2\/pages\/19255","targetHints":{"allow":["GET"]}}],"collection":[{"href":"https:\/\/dixsupps.com\/pt\/wp-json\/wp\/v2\/pages"}],"about":[{"href":"https:\/\/dixsupps.com\/pt\/wp-json\/wp\/v2\/types\/page"}],"author":[{"embeddable":true,"href":"https:\/\/dixsupps.com\/pt\/wp-json\/wp\/v2\/users\/5"}],"replies":[{"embeddable":true,"href":"https:\/\/dixsupps.com\/pt\/wp-json\/wp\/v2\/comments?post=19255"}],"version-history":[{"count":0,"href":"https:\/\/dixsupps.com\/pt\/wp-json\/wp\/v2\/pages\/19255\/revisions"}],"wp:attachment":[{"href":"https:\/\/dixsupps.com\/pt\/wp-json\/wp\/v2\/media?parent=19255"}],"curies":[{"name":"wp","href":"https:\/\/api.w.org\/{rel}","templated":true}]}}