{"id":19257,"date":"2024-10-18T13:02:15","date_gmt":"2024-10-18T13:02:15","guid":{"rendered":"https:\/\/dixsupps-v2.local\/calculadora-de-ganho-de-massa-muscular\/"},"modified":"2026-01-26T18:00:06","modified_gmt":"2026-01-26T18:00:06","slug":"calculadora-de-ganho-de-massa-muscular","status":"publish","type":"page","link":"https:\/\/dixsupps.com\/pt\/calculadora-de-ganho-de-massa-muscular\/","title":{"rendered":"Calculadora de ganho de massa muscular"},"content":{"rendered":"<h2>Porque calcular o seu potencial muscular m\u00e1ximo?<\/h2>\n<p>Simplesmente para definir objetivos que n\u00e3o sejam irrealistas. Para isso, voc\u00ea <strong>deve conhecer os seus limites gen\u00e9ticos<\/strong> e o seu pleno <strong>potencial muscular m\u00e1ximo<\/strong>. Porque cada indiv\u00edduo tem o seu e isso permite que n\u00e3o se desanime ao comparar o seu progresso com outros praticantes que possam ter capacidades gen\u00e9ticas diferentes.<\/p>\n<blockquote><p>Conhecer o seu pleno potencial \u00e9 ter como modelo a si mesmo e assim medir melhor o seu progresso.<\/p><\/blockquote>\n<p>Outra vantagem de calcular este valor \u00e9 ajudar a planear eficazmente os seus treinos. Se conhecer os seus objetivos a atingir naturalmente, ser\u00e1 capaz de estruturar as suas sess\u00f5es para maximizar os seus ganhos sem se expor a riscos desnecess\u00e1rios que poderiam levar a uma les\u00e3o e assim retardar o seu progresso.<\/p>\n<h2>Como usar o calculador?<\/h2>\n<p>O <strong>calculador de potencial muscular<\/strong> foi criado pela nossa equipa a partir de pesquisas cient\u00edficas e equa\u00e7\u00f5es que permitem calcul\u00e1-lo de forma, como dizer&#8230; um pouco mais complicada! Eis como us\u00e1-lo facilmente: Selecione o seu sexo no menu suspenso. Em seguida, insira o seu peso atual, expresso em quilogramas ou libras, conforme a sua prefer\u00eancia. Continue indicando o seu percentual de gordura corporal. Para conhecer este valor de forma precisa, pode usar um compasso de dobras cut\u00e2neas ou uma balan\u00e7a de bioimped\u00e2ncia para obter esta medida. Pode tamb\u00e9m referir-se a esta foto abaixo e estimar a sua taxa. <img loading=\"lazy\" decoding=\"async\" src=\"https:\/\/dixsupps.com\/wp-content\/uploads\/2025\/02\/taux-masse-grasse-photo-homme-femme.jpg\" alt=\"taux de masse grasse en photo homme femme\" width=\"1024\" height=\"575\" \/> Em seguida, me\u00e7a a <strong>circunfer\u00eancia do seu pulso<\/strong> e do seu <strong>tornozelo<\/strong>. Recomendamos o uso de uma fita m\u00e9trica flex\u00edvel que ser\u00e1 mais precisa. Para o pulso, me\u00e7a o espa\u00e7o entre o osso saliente e a m\u00e3o. Para o tornozelo, me\u00e7a entre o osso do tornozelo e o in\u00edcio do m\u00fasculo da panturrilha. Finalmente, insira a sua altura em cent\u00edmetros ou em p\u00e9s e polegadas. Uma vez inseridos todos os dados, o calculador gera automaticamente os seus resultados. Estes incluem a sua <strong>massa corporal magra<\/strong> (LBM), o seu <strong>peso ating\u00edvel<\/strong>, e a <strong>massa gorda<\/strong>. Estes resultados d\u00e3o-lhe uma estimativa realista do que pode alcan\u00e7ar com um <i>treino e uma nutri\u00e7\u00e3o adequados<\/i>. Se precisar de repetir as medi\u00e7\u00f5es v\u00e1rias vezes ao ano, lembre-se de faz\u00ea-las no mesmo momento do dia e nas mesmas condi\u00e7\u00f5es para n\u00e3o distorcer os seus valores<\/p>\n<div class=\"dix-script\" id=\"dix-script-18466\" data-script-id=\"18466\" data-type=\"calculator\" data-subtype=\"\" data-config='{&quot;type&quot;:&quot;calculator&quot;,&quot;subtype&quot;:&quot;&quot;}'><div class=\"dix-script__container\"><div class=\"calculator-container\">\r\n    <div class=\"calculator__layout\">\r\n        <!-- Colonne gauche : Inputs -->\r\n        <div class=\"calculator__panel calculator__panel--inputs\">\r\n            <h2 class=\"calculator__title\">Calculadora de Potencial de Ganho Muscular<\/h2>\r\n            \r\n            <label class=\"calculator__label\">Sexo<\/label>\r\n            <select id=\"sex\" class=\"calculator__select\">\r\n                <option value=\"male\">Homem<\/option>\r\n                <option value=\"female\">Mulher<\/option>\r\n            <\/select>\r\n            \r\n            <label class=\"calculator__label\">Peso : <span class=\"calculator__label-value\" id=\"weightValue\">74<\/span> kg<\/label>\r\n            <input type=\"range\" id=\"weight\" class=\"calculator__range\" min=\"40\" max=\"150\" value=\"74\">\r\n            \r\n            <label class=\"calculator__label\">Percentagem de gordura corporal : <span class=\"calculator__label-value\" id=\"bodyFatValue\">13<\/span> %<\/label>\r\n            <input type=\"range\" id=\"bodyFat\" class=\"calculator__range\" min=\"5\" max=\"50\" value=\"13\">\r\n            \r\n            <label class=\"calculator__label\">Circunfer\u00eancia do pulso : <span class=\"calculator__label-value\" id=\"wristValue\">17<\/span> cm<\/label>\r\n            <input type=\"range\" id=\"wrist\" class=\"calculator__range\" min=\"10\" max=\"25\" value=\"17\">\r\n            \r\n            <label class=\"calculator__label\">Circunfer\u00eancia do tornozelo : <span class=\"calculator__label-value\" id=\"ankleValue\">21<\/span> cm<\/label>\r\n            <input type=\"range\" id=\"ankle\" class=\"calculator__range\" min=\"15\" max=\"30\" value=\"21\">\r\n            \r\n            <label class=\"calculator__label\">Altura : <span class=\"calculator__label-value\" id=\"heightValue\">174<\/span> cm<\/label>\r\n            <input type=\"range\" id=\"height\" class=\"calculator__range\" min=\"140\" max=\"210\" value=\"174\">\r\n        <\/div>\r\n\r\n        <!-- Colonne droite : R\u00e9sultats -->\r\n        <div class=\"calculator__panel calculator__panel--results\">\r\n            <!-- Partage social -->\r\n            <div class=\"calculator__share\" style=\"border-top: none;padding-top: 0;margin-top: 0;margin-bottom: 1.5rem\">\r\n                <h4 class=\"calculator__share-title\">Partilhe os seus resultados<\/h4>\r\n                <div class=\"calculator__share-buttons\">\r\n                    <button onclick=\"shareOnTwitter()\" class=\"calculator__share-btn calculator__share-btn--twitter\">\r\n                        <svg xmlns=\"http:\/\/www.w3.org\/2000\/svg\" width=\"24\" height=\"24\" viewBox=\"0 0 24 24\" fill=\"none\" stroke=\"currentColor\"><path d=\"M22 4s-.7 2.1-2 3.4c1.6 10-9.4 17.3-18 11.6 2.2.1 4.4-.6 6-2C3 15.5.5 9.6 3 5c2.2 2.6 5.6 4.1 9 4-.9-4.2 4-6.6 7-3.8 1.1 0 3-1.2 3-1.2z\"><\/path><\/svg>\r\n                    <\/button>\r\n                    <button onclick=\"shareOnWhatsApp()\" class=\"calculator__share-btn calculator__share-btn--whatsapp\">\r\n                        <svg xmlns=\"http:\/\/www.w3.org\/2000\/svg\" width=\"24\" height=\"24\" viewBox=\"0 0 24 24\" fill=\"none\" stroke=\"currentColor\"><path d=\"M21 11.5a8.38 8.38 0 0 1-.9 3.8 8.5 8.5 0 0 1-7.6 4.7 8.38 8.38 0 0 1-3.8-.9L3 21l1.9-5.7a8.38 8.38 0 0 1-.9-3.8 8.5 8.5 0 0 1 4.7-7.6 8.38 8.38 0 0 1 3.8-.9h.5a8.48 8.48 0 0 1 8 8v.5z\"><\/path><\/svg>\r\n                    <\/button>\r\n                    <button onclick=\"shareViaEmail()\" class=\"calculator__share-btn calculator__share-btn--email\">\r\n                        <svg xmlns=\"http:\/\/www.w3.org\/2000\/svg\" width=\"24\" height=\"24\" viewBox=\"0 0 24 24\" fill=\"none\" stroke=\"currentColor\"><path d=\"M4 4h16c1.1 0 2 .9 2 2v12c0 1.1-.9 2-2 2H4c-1.1 0-2-.9-2-2V6c0-1.1.9-2 2-2z\"><\/path><polyline points=\"22,6 12,13 2,6\"><\/polyline><\/svg>\r\n                    <\/button>\r\n                    <button onclick=\"copyToClipboard()\" class=\"calculator__share-btn calculator__share-btn--copy\">\r\n                        <svg xmlns=\"http:\/\/www.w3.org\/2000\/svg\" width=\"24\" height=\"24\" viewBox=\"0 0 24 24\" fill=\"none\" stroke=\"currentColor\"><path d=\"M16 4h2a2 2 0 0 1 2 2v14a2 2 0 0 1-2 2H6a2 2 0 0 1-2-2V6a2 2 0 0 1 2-2h2\"><\/path><rect x=\"8\" y=\"2\" width=\"8\" height=\"4\" rx=\"1\" ry=\"1\"><\/rect><\/svg>\r\n                        <span class=\"calculator__copy-feedback\" id=\"copyText\"><\/span>\r\n                    <\/button>\r\n                <\/div>\r\n            <\/div>\r\n            \r\n            <h4 class=\"calculator__results-title\">Resultados do seu potencial<\/h4>\r\n            <div id=\"result\"><\/div>\r\n        <\/div>\r\n    <\/div>\r\n    \r\n    <!-- Messages de partage (cach\u00e9s) -->\r\n    <div id=\"share-messages\" style=\"display: none\">\r\n        <span id=\"share-text-part1\">Calculei o meu potencial m\u00e1ximo ating\u00edvel em muscula\u00e7\u00e3o : <\/span>\r\n        <span id=\"share-text-part2\">kg com um LBM de <\/span>\r\n        <span id=\"share-text-part3\">kg e uma massa gorda de <\/span>\r\n        <span id=\"share-text-part4\">kg. Calcula o teu potencial m\u00e1ximo seguindo este link!<\/span>\r\n        <span id=\"share-subject\">O meu potencial m\u00e1ximo em muscula\u00e7\u00e3o<\/span>\r\n    <\/div>\r\n<\/div><\/div><\/div>\n<p><strong>Os nossos outros calculadores<\/strong><\/p>\n<p>Depois de calcular o seu potencial, \u00e9 importante conhecer outros valores para os seus treinos. Assim, propomos-lhe <strong><a href=\"https:\/\/dixsupps.com\/pt-pt\/calculadora-musculacao-1-repeticao-maxima\/\">calcular a sua 1 repeti\u00e7\u00e3o m\u00e1xima em muscula\u00e7\u00e3o<\/a><\/strong> que lhe permitir\u00e1 saber qual a carga ideal a colocar para chocar suficientemente o seu m\u00fasculo, reduzindo ao mesmo tempo os riscos de les\u00e3o, mas tamb\u00e9m <strong><a href=\"https:\/\/dixsupps.com\/pt-pt\/qual-e-o-meu-indice-de-massa-magra\/\">o seu percentual de massa gorda<\/a><\/strong> e de <strong><a href=\"https:\/\/dixsupps.com\/pt-pt\/calculadora-de-metabolismo-basal\/\">calcular o n\u00famero de calorias do seu metabolismo basal<\/a>.<\/strong><\/p>\n<h2>Interpretar o seu resultado: valores de refer\u00eancia<\/h2>\n<p>Eis como compreender os resultados do calculador. Quer seja homem ou mulher, os resultados ser\u00e3o interpretados de forma igual do ponto de vista te\u00f3rico. A tabela de resultados dar-lhe-\u00e1, de acordo com os valores inseridos, o seu m\u00e1ximo ating\u00edvel (entramos mais em profundidade na continua\u00e7\u00e3o do artigo) se todos os par\u00e2metros estiverem a seu favor, e resultados mais realistas nos quais obviamente deve basear-se mais. Assim, ter\u00e1 uma ideia de valores como o seu peso, a sua massa gorda, a circunfer\u00eancia do seu torso ao n\u00edvel do peito\/peitorais, da cintura, das ancas, dos bra\u00e7os, antebra\u00e7os e finalmente das panturrilhas. O calculador tamb\u00e9m lhe dar\u00e1 o resultado do seu LBM sobre o qual entraremos em detalhe. <img loading=\"lazy\" decoding=\"async\" src=\"https:\/\/dixsupps.com\/wp-content\/uploads\/2024\/06\/calcul-max-muscle-2-1024x574.webp\" sizes=\"auto, (max-width: 800px) 100vw, 800px\" srcset=\"https:\/\/dixsupps.com\/wp-content\/uploads\/2024\/06\/calcul-max-muscle-2-1024x574.webp 1024w, https:\/\/dixsupps.com\/wp-content\/uploads\/2024\/06\/calcul-max-muscle-2-600x336.webp 600w, https:\/\/dixsupps.com\/wp-content\/uploads\/2024\/06\/calcul-max-muscle-2-300x168.webp 300w, https:\/\/dixsupps.com\/wp-content\/uploads\/2024\/06\/calcul-max-muscle-2-768x430.webp 768w, https:\/\/dixsupps.com\/wp-content\/uploads\/2024\/06\/calcul-max-muscle-2-18x10.webp 18w, https:\/\/dixsupps.com\/wp-content\/uploads\/2024\/06\/calcul-max-muscle-2-1320x740.webp 1320w, https:\/\/dixsupps.com\/wp-content\/uploads\/2024\/06\/calcul-max-muscle-2.webp 1456w\" alt=\"\" width=\"800\" height=\"448\" \/><\/p>\n<h2>O que \u00e9 o LBM? Como \u00e9 calculado?<\/h2>\n<p>O <strong>LBM (Lean Body Mass)<\/strong>, tamb\u00e9m chamado de massa corporal magra, representa a quantidade de peso que tem sem incluir a gordura corporal. \u00c9 uma medida importante para atletas e entusiastas do fitness como n\u00f3s, pois permite compreender de que quantidade de peso o seu corpo \u00e9 constitu\u00eddo de m\u00fasculos, ossos, \u00e1gua e outros tecidos magros. Para calcular o LBM no nosso calculador, utiliz\u00e1mos a seguinte f\u00f3rmula que \u00e9 a mais frequentemente empregada:<\/p>\n<pre><code>LBM = 0.407 * circunfer\u00eancia do pulso + 0.267 * circunfer\u00eancia do tornozelo + 0.287 * altura + 8.875<\/code><\/pre>\n<p>Suponhamos que temos tr\u00eas perfis diferentes:<\/p>\n<ul>\n<li><strong>Perfil 1:<\/strong> altura de 174 cm, pulso de 17 cm, tornozelo de 21 cm<\/li>\n<li><strong>Perfil 2:<\/strong> altura de 180 cm, pulso de 20 cm, tornozelo de 25 cm<\/li>\n<li><strong>Perfil 3:<\/strong> altura de 184 cm, pulso de 18 cm, tornozelo de 23 cm<\/li>\n<\/ul>\n<p>Para o <strong>Perfil 1<\/strong>:<\/p>\n<pre><code>LBM = 0.407 * 17 + 0.267 * 21 + 0.287 * 174 + 8.875 = 70.29 kg (154.96 lbs)<\/code><\/pre>\n<p>Para o <strong>Perfil 2<\/strong>:<\/p>\n<pre><code>LBM = 0.407 * 20 + 0.267 * 25 + 0.287 * 180 + 8.875 = 81.25 kg (179.10 lbs)<\/code><\/pre>\n<p>Para o <strong>Perfil 3<\/strong>:<\/p>\n<pre><code>LBM = 0.407 * 18 + 0.267 * 23 + 0.287 * 184 + 8.875 = 77.70 kg (171.30 lbs)<\/code><\/pre>\n<p><img loading=\"lazy\" decoding=\"async\" src=\"https:\/\/dixsupps.com\/wp-content\/uploads\/2024\/06\/calcul-max-muscle-3-1024x574.webp\" sizes=\"auto, (max-width: 800px) 100vw, 800px\" srcset=\"https:\/\/dixsupps.com\/wp-content\/uploads\/2024\/06\/calcul-max-muscle-3-1024x574.webp 1024w, https:\/\/dixsupps.com\/wp-content\/uploads\/2024\/06\/calcul-max-muscle-3-600x336.webp 600w, https:\/\/dixsupps.com\/wp-content\/uploads\/2024\/06\/calcul-max-muscle-3-300x168.webp 300w, https:\/\/dixsupps.com\/wp-content\/uploads\/2024\/06\/calcul-max-muscle-3-768x430.webp 768w, https:\/\/dixsupps.com\/wp-content\/uploads\/2024\/06\/calcul-max-muscle-3-18x10.webp 18w, https:\/\/dixsupps.com\/wp-content\/uploads\/2024\/06\/calcul-max-muscle-3-1320x740.webp 1320w, https:\/\/dixsupps.com\/wp-content\/uploads\/2024\/06\/calcul-max-muscle-3.webp 1456w\" alt=\"\" width=\"800\" height=\"448\" \/><\/p>\n<h2>O que \u00e9 o peso ating\u00edvel?<\/h2>\n<p>O <strong>peso ating\u00edvel<\/strong> representa o peso m\u00e1ximo que pode atingir de forma realista sem recorrer a esteroides e m\u00e1ximo, se todos os par\u00e2metros estiverem a seu favor. Continua a ser uma estimativa, mas \u00e9 essencial para definir objetivos de peso e m\u00fasculo realistas, e para evitar definir expectativas irrealistas que poderiam levar novamente \u00e0 frustra\u00e7\u00e3o. A muscula\u00e7\u00e3o j\u00e1 \u00e9 uma disciplina bastante frustrante, basta ver quando paramos algumas semanas!<\/p>\n<h3>Como \u00e9 calculado?<\/h3>\n<p>O c\u00e1lculo do peso ating\u00edvel foi calculado a partir dos valores da sua <strong>Lean Body Mass (LBM).<\/strong> Em seguida, ajusta-se essa massa magra em fun\u00e7\u00e3o do <strong>percentual de gordura corporal ideal<\/strong> para obter o peso ating\u00edvel. Por exemplo, se a sua LBM \u00e9 de 70 kg e o percentual de gordura corporal ideal \u00e9 de 10 %, o peso ating\u00edvel \u00e9 calculado ajustando essa LBM para incluir esse percentual de gordura.<\/p>\n<h2>O que \u00e9 a massa gorda?<\/h2>\n<p>No que diz respeito \u00e0 <strong>massa gorda,<\/strong> definimo-la como a diferen\u00e7a entre o seu peso total e a sua massa corporal magra (LBM). Portanto, obviamente representar\u00e1 a quantidade total de gordura no seu corpo, incluindo a gordura essencial e a gordura de armazenamento.<\/p>\n<h3>Como \u00e9 calculada?<\/h3>\n<p>O m\u00e9todo de c\u00e1lculo da massa gorda \u00e9 simples: basta <strong>subtrair a LBM do seu peso total.<\/strong> Por exemplo, se o seu peso total \u00e9 de 80 kg e a sua LBM \u00e9 de 65 kg, ent\u00e3o a sua massa gorda \u00e9 de 15 kg. Saiba, no entanto, que a massa gorda desempenha um papel importante na sa\u00fade: um percentual de gordura muito elevado pode aumentar os riscos de doen\u00e7as cardiovasculares, diabetes e outros problemas de sa\u00fade. Por outro lado, um percentual de gordura muito baixo pode afetar as fun\u00e7\u00f5es hormonais e o sistema imunol\u00f3gico.<\/p>\n","protected":false},"excerpt":{"rendered":"<p>Porque calcular o seu potencial muscular m\u00e1ximo? Simplesmente para definir objetivos que n\u00e3o sejam irrealistas. Para isso, voc\u00ea deve conhecer os seus limites gen\u00e9ticos e o seu pleno potencial muscular m\u00e1ximo. Porque cada indiv\u00edduo tem o seu e isso permite que n\u00e3o se desanime ao comparar o seu progresso com outros praticantes que possam ter [&hellip;]<\/p>\n","protected":false},"author":25,"featured_media":20404,"parent":0,"menu_order":0,"comment_status":"closed","ping_status":"closed","template":"","meta":{"footnotes":"","rank_math_title":"Como calcular a sua massa muscular m\u00e1xima?","rank_math_description":"Calcule gratuitamente e em poucos segundos a massa muscular m\u00e1xima que poderia alcan\u00e7ar.","rank_math_canonical_url":"","rank_math_robots":null,"rank_math_focus_keyword":""},"class_list":["post-19257","page","type-page","status-publish","has-post-thumbnail","hentry"],"jetpack_sharing_enabled":true,"_links":{"self":[{"href":"https:\/\/dixsupps.com\/pt\/wp-json\/wp\/v2\/pages\/19257","targetHints":{"allow":["GET"]}}],"collection":[{"href":"https:\/\/dixsupps.com\/pt\/wp-json\/wp\/v2\/pages"}],"about":[{"href":"https:\/\/dixsupps.com\/pt\/wp-json\/wp\/v2\/types\/page"}],"author":[{"embeddable":true,"href":"https:\/\/dixsupps.com\/pt\/wp-json\/wp\/v2\/users\/25"}],"replies":[{"embeddable":true,"href":"https:\/\/dixsupps.com\/pt\/wp-json\/wp\/v2\/comments?post=19257"}],"version-history":[{"count":1,"href":"https:\/\/dixsupps.com\/pt\/wp-json\/wp\/v2\/pages\/19257\/revisions"}],"predecessor-version":[{"id":20558,"href":"https:\/\/dixsupps.com\/pt\/wp-json\/wp\/v2\/pages\/19257\/revisions\/20558"}],"wp:featuredmedia":[{"embeddable":true,"href":"https:\/\/dixsupps.com\/pt\/wp-json\/wp\/v2\/media\/20404"}],"wp:attachment":[{"href":"https:\/\/dixsupps.com\/pt\/wp-json\/wp\/v2\/media?parent=19257"}],"curies":[{"name":"wp","href":"https:\/\/api.w.org\/{rel}","templated":true}]}}