{"id":19261,"date":"2024-08-20T06:41:46","date_gmt":"2024-08-20T06:41:46","guid":{"rendered":"https:\/\/dixsupps-v2.local\/os-nossos-calculadores-de-desempenho-desportivo\/"},"modified":"2026-01-25T17:37:43","modified_gmt":"2026-01-25T17:37:43","slug":"os-nossos-calculadores-de-desempenho-desportivo","status":"publish","type":"page","link":"https:\/\/dixsupps.com\/pt\/os-nossos-calculadores-de-desempenho-desportivo\/","title":{"rendered":"calculadores"},"content":{"rendered":"<h2>Porque \u00e9 importante medir o seu desempenho em fitness e muscula\u00e7\u00e3o?<\/h2>\n<p>S\u00f3 se pode melhorar o que se mede. \u00c9 um princ\u00edpio fundamental que se aplica perfeitamente ao fitness e \u00e0 muscula\u00e7\u00e3o, pois sem medi\u00e7\u00f5es precisas, \u00e9 imposs\u00edvel saber se est\u00e1 no caminho certo ou se est\u00e1 a estagnar.<br \/>\nImagine-se a navegar sem b\u00fassola nem mapa. Frustrante e pouco eficaz, n\u00e3o \u00e9?<\/p>\n<p>No entanto, \u00e9 o que muitas pessoas fazem ao negligenciar <strong>quantificar o seu progresso<\/strong> no seu percurso de fitness. Na realidade, acompanhar o seu desempenho permite-lhe ver concretamente os seus avan\u00e7os, o que \u00e9 um verdadeiro impulso de motiva\u00e7\u00e3o. \u00c9 essa pequena fa\u00edsca que o leva a continuar quando tem vontade de desistir! Porque sim, \u00e0s vezes pensamos que n\u00e3o progredimos, e basta mergulhar novamente nas suas m\u00e9tricas para perceber que est\u00e1 a evoluir.<\/p>\n<p>Mas n\u00e3o \u00e9 tudo. As medi\u00e7\u00f5es tamb\u00e9m o ajudam a <strong>definir objetivos realistas<\/strong>. N\u00e3o daqueles objetivos absurdos do tipo &#8220;Quero parecer um bodybuilder profissional em 3 meses&#8221; <i>(a menos que tenha descoberto uma po\u00e7\u00e3o m\u00e1gica, nesse caso, partilhe!)<\/i>. N\u00e3o, estamos a falar de objetivos adaptados ao seu n\u00edvel e \u00e0 sua progress\u00e3o real.<\/p>\n<p>\u00c9 aqui que os nossos calculadores entram em jogo. Estas ferramentas preciosas permitem-lhe acompanhar o seu progresso com exatid\u00e3o, sem precisar de um doutoramento em ci\u00eancias do desporto. Quer seja para estimar o seu potencial muscular ou avaliar a sua condi\u00e7\u00e3o cardiovascular, estes calculadores s\u00e3o os seus melhores aliados para um treino otimizado.<\/p>\n<blockquote><p>&#8220;O que se mede melhora&#8221; dizia Peter Drucker.<\/p><\/blockquote>\n<p>Aqui est\u00e3o os nossos calculadores para ter dados de base para a sua evolu\u00e7\u00e3o.<\/p>\n<p><img loading=\"lazy\" decoding=\"async\" src=\"https:\/\/dixsupps.com\/wp-content\/uploads\/2025\/02\/proteine-whey-calculator.webp\" sizes=\"auto, (max-width: 1456px) 100vw, 1456px\" srcset=\"https:\/\/dixsupps.com\/wp-content\/uploads\/2025\/02\/proteine-whey-calculator.webp 1456w, https:\/\/dixsupps.com\/wp-content\/uploads\/2025\/02\/proteine-whey-calculator-300x168.webp 300w, https:\/\/dixsupps.com\/wp-content\/uploads\/2025\/02\/proteine-whey-calculator-1024x574.webp 1024w, https:\/\/dixsupps.com\/wp-content\/uploads\/2025\/02\/proteine-whey-calculator-768x430.webp 768w, https:\/\/dixsupps.com\/wp-content\/uploads\/2025\/02\/proteine-whey-calculator-18x10.webp 18w, https:\/\/dixsupps.com\/wp-content\/uploads\/2025\/02\/proteine-whey-calculator-600x336.webp 600w, https:\/\/dixsupps.com\/wp-content\/uploads\/2025\/02\/proteine-whey-calculator-96x54.webp 96w, https:\/\/dixsupps.com\/wp-content\/uploads\/2025\/02\/proteine-whey-calculator-42x24.webp 42w\" alt=\"Calculateur de proteine journaliere\" width=\"1456\" height=\"816\" \/><\/p>\n<h2>Calculador de Necessidades de Whey<\/h2>\n<p data-start=\"42\" data-end=\"286\">Pergunta-se quantas prote\u00ednas consumir diariamente para otimizar o seu desempenho e recupera\u00e7\u00e3o? O nosso calculador d\u00e1-lhe uma resposta precisa com base no seu peso, n\u00edvel de atividade e objetivos.<\/p>\n<p data-start=\"288\" data-end=\"323\">Com esta ferramenta, poder\u00e1:<\/p>\n<ul>\n<li data-start=\"325\" data-end=\"497\">Determinar as suas necessidades di\u00e1rias de prote\u00ednas<\/li>\n<li data-start=\"325\" data-end=\"497\">Otimizar a reparti\u00e7\u00e3o entre alimenta\u00e7\u00e3o e suplementos<\/li>\n<li data-start=\"325\" data-end=\"497\">Ajustar o seu consumo para resultados \u00f3timos<\/li>\n<\/ul>\n<p data-start=\"499\" data-end=\"613\" data-is-last-node=\"\" data-is-only-node=\"\">Chega de aproxima\u00e7\u00f5es! Obtenha em segundos a sua dosagem ideal para uma nutri\u00e7\u00e3o desportiva eficaz. \ud83d\udcaa<\/p>\n<p><a href=\"https:\/\/dixsupps.com\/pt-pt\/calculadora-de-quantidade-de-proteina-whey\/\"> Calculador Quantidade de prote\u00edna di\u00e1ria <\/a> <img loading=\"lazy\" decoding=\"async\" src=\"https:\/\/dixsupps.com\/wp-content\/uploads\/2024\/10\/masse-maigre.webp\" sizes=\"auto, (max-width: 1456px) 100vw, 1456px\" srcset=\"https:\/\/dixsupps.com\/wp-content\/uploads\/2024\/10\/masse-maigre.webp 1456w, https:\/\/dixsupps.com\/wp-content\/uploads\/2024\/10\/masse-maigre-300x168.webp 300w, https:\/\/dixsupps.com\/wp-content\/uploads\/2024\/10\/masse-maigre-1024x574.webp 1024w, https:\/\/dixsupps.com\/wp-content\/uploads\/2024\/10\/masse-maigre-768x430.webp 768w, https:\/\/dixsupps.com\/wp-content\/uploads\/2024\/10\/masse-maigre-18x10.webp 18w, https:\/\/dixsupps.com\/wp-content\/uploads\/2024\/10\/masse-maigre-600x336.webp 600w\" alt=\"Calculateur Masse maigre\" width=\"1456\" height=\"816\" \/><\/p>\n<h2>Calculador de \u00cdndice de Massa Magra (IMM)<\/h2>\n<p>O \u00cdndice de Massa Magra (IMM) \u00e9 uma ferramenta de medi\u00e7\u00e3o que vai al\u00e9m da simples rela\u00e7\u00e3o peso-altura. Oferece-lhe <b>uma vis\u00e3o precisa da sua composi\u00e7\u00e3o corporal<\/b>, destacando a sua massa muscular em vez do seu peso total.<\/p>\n<p>Ao contr\u00e1rio do seu primo IMC, o IMM n\u00e3o o tratar\u00e1 de &#8220;acima do peso&#8221; s\u00f3 porque desenvolveu os seus m\u00fasculos. <i>(Sim, o IMC pode ser um pouco teimoso \u00e0s vezes!)<\/i> \u00c9 particularmente \u00fatil para si, desportistas, que tendem a ter uma <strong>massa muscular mais significativa<\/strong> que a m\u00e9dia.<\/p>\n<p>O IMM leva em conta o seu percentual de gordura corporal, o que o torna muito mais relevante para avaliar a sua condi\u00e7\u00e3o f\u00edsica real. Permite-lhe acompanhar o seu progresso na muscula\u00e7\u00e3o sem ser induzido em erro pelas flutua\u00e7\u00f5es de peso que podem ser devidas a um ganho de m\u00fasculo em vez de gordura.<\/p>\n<p><a href=\"https:\/\/dixsupps.com\/pt-pt\/qual-e-o-meu-indice-de-massa-magra\/\"> Calculador \u00cdndice de massa magra <\/a> <img loading=\"lazy\" decoding=\"async\" src=\"https:\/\/dixsupps.com\/wp-content\/uploads\/2024\/10\/1RM-calcul.webp\" sizes=\"auto, (max-width: 1456px) 100vw, 1456px\" srcset=\"https:\/\/dixsupps.com\/wp-content\/uploads\/2024\/10\/1RM-calcul.webp 1456w, https:\/\/dixsupps.com\/wp-content\/uploads\/2024\/10\/1RM-calcul-300x168.webp 300w, https:\/\/dixsupps.com\/wp-content\/uploads\/2024\/10\/1RM-calcul-1024x574.webp 1024w, https:\/\/dixsupps.com\/wp-content\/uploads\/2024\/10\/1RM-calcul-768x430.webp 768w, https:\/\/dixsupps.com\/wp-content\/uploads\/2024\/10\/1RM-calcul-18x10.webp 18w, https:\/\/dixsupps.com\/wp-content\/uploads\/2024\/10\/1RM-calcul-600x336.webp 600w\" alt=\"Calculateur 1RM\" width=\"1456\" height=\"816\" \/><\/p>\n<h2>calculador 1 Repeti\u00e7\u00e3o M\u00e1xima (1RM)<\/h2>\n<p>A 1 Repeti\u00e7\u00e3o M\u00e1xima (1RM) \u00e9 a pedra angular de qualquer programa de muscula\u00e7\u00e3o s\u00e9rio. Representa a carga m\u00e1xima que pode levantar uma \u00fanica vez com uma t\u00e9cnica correta.<\/p>\n<p>Conhecer o seu 1RM \u00e9 como ter uma estimativa valiosa para o seu treino. Este calculador permite-lhe estimar este valor m\u00e1ximo sem arriscar les\u00f5es ao tentar levantar pesos demasiado pesados. Ou ent\u00e3o &#8220;<em>perder tempo&#8221;<\/em> com cargas demasiado leves.<\/p>\n<p>Com esta informa\u00e7\u00e3o em m\u00e3os, pode <strong>otimizar as suas sess\u00f5es<\/strong> escolhendo as cargas certas para os seus objetivos espec\u00edficos. Quer vise a for\u00e7a pura, a hipertrofia ou a resist\u00eancia muscular, o 1RM \u00e9 um dos valores mais importantes para o seu treino.<\/p>\n<p><a href=\"https:\/\/dixsupps.com\/pt-pt\/calculadora-musculacao-1-repeticao-maxima\/\"> Calculador repeti\u00e7\u00e3o max (1RM) <\/a> <img loading=\"lazy\" decoding=\"async\" src=\"https:\/\/dixsupps.com\/wp-content\/uploads\/2024\/10\/VO2-max.webp\" sizes=\"auto, (max-width: 1456px) 100vw, 1456px\" srcset=\"https:\/\/dixsupps.com\/wp-content\/uploads\/2024\/10\/VO2-max.webp 1456w, https:\/\/dixsupps.com\/wp-content\/uploads\/2024\/10\/VO2-max-300x168.webp 300w, https:\/\/dixsupps.com\/wp-content\/uploads\/2024\/10\/VO2-max-1024x574.webp 1024w, https:\/\/dixsupps.com\/wp-content\/uploads\/2024\/10\/VO2-max-768x430.webp 768w, https:\/\/dixsupps.com\/wp-content\/uploads\/2024\/10\/VO2-max-18x10.webp 18w, https:\/\/dixsupps.com\/wp-content\/uploads\/2024\/10\/VO2-max-600x336.webp 600w\" alt=\"Calculateur VO2 Max\" width=\"1456\" height=\"816\" \/><\/p>\n<h2>Calculador VO2 Max<\/h2>\n<p>O VO2 Max \u00e9 um valor importante da resist\u00eancia cardiovascular. Representa a capacidade m\u00e1xima do seu corpo para utilizar o oxig\u00e9nio durante o esfor\u00e7o, um indicador da sua forma f\u00edsica global.<\/p>\n<p>Ao estimar o seu consumo m\u00e1ximo de oxig\u00e9nio, oferece-lhe um <strong>vislumbre valioso da sua condi\u00e7\u00e3o cardiovascular<\/strong>.<\/p>\n<p>Conhecer o seu VO2 Max permite-lhe:<\/p>\n<ul>\n<li>Definir objetivos de treino realistas<\/li>\n<li>Acompanhar o seu progresso ao longo do tempo<\/li>\n<li>Adaptar o seu programa para maximizar os seus ganhos em resist\u00eancia<\/li>\n<\/ul>\n<p>Quer seja um corredor apaixonado ou simplesmente deseje melhorar a sua sa\u00fade cardiovascular, este calculador \u00e9 o seu aliado para alcan\u00e7ar novos patamares de resist\u00eancia.<\/p>\n<p><a href=\"https:\/\/dixsupps.com\/pt-pt\/calculadora-de-vo2-max\/\"> Calculador VO2 MAX <\/a> <img loading=\"lazy\" decoding=\"async\" src=\"https:\/\/dixsupps.com\/wp-content\/uploads\/2024\/10\/perf-max.webp\" sizes=\"auto, (max-width: 1456px) 100vw, 1456px\" srcset=\"https:\/\/dixsupps.com\/wp-content\/uploads\/2024\/10\/perf-max.webp 1456w, https:\/\/dixsupps.com\/wp-content\/uploads\/2024\/10\/perf-max-300x168.webp 300w, https:\/\/dixsupps.com\/wp-content\/uploads\/2024\/10\/perf-max-1024x574.webp 1024w, https:\/\/dixsupps.com\/wp-content\/uploads\/2024\/10\/perf-max-768x430.webp 768w, https:\/\/dixsupps.com\/wp-content\/uploads\/2024\/10\/perf-max-18x10.webp 18w, https:\/\/dixsupps.com\/wp-content\/uploads\/2024\/10\/perf-max-600x336.webp 600w\" alt=\"Calculateur Gain Musculaire\" width=\"1456\" height=\"816\" \/><\/p>\n<h2>calculador de potencial de ganho muscular<\/h2>\n<p>O calculador de potencial de ganho muscular estima os limites naturais do seu desenvolvimento muscular. Oferece-lhe uma proje\u00e7\u00e3o realista da sua capacidade de ganhar m\u00fasculo, com base nas suas caracter\u00edsticas f\u00edsicas \u00fanicas.<\/p>\n<p>Utilizando dados como a sua altura e peso, estima a sua <strong>massa corporal magra (LBM)<\/strong> e o seu <strong>peso ating\u00edvel<\/strong>. Estas informa\u00e7\u00f5es s\u00e3o cruciais para definir objetivos realistas e evitar desilus\u00f5es.<\/p>\n<p>Os benef\u00edcios s\u00e3o m\u00faltiplos: pode otimizar o seu programa de treino, adaptar a sua nutri\u00e7\u00e3o e manter uma perspetiva a longo prazo sobre o seu percurso. <i>(Roma n\u00e3o se construiu num dia, o seu f\u00edsico de sonho tamb\u00e9m n\u00e3o!)<\/i><\/p>\n<p><a href=\"https:\/\/dixsupps.com\/pt-pt\/calculadora-de-ganho-de-massa-muscular\/\"> Calculador Potencial muscular m\u00e1ximo <\/a> <img loading=\"lazy\" decoding=\"async\" src=\"https:\/\/dixsupps.com\/wp-content\/uploads\/2024\/10\/Creatine-2-1024x574.webp\" sizes=\"auto, (max-width: 800px) 100vw, 800px\" srcset=\"https:\/\/dixsupps.com\/wp-content\/uploads\/2024\/10\/Creatine-2-1024x574.webp 1024w, https:\/\/dixsupps.com\/wp-content\/uploads\/2024\/10\/Creatine-2-300x168.webp 300w, https:\/\/dixsupps.com\/wp-content\/uploads\/2024\/10\/Creatine-2-768x430.webp 768w, https:\/\/dixsupps.com\/wp-content\/uploads\/2024\/10\/Creatine-2-18x10.webp 18w, https:\/\/dixsupps.com\/wp-content\/uploads\/2024\/10\/Creatine-2-600x336.webp 600w, https:\/\/dixsupps.com\/wp-content\/uploads\/2024\/10\/Creatine-2-96x54.webp 96w, https:\/\/dixsupps.com\/wp-content\/uploads\/2024\/10\/Creatine-2-42x24.webp 42w, https:\/\/dixsupps.com\/wp-content\/uploads\/2024\/10\/Creatine-2.webp 1456w\" alt=\"\" width=\"800\" height=\"448\" \/><\/p>\n<h2>Calculador Dosagem Creatina<\/h2>\n<p>A creatina \u00e9 um dos suplementos mais eficazes para melhorar o seu desempenho desportivo. Desempenha um papel preponderante na produ\u00e7\u00e3o de energia muscular e na recupera\u00e7\u00e3o, um elemento chave para otimizar os seus resultados.<br \/>\nAo analisar as suas caracter\u00edsticas individuais, oferece-lhe uma <strong>recomenda\u00e7\u00e3o personalizada de dosagem baseada na ci\u00eancia<\/strong>.<br \/>\nConhecer a sua dosagem ideal permite-lhe:<\/p>\n<ul>\n<li>Maximizar os seus ganhos em for\u00e7a e massa muscular<\/li>\n<li>Otimizar a sua recupera\u00e7\u00e3o entre as sess\u00f5es<\/li>\n<li>Adaptar a sua suplementa\u00e7\u00e3o ao seu perfil \u00fanico<\/li>\n<\/ul>\n<p>Quer seja um atleta de for\u00e7a, um praticante de CrossFit ou simplesmente deseje melhorar o seu desempenho, este calculador \u00e9 o seu guia para uma suplementa\u00e7\u00e3o eficaz e personalizada.<\/p>\n<p><a href=\"https:\/\/dixsupps.com\/pt-pt\/qual-a-dose-de-creatina-por-dia\/\"> Calculador dose creatina <\/a> <img loading=\"lazy\" decoding=\"async\" src=\"https:\/\/dixsupps.com\/wp-content\/uploads\/2025\/01\/calculateur-metabolisme.webp\" sizes=\"auto, (max-width: 1456px) 100vw, 1456px\" srcset=\"https:\/\/dixsupps.com\/wp-content\/uploads\/2025\/01\/calculateur-metabolisme.webp 1456w, https:\/\/dixsupps.com\/wp-content\/uploads\/2025\/01\/calculateur-metabolisme-300x168.webp 300w, https:\/\/dixsupps.com\/wp-content\/uploads\/2025\/01\/calculateur-metabolisme-1024x574.webp 1024w, https:\/\/dixsupps.com\/wp-content\/uploads\/2025\/01\/calculateur-metabolisme-768x430.webp 768w, https:\/\/dixsupps.com\/wp-content\/uploads\/2025\/01\/calculateur-metabolisme-18x10.webp 18w, https:\/\/dixsupps.com\/wp-content\/uploads\/2025\/01\/calculateur-metabolisme-600x336.webp 600w, https:\/\/dixsupps.com\/wp-content\/uploads\/2025\/01\/calculateur-metabolisme-96x54.webp 96w, https:\/\/dixsupps.com\/wp-content\/uploads\/2025\/01\/calculateur-metabolisme-42x24.webp 42w\" alt=\"Calculateur de m\u00e9tabolisme de base\" width=\"1456\" height=\"816\" \/><\/p>\n<h2>Calculador Metabolismo de base<\/h2>\n<p data-start=\"46\" data-end=\"274\">O seu metabolismo de base (BMR) \u00e9 a quantidade de energia que o seu corpo gasta em repouso. Conhecer este valor \u00e9 essencial para ajustar a sua alimenta\u00e7\u00e3o de acordo com os seus objetivos: ganho de massa, manuten\u00e7\u00e3o ou perda de peso.<\/p>\n<p data-start=\"276\" data-end=\"316\">Com este calculador, poder\u00e1:<\/p>\n<ul>\n<li data-start=\"318\" data-end=\"489\">Adaptar a sua ingest\u00e3o cal\u00f3rica \u00e0s suas necessidades reais<\/li>\n<li data-start=\"318\" data-end=\"489\">Otimizar a sua nutri\u00e7\u00e3o e recupera\u00e7\u00e3o<\/li>\n<li data-start=\"318\" data-end=\"489\">Evitar erros alimentares e gerir melhor a sua energia<\/li>\n<\/ul>\n<p data-start=\"491\" data-end=\"618\" data-is-last-node=\"\" data-is-only-node=\"\">Uma ferramenta indispens\u00e1vel para todos os que querem maximizar o seu desempenho e alcan\u00e7ar os seus objetivos de forma mais eficaz!<\/p>\n<p><a href=\"https:\/\/dixsupps.com\/pt-pt\/calculadora-de-metabolismo-basal\/\"> Calculador Metabolismo de base <\/a><\/p>\n","protected":false},"excerpt":{"rendered":"<p>Porque \u00e9 importante medir o seu desempenho em fitness e muscula\u00e7\u00e3o? S\u00f3 se pode melhorar o que se mede. \u00c9 um princ\u00edpio fundamental que se aplica perfeitamente ao fitness e \u00e0 muscula\u00e7\u00e3o, pois sem medi\u00e7\u00f5es precisas, \u00e9 imposs\u00edvel saber se est\u00e1 no caminho certo ou se est\u00e1 a estagnar. Imagine-se a navegar sem b\u00fassola nem [&hellip;]<\/p>\n","protected":false},"author":5,"featured_media":0,"parent":0,"menu_order":0,"comment_status":"closed","ping_status":"closed","template":"","meta":{"footnotes":"","rank_math_title":"Calcular o seu desempenho desportivo e de fitness","rank_math_description":"Encontre todos os nossos calculadores desportivos como o 1RM, as suas performances m\u00e1ximas, \u00edndice de massa magra, VO2 max e muito mais.","rank_math_canonical_url":"","rank_math_robots":null,"rank_math_focus_keyword":"calcular"},"class_list":["post-19261","page","type-page","status-publish","hentry"],"jetpack_sharing_enabled":true,"_links":{"self":[{"href":"https:\/\/dixsupps.com\/pt\/wp-json\/wp\/v2\/pages\/19261","targetHints":{"allow":["GET"]}}],"collection":[{"href":"https:\/\/dixsupps.com\/pt\/wp-json\/wp\/v2\/pages"}],"about":[{"href":"https:\/\/dixsupps.com\/pt\/wp-json\/wp\/v2\/types\/page"}],"author":[{"embeddable":true,"href":"https:\/\/dixsupps.com\/pt\/wp-json\/wp\/v2\/users\/5"}],"replies":[{"embeddable":true,"href":"https:\/\/dixsupps.com\/pt\/wp-json\/wp\/v2\/comments?post=19261"}],"version-history":[{"count":2,"href":"https:\/\/dixsupps.com\/pt\/wp-json\/wp\/v2\/pages\/19261\/revisions"}],"predecessor-version":[{"id":20426,"href":"https:\/\/dixsupps.com\/pt\/wp-json\/wp\/v2\/pages\/19261\/revisions\/20426"}],"wp:attachment":[{"href":"https:\/\/dixsupps.com\/pt\/wp-json\/wp\/v2\/media?parent=19261"}],"curies":[{"name":"wp","href":"https:\/\/api.w.org\/{rel}","templated":true}]}}