{"id":19264,"date":"2024-08-19T11:43:29","date_gmt":"2024-08-19T11:43:29","guid":{"rendered":"https:\/\/dixsupps-v2.local\/calculadora-de-1-repeticao-maxima-1-rm-em-musculacao\/"},"modified":"2026-01-26T19:15:57","modified_gmt":"2026-01-26T19:15:57","slug":"calculadora-musculacao-1-repeticao-maxima","status":"publish","type":"page","link":"https:\/\/dixsupps.com\/pt\/calculadora-musculacao-1-repeticao-maxima\/","title":{"rendered":"Calculadora de 1 Repeti\u00e7\u00e3o M\u00e1xima (1 RM) em muscula\u00e7\u00e3o"},"content":{"rendered":"\n<p><\/p>\n","protected":false},"excerpt":{"rendered":"","protected":false},"author":4,"featured_media":7831,"parent":0,"menu_order":0,"comment_status":"closed","ping_status":"closed","template":"","meta":{"footnotes":"","rank_math_title":"Como calcular 1 RM (repeti\u00e7\u00e3o m\u00e1xima) em muscula\u00e7\u00e3o?","rank_math_description":"Calcule gratuitamente e em poucos segundos a sua repeti\u00e7\u00e3o m\u00e1xima no seu movimento de muscula\u00e7\u00e3o","rank_math_canonical_url":"","rank_math_robots":null,"rank_math_focus_keyword":""},"class_list":["post-19264","page","type-page","status-publish","has-post-thumbnail","hentry"],"jetpack_sharing_enabled":true,"_links":{"self":[{"href":"https:\/\/dixsupps.com\/pt\/wp-json\/wp\/v2\/pages\/19264","targetHints":{"allow":["GET"]}}],"collection":[{"href":"https:\/\/dixsupps.com\/pt\/wp-json\/wp\/v2\/pages"}],"about":[{"href":"https:\/\/dixsupps.com\/pt\/wp-json\/wp\/v2\/types\/page"}],"author":[{"embeddable":true,"href":"https:\/\/dixsupps.com\/pt\/wp-json\/wp\/v2\/users\/4"}],"replies":[{"embeddable":true,"href":"https:\/\/dixsupps.com\/pt\/wp-json\/wp\/v2\/comments?post=19264"}],"version-history":[{"count":6,"href":"https:\/\/dixsupps.com\/pt\/wp-json\/wp\/v2\/pages\/19264\/revisions"}],"predecessor-version":[{"id":20596,"href":"https:\/\/dixsupps.com\/pt\/wp-json\/wp\/v2\/pages\/19264\/revisions\/20596"}],"wp:featuredmedia":[{"embeddable":true,"href":"https:\/\/dixsupps.com\/pt\/wp-json\/wp\/v2\/media\/7831"}],"wp:attachment":[{"href":"https:\/\/dixsupps.com\/pt\/wp-json\/wp\/v2\/media?parent=19264"}],"curies":[{"name":"wp","href":"https:\/\/api.w.org\/{rel}","templated":true}]}}