{"id":19268,"date":"2026-01-22T11:35:22","date_gmt":"2026-01-22T11:35:22","guid":{"rendered":"https:\/\/dixsupps-v2.local\/embaixador\/"},"modified":"2026-01-22T11:35:22","modified_gmt":"2026-01-22T11:35:22","slug":"embaixador","status":"publish","type":"page","link":"https:\/\/dixsupps.com\/pt\/embaixador\/","title":{"rendered":"EMBAIXADOR"},"content":{"rendered":"<h1>Promover uma marca de valores<\/h1>\n<p>\t\t\t\t\t\t\t\t\t\t\t\t\t\t\t<img loading=\"lazy\" decoding=\"async\" width=\"800\" height=\"301\" src=\"https:\/\/dixsupps.com\/wp-content\/uploads\/2023\/03\/slider-paiment-securise-1024x385.jpg\" alt=\"paiement-securise\" srcset=\"https:\/\/dixsupps.com\/wp-content\/uploads\/2023\/03\/slider-paiment-securise-1024x385.jpg 1024w, https:\/\/dixsupps.com\/wp-content\/uploads\/2023\/03\/slider-paiment-securise-600x226.jpg 600w, https:\/\/dixsupps.com\/wp-content\/uploads\/2023\/03\/slider-paiment-securise-300x113.jpg 300w, https:\/\/dixsupps.com\/wp-content\/uploads\/2023\/03\/slider-paiment-securise-768x289.jpg 768w, https:\/\/dixsupps.com\/wp-content\/uploads\/2023\/03\/slider-paiment-securise-1536x578.jpg 1536w, https:\/\/dixsupps.com\/wp-content\/uploads\/2023\/03\/slider-paiment-securise.jpg 2000w\" sizes=\"auto, (max-width: 800px) 100vw, 800px\" \/>\t\t\t\t\t\t\t\t\t\t\t\t\t\t\t<\/p>\n<h2>COMO PARTICIPAR?<\/h2>\n<p>Basta criar uma conta e a nossa equipa analisar\u00e1 o seu pedido <\/p>\n<p>\t\t\t\t\t<a href=\"https:\/\/dixsupps.goaffpro.com\/create-account\" target=\"_blank\" rel=\"noopener\"><br \/>\n\t\t\t\t\t\t\t\t\tJUNTA-TE \u00c0 NOSSA EQUIPA<br \/>\n\t\t\t\t\t<\/a><\/p>\n<p>ou<\/p>\n<p>\t\t\t\t\t<a href=\"https:\/\/dixsupps.goaffpro.com\/\" target=\"_blank\" rel=\"noopener\"><br \/>\n\t\t\t\t\t\t\t\t\tSAIBA MAIS<br \/>\n\t\t\t\t\t<\/a><\/p>\n<h6>J\u00c1 EST\u00c1 CONNOSCO?<\/h6>\n<p>\t\t\t\t\t<a href=\"https:\/\/dixsupps.goaffpro.com\/login\" target=\"_blank\" rel=\"noopener\"><br \/>\n\t\t\t\t\t\t\t\t\tENTRAR<br \/>\n\t\t\t\t\t<\/a><\/p>\n","protected":false},"excerpt":{"rendered":"<p>Promover uma marca de valores COMO PARTICIPAR? Basta criar uma conta e a nossa equipa analisar\u00e1 o seu pedido JUNTA-TE \u00c0 NOSSA EQUIPA ou SAIBA MAIS J\u00c1 EST\u00c1 CONNOSCO? ENTRAR<\/p>\n","protected":false},"author":5,"featured_media":0,"parent":0,"menu_order":0,"comment_status":"closed","ping_status":"closed","template":"","meta":{"footnotes":"","rank_math_title":"","rank_math_description":"","rank_math_canonical_url":"","rank_math_robots":"","rank_math_focus_keyword":""},"class_list":["post-19268","page","type-page","status-publish","hentry"],"jetpack_sharing_enabled":true,"_links":{"self":[{"href":"https:\/\/dixsupps.com\/pt\/wp-json\/wp\/v2\/pages\/19268","targetHints":{"allow":["GET"]}}],"collection":[{"href":"https:\/\/dixsupps.com\/pt\/wp-json\/wp\/v2\/pages"}],"about":[{"href":"https:\/\/dixsupps.com\/pt\/wp-json\/wp\/v2\/types\/page"}],"author":[{"embeddable":true,"href":"https:\/\/dixsupps.com\/pt\/wp-json\/wp\/v2\/users\/5"}],"replies":[{"embeddable":true,"href":"https:\/\/dixsupps.com\/pt\/wp-json\/wp\/v2\/comments?post=19268"}],"version-history":[{"count":0,"href":"https:\/\/dixsupps.com\/pt\/wp-json\/wp\/v2\/pages\/19268\/revisions"}],"wp:attachment":[{"href":"https:\/\/dixsupps.com\/pt\/wp-json\/wp\/v2\/media?parent=19268"}],"curies":[{"name":"wp","href":"https:\/\/api.w.org\/{rel}","templated":true}]}}