{"id":19271,"date":"2023-02-20T15:14:33","date_gmt":"2023-02-20T15:14:33","guid":{"rendered":"https:\/\/dixsupps-v2.local\/contacto\/"},"modified":"2026-01-26T07:09:09","modified_gmt":"2026-01-26T07:09:09","slug":"contacto","status":"publish","type":"page","link":"https:\/\/dixsupps.com\/pt\/contacto\/","title":{"rendered":"Contacto"},"content":{"rendered":"    <div class=\"dix-contact\">\n        <!-- Message de contact -->\n        <div class=\"dix-contact__intro\">\n            <p class=\"dix-contact__message\">\n                Uma quest\u00e3o? Precisa de um conselho? A nossa equipa est\u00e1 aqui para o ajudar.            <\/p>\n                        <a href=\"mailto:contact@dixsupps.com\" class=\"dix-contact__email-btn btn btn--primary btn--lg\">\n                <svg xmlns=\"http:\/\/www.w3.org\/2000\/svg\" width=\"20\" height=\"20\" viewBox=\"0 0 24 24\" fill=\"none\" stroke=\"currentColor\" stroke-width=\"2\" stroke-linecap=\"round\" stroke-linejoin=\"round\">\n                    <path d=\"M4 4h16c1.1 0 2 .9 2 2v12c0 1.1-.9 2-2 2H4c-1.1 0-2-.9-2-2V6c0-1.1.9-2 2-2z\"><\/path>\n                    <polyline points=\"22,6 12,13 2,6\"><\/polyline>\n                <\/svg>\n                contact@dixsupps.com            <\/a>\n                    <\/div>\n\n        <!-- Bloc Informations -->\n        <div class=\"dix-contact__info\">\n            <h2 class=\"dix-contact__info-title\">Informa\u00e7\u00f5es<\/h2>\n\n            <!-- Coordonn\u00e9es -->\n            <div class=\"dix-contact__info-block\">\n                                <p class=\"dix-contact__company-name\">\n                    SASU DIX                <\/p>\n                \n                                <p class=\"dix-contact__address\">\n                    <svg xmlns=\"http:\/\/www.w3.org\/2000\/svg\" width=\"16\" height=\"16\" viewBox=\"0 0 24 24\" fill=\"none\" stroke=\"currentColor\" stroke-width=\"2\" stroke-linecap=\"round\" stroke-linejoin=\"round\">\n                        <path d=\"M21 10c0 7-9 13-9 13s-9-6-9-13a9 9 0 0 1 18 0z\"><\/path>\n                        <circle cx=\"12\" cy=\"10\" r=\"3\"><\/circle>\n                    <\/svg>\n                    Avenue du Docteur Raymond Picaud, 06400, Cannes, France                <\/p>\n                \n                                <p class=\"dix-contact__phone\">\n                    <svg xmlns=\"http:\/\/www.w3.org\/2000\/svg\" width=\"16\" height=\"16\" viewBox=\"0 0 24 24\" fill=\"none\" stroke=\"currentColor\" stroke-width=\"2\" stroke-linecap=\"round\" stroke-linejoin=\"round\">\n                        <path d=\"M22 16.92v3a2 2 0 0 1-2.18 2 19.79 19.79 0 0 1-8.63-3.07 19.5 19.5 0 0 1-6-6 19.79 19.79 0 0 1-3.07-8.67A2 2 0 0 1 4.11 2h3a2 2 0 0 1 2 1.72 12.84 12.84 0 0 0 .7 2.81 2 2 0 0 1-.45 2.11L8.09 9.91a16 16 0 0 0 6 6l1.27-1.27a2 2 0 0 1 2.11-.45 12.84 12.84 0 0 0 2.81.7A2 2 0 0 1 22 16.92z\"><\/path>\n                    <\/svg>\n                    <a href=\"tel:+33781929133\">+33781929133<\/a>\n                <\/p>\n                \n                                <p class=\"dix-contact__email\">\n                    <svg xmlns=\"http:\/\/www.w3.org\/2000\/svg\" width=\"16\" height=\"16\" viewBox=\"0 0 24 24\" fill=\"none\" stroke=\"currentColor\" stroke-width=\"2\" stroke-linecap=\"round\" stroke-linejoin=\"round\">\n                        <path d=\"M4 4h16c1.1 0 2 .9 2 2v12c0 1.1-.9 2-2 2H4c-1.1 0-2-.9-2-2V6c0-1.1.9-2 2-2z\"><\/path>\n                        <polyline points=\"22,6 12,13 2,6\"><\/polyline>\n                    <\/svg>\n                    <a href=\"mailto:contact@dixsupps.com\">contact@dixsupps.com<\/a>\n                <\/p>\n                            <\/div>\n\n            <!-- Carte OpenStreetMap -->\n                        <div class=\"dix-contact__map\">\n                <div id=\"dix-contact-map\" class=\"dix-contact__map-container\" data-lat=\"43.550407\" data-lng=\"6.990218\"><\/div>\n            <\/div>\n            \n            <!-- Informations l\u00e9gales -->\n            <div class=\"dix-contact__legal\">\n                <h3 class=\"dix-contact__legal-title\">Informa\u00e7\u00f5es legais<\/h3>\n                <ul class=\"dix-contact__legal-list\">\n                                        <li><span>SIREN<\/span> 949673859<\/li>\n                                                            <li><span>SIRET<\/span> 94967385900011<\/li>\n                                                            <li><span>N\u00ba IVA Intracomunit\u00e1rio<\/span> FR57949673859<\/li>\n                                                            <li><span>Capital social<\/span> 12 000 \u20ac<\/li>\n                                                            <li><span>C\u00f3digo NAF\/APE<\/span> 47.91B<\/li>\n                                                            <li><span>Data de cria\u00e7\u00e3o<\/span> 23 Fevereiro 2023<\/li>\n                                                            <li><span>Fundador<\/span> Cyril Certain<\/li>\n                                    <\/ul>\n            <\/div>\n        <\/div>\n    <\/div>\n    \n","protected":false},"excerpt":{"rendered":"","protected":false},"author":4,"featured_media":0,"parent":0,"menu_order":0,"comment_status":"closed","ping_status":"closed","template":"","meta":{"footnotes":"","rank_math_title":"Contacte a equipa da DixSupps","rank_math_description":"Contacte-nos para saber mais sobre os nossos produtos, fazer um pedido ou obter um conselho personalizado. A nossa equipa de apaixonados por nutri\u00e7\u00e3o e sa\u00fade est\u00e1 aqui para te ajudar.","rank_math_canonical_url":"","rank_math_robots":null,"rank_math_focus_keyword":""},"class_list":["post-19271","page","type-page","status-publish","hentry"],"jetpack_sharing_enabled":true,"_links":{"self":[{"href":"https:\/\/dixsupps.com\/pt\/wp-json\/wp\/v2\/pages\/19271","targetHints":{"allow":["GET"]}}],"collection":[{"href":"https:\/\/dixsupps.com\/pt\/wp-json\/wp\/v2\/pages"}],"about":[{"href":"https:\/\/dixsupps.com\/pt\/wp-json\/wp\/v2\/types\/page"}],"author":[{"embeddable":true,"href":"https:\/\/dixsupps.com\/pt\/wp-json\/wp\/v2\/users\/4"}],"replies":[{"embeddable":true,"href":"https:\/\/dixsupps.com\/pt\/wp-json\/wp\/v2\/comments?post=19271"}],"version-history":[{"count":1,"href":"https:\/\/dixsupps.com\/pt\/wp-json\/wp\/v2\/pages\/19271\/revisions"}],"predecessor-version":[{"id":20439,"href":"https:\/\/dixsupps.com\/pt\/wp-json\/wp\/v2\/pages\/19271\/revisions\/20439"}],"wp:attachment":[{"href":"https:\/\/dixsupps.com\/pt\/wp-json\/wp\/v2\/media?parent=19271"}],"curies":[{"name":"wp","href":"https:\/\/api.w.org\/{rel}","templated":true}]}}