{"id":18369,"date":"2024-08-13T17:03:33","date_gmt":"2024-08-13T17:03:33","guid":{"rendered":"https:\/\/dixsupps-v2.local\/?post_type=product&#038;p=18369"},"modified":"2026-04-02T13:47:07","modified_gmt":"2026-04-02T13:47:07","slug":"comprar-tribulus-terrestris","status":"publish","type":"product","link":"https:\/\/dixsupps.com\/pt\/produto\/comprar-tribulus-terrestris\/","title":{"rendered":"Tribulus Terrestris"},"content":{"rendered":"","protected":false},"excerpt":{"rendered":"<ul>\n<li><strong>Concentra\u00e7\u00e3o muito elevada:<\/strong> Extrato de Tribulus Terrestris purificado (R\u00e1cio 100:1) com a taxa de Protodioscina mais elevada da Europa<\/li>\n<li><strong>Pot\u00eancia &amp; Libido :<\/strong> Padronizado a 95% de Saponinas, das quais 60 Protodioscina para otimizar naturalmente a vitalidade masculina e a libido.<\/li>\n<li><strong>Desempenho Desportivo :<\/strong> Apoia o desempenho desportivo gra\u00e7as \u00e0 sua forte concentra\u00e7\u00e3o em Protodioscina.<\/li>\n<li><strong>Seguran\u00e7a : <\/strong>Garantido sem micotoxinas. 120 c\u00e1psulas vegetais (at\u00e9 4 meses de cura).<\/li>\n<\/ul>\n","protected":false},"featured_media":18678,"comment_status":"open","ping_status":"closed","template":"","meta":{"rank_math_title":"Comprar Tribulus Terrestris: 95% Saponinas &amp; Libido - DIX","rank_math_description":"F\u00f3rmula ultra-concentrada (Rela\u00e7\u00e3o 100:1). 95% Saponinas, das quais 60% Protodioscina para aumentar a testosterona e a vitalidade. Sem aditivos. Laborat\u00f3rio Franc\u00eas.","rank_math_canonical_url":"","rank_math_robots":null,"rank_math_focus_keyword":"tribulus terrestris"},"product_brand":[],"product_cat":[408,411],"product_tag":[561,893,680,681],"class_list":{"0":"post-18369","1":"product","2":"type-product","3":"status-publish","4":"has-post-thumbnail","6":"product_cat-forca","7":"product_cat-saude","8":"product_tag-libido-pt-pt","9":"product_tag-testosterone","10":"product_tag-vigor","11":"product_tag-virilidade","13":"first","14":"instock","15":"purchasable","16":"product-type-simple"},"jetpack_sharing_enabled":true,"_links":{"self":[{"href":"https:\/\/dixsupps.com\/pt\/wp-json\/wp\/v2\/product\/18369","targetHints":{"allow":["GET"]}}],"collection":[{"href":"https:\/\/dixsupps.com\/pt\/wp-json\/wp\/v2\/product"}],"about":[{"href":"https:\/\/dixsupps.com\/pt\/wp-json\/wp\/v2\/types\/product"}],"replies":[{"embeddable":true,"href":"https:\/\/dixsupps.com\/pt\/wp-json\/wp\/v2\/comments?post=18369"}],"wp:featuredmedia":[{"embeddable":true,"href":"https:\/\/dixsupps.com\/pt\/wp-json\/wp\/v2\/media\/18678"}],"wp:attachment":[{"href":"https:\/\/dixsupps.com\/pt\/wp-json\/wp\/v2\/media?parent=18369"}],"wp:term":[{"taxonomy":"product_brand","embeddable":true,"href":"https:\/\/dixsupps.com\/pt\/wp-json\/wp\/v2\/product_brand?post=18369"},{"taxonomy":"product_cat","embeddable":true,"href":"https:\/\/dixsupps.com\/pt\/wp-json\/wp\/v2\/product_cat?post=18369"},{"taxonomy":"product_tag","embeddable":true,"href":"https:\/\/dixsupps.com\/pt\/wp-json\/wp\/v2\/product_tag?post=18369"}],"curies":[{"name":"wp","href":"https:\/\/api.w.org\/{rel}","templated":true}]}}