{"id":18370,"date":"2024-01-13T11:36:46","date_gmt":"2024-01-13T11:36:46","guid":{"rendered":"https:\/\/dixsupps-v2.local\/?post_type=product&#038;p=18370"},"modified":"2026-04-01T16:54:31","modified_gmt":"2026-04-01T16:54:31","slug":"comprar-resina-shilajit","status":"publish","type":"product","link":"https:\/\/dixsupps.com\/pt\/produto\/comprar-resina-shilajit\/","title":{"rendered":"Resina de Shilajit"},"content":{"rendered":"","protected":false},"excerpt":{"rendered":"<ul>\n<li><strong>Pureza Grau Ouro :<\/strong> Resina de Shilajit 100% natural, colhida a 5000m de altitude no Himalaia e purificada a frio.<\/li>\n<li><strong>Riqueza Excecional :<\/strong> Padronizada a 50% de \u00c1cido F\u00falvico e 12% \u00e1cido h\u00famico + 84 oligoelementos.<\/li>\n<li><strong>Vitalidade &amp; Hormonas :<\/strong> Apoio natural da testosterona, da recupera\u00e7\u00e3o muscular e das fun\u00e7\u00f5es cognitivas.<\/li>\n<li><strong>Formato Econ\u00f3mico :<\/strong> Pote de 50g (100 doses) com colher medidora inclu\u00edda para uma cura revitalizante de 3 meses.<\/li>\n<\/ul>\n","protected":false},"featured_media":20682,"comment_status":"open","ping_status":"closed","template":"","meta":{"rank_math_title":"Comprar Resina Shilajit Himalaya: 100% Pura &amp; Certificada - DIX","rank_math_description":"A forma mais aut\u00eantica e poderosa. Resina colhida a 5000m. Frasco de 50g (100 por\u00e7\u00f5es) para um tratamento intenso. Analisada em Fran\u00e7a (0% metais pesados).","rank_math_canonical_url":"","rank_math_robots":null,"rank_math_focus_keyword":"resina Shilajit"},"product_brand":[],"product_cat":[406,408,411],"product_tag":[720,723,893,683],"class_list":{"0":"post-18370","1":"product","2":"type-product","3":"status-publish","4":"has-post-thumbnail","6":"product_cat-endurance-pt-pt","7":"product_cat-forca","8":"product_cat-saude","9":"product_tag-energia","10":"product_tag-equilibrio-hormonal","11":"product_tag-testosterone","12":"product_tag-vitalidade","14":"first","15":"instock","16":"purchasable","17":"product-type-simple"},"jetpack_sharing_enabled":true,"_links":{"self":[{"href":"https:\/\/dixsupps.com\/pt\/wp-json\/wp\/v2\/product\/18370","targetHints":{"allow":["GET"]}}],"collection":[{"href":"https:\/\/dixsupps.com\/pt\/wp-json\/wp\/v2\/product"}],"about":[{"href":"https:\/\/dixsupps.com\/pt\/wp-json\/wp\/v2\/types\/product"}],"replies":[{"embeddable":true,"href":"https:\/\/dixsupps.com\/pt\/wp-json\/wp\/v2\/comments?post=18370"}],"wp:featuredmedia":[{"embeddable":true,"href":"https:\/\/dixsupps.com\/pt\/wp-json\/wp\/v2\/media\/20682"}],"wp:attachment":[{"href":"https:\/\/dixsupps.com\/pt\/wp-json\/wp\/v2\/media?parent=18370"}],"wp:term":[{"taxonomy":"product_brand","embeddable":true,"href":"https:\/\/dixsupps.com\/pt\/wp-json\/wp\/v2\/product_brand?post=18370"},{"taxonomy":"product_cat","embeddable":true,"href":"https:\/\/dixsupps.com\/pt\/wp-json\/wp\/v2\/product_cat?post=18370"},{"taxonomy":"product_tag","embeddable":true,"href":"https:\/\/dixsupps.com\/pt\/wp-json\/wp\/v2\/product_tag?post=18370"}],"curies":[{"name":"wp","href":"https:\/\/api.w.org\/{rel}","templated":true}]}}