{"id":18371,"date":"2023-11-27T08:19:32","date_gmt":"2023-11-27T08:19:32","guid":{"rendered":"https:\/\/dixsupps-v2.local\/?post_type=product&#038;p=18371"},"modified":"2026-04-01T14:51:14","modified_gmt":"2026-04-01T14:51:14","slug":"camisola-desportiva-dix","status":"publish","type":"product","link":"https:\/\/dixsupps.com\/pt\/produto\/camisola-desportiva-dix\/","title":{"rendered":"T-shirt DIX Sport"},"content":{"rendered":"<p id=\"tw-target-text\" class=\"tw-data-text tw-text-large tw-ta\" dir=\"ltr\" data-placeholder=\"Traduction\" data-ved=\"2ahUKEwjOu7CE3-OCAxVBTKQEHVRDDgcQ3ewLegQIBRAQ\"><span class=\"Y2IQFc\" lang=\"fr\">Esta t-shirt de desporto \u00e9 confecionada num material preto respir\u00e1vel e macio, garantindo conforto durante os treinos. O log\u00f3tipo emblem\u00e1tico DIX adorna o peito esquerdo em cores vivas, adicionando um toque de estilo. Os marcadores refletivos nos bra\u00e7os e nos lados oferecem visibilidade em condi\u00e7\u00f5es de pouca luz, melhorando assim a seguran\u00e7a. O detalhe do fecho 1\/4 adiciona versatilidade, permitindo regular facilmente a temperatura corporal durante atividades intensas. <\/span><\/p>\n<p>Esta t-shirt adiciona um toque de eleg\u00e2ncia ao seu traje desportivo. Quer esteja no gin\u00e1sio, ao ar livre ou simplesmente em movimento, esta t-shirt acompanhar\u00e1 com estilo. Realize o m\u00e1ximo de movimentos ao longo do seu treino gra\u00e7as ao seu material leve, respir\u00e1vel e el\u00e1stico.<\/p>\n","protected":false},"excerpt":{"rendered":"<ul>\n<li><strong>Tecnologia Respir\u00e1vel &amp; Dry-Fit :<\/strong> Tecido t\u00e9cnico de alto desempenho que elimina o suor para mant\u00ea-lo seco mesmo durante as sess\u00f5es mais intensas.<\/li>\n<li><strong>Liberdade de Movimento :<\/strong> Concep\u00e7\u00e3o ultra-el\u00e1stica com fecho de 1\/4 para uma regula\u00e7\u00e3o t\u00e9rmica personalizada e uma total facilidade em todos os seus exerc\u00edcios.<\/li>\n<li><strong>Corte Atl\u00e9tico (Slim Fit) :<\/strong> Design justo ao corpo que valoriza a sua silhueta enquanto permanece extremamente suave na pele para evitar irrita\u00e7\u00f5es.<\/li>\n<li><strong>Seguran\u00e7a &amp; Detalhes Premium :<\/strong> Marcadores refletivos nos bra\u00e7os para uma visibilidade ideal no exterior e log\u00f3tipo DIX de alta durabilidade.<\/li>\n<\/ul>\n","protected":false},"featured_media":10194,"comment_status":"open","ping_status":"closed","template":"","meta":{"rank_math_title":"T-shirt fitness para homem: Respir\u00e1vel - El\u00e1stico - Anti-transpira\u00e7\u00e3o","rank_math_description":"Este t-shirt adiciona um toque de eleg\u00e2ncia ao seu traje desportivo. Quer esteja na academia, ao ar livre ou simplesmente em movimento.","rank_math_canonical_url":"","rank_math_robots":null,"rank_math_focus_keyword":"T-Shirt de fitness para homem"},"product_brand":[],"product_cat":[407],"product_tag":[],"class_list":{"0":"post-18371","1":"product","2":"type-product","3":"status-publish","4":"has-post-thumbnail","6":"product_cat-equipamento","8":"first","9":"instock","10":"purchasable","11":"product-type-variable","12":"has-default-attributes"},"jetpack_sharing_enabled":true,"_links":{"self":[{"href":"https:\/\/dixsupps.com\/pt\/wp-json\/wp\/v2\/product\/18371","targetHints":{"allow":["GET"]}}],"collection":[{"href":"https:\/\/dixsupps.com\/pt\/wp-json\/wp\/v2\/product"}],"about":[{"href":"https:\/\/dixsupps.com\/pt\/wp-json\/wp\/v2\/types\/product"}],"replies":[{"embeddable":true,"href":"https:\/\/dixsupps.com\/pt\/wp-json\/wp\/v2\/comments?post=18371"}],"wp:featuredmedia":[{"embeddable":true,"href":"https:\/\/dixsupps.com\/pt\/wp-json\/wp\/v2\/media\/10194"}],"wp:attachment":[{"href":"https:\/\/dixsupps.com\/pt\/wp-json\/wp\/v2\/media?parent=18371"}],"wp:term":[{"taxonomy":"product_brand","embeddable":true,"href":"https:\/\/dixsupps.com\/pt\/wp-json\/wp\/v2\/product_brand?post=18371"},{"taxonomy":"product_cat","embeddable":true,"href":"https:\/\/dixsupps.com\/pt\/wp-json\/wp\/v2\/product_cat?post=18371"},{"taxonomy":"product_tag","embeddable":true,"href":"https:\/\/dixsupps.com\/pt\/wp-json\/wp\/v2\/product_tag?post=18371"}],"curies":[{"name":"wp","href":"https:\/\/api.w.org\/{rel}","templated":true}]}}