{"id":18372,"date":"2024-01-12T17:54:53","date_gmt":"2024-01-12T17:54:53","guid":{"rendered":"https:\/\/dixsupps-v2.local\/?post_type=product&#038;p=18372"},"modified":"2026-04-07T14:46:00","modified_gmt":"2026-04-07T14:46:00","slug":"comprar-rhodiola-rosea","status":"publish","type":"product","link":"https:\/\/dixsupps.com\/pt\/produto\/comprar-rhodiola-rosea\/","title":{"rendered":"Rhodiola Rosea"},"content":{"rendered":"","protected":false},"excerpt":{"rendered":"<ul>\n<li><strong>Efic\u00e1cia Rhodiolife\u00ae :<\/strong> Extrato patenteado da Sib\u00e9ria padronizado a 5% de Rosavinas e 1.8% Salidroside, a concentra\u00e7\u00e3o mais elevada do mercado.<\/li>\n<li><strong>Potente Desportivo :<\/strong> Ajuda o organismo a otimizar o desempenho desportivo e a diminuir a perce\u00e7\u00e3o do esfor\u00e7o<\/li>\n<li><strong>Mental &amp; Concentra\u00e7\u00e3o :<\/strong> Melhora a concentra\u00e7\u00e3o, as capacidades cognitivas e ajuda a regular naturalmente o n\u00edvel de cortisol.<\/li>\n<li><strong>Absor\u00e7\u00e3o DRcaps\u00ae :<\/strong> 90 c\u00e1psulas de liberta\u00e7\u00e3o retardada para proteger os ativos da acidez g\u00e1strica (Tratamento de 3 meses).<\/li>\n<\/ul>\n","protected":false},"featured_media":18726,"comment_status":"open","ping_status":"closed","template":"","meta":{"rank_math_title":"Comprar Rhodiola Rosea Rhodiolife\u00ae: Anti-Stress Poderoso - DIX","rank_math_description":"Extrato patenteado Rhodiolife\u00ae (5% Rosavinas). Planta adaptog\u00e9nica para reduzir o stress, a fadiga e melhorar a concentra\u00e7\u00e3o. 90 c\u00e1psulas. Laborat\u00f3rio Franc\u00eas.","rank_math_canonical_url":"","rank_math_robots":null,"rank_math_focus_keyword":"Comprar Rhodiola Rosea"},"product_brand":[],"product_cat":[406,410,411],"product_tag":[441,442,563,855],"class_list":{"0":"post-18372","1":"product","2":"type-product","3":"status-publish","4":"has-post-thumbnail","6":"product_cat-endurance-pt-pt","7":"product_cat-recuperacao","8":"product_cat-saude","9":"product_tag-anti-fadiga","10":"product_tag-anti-stress-pt-pt","11":"product_tag-mental-de-aco","12":"product_tag-serenidade","14":"first","15":"instock","16":"purchasable","17":"product-type-simple"},"jetpack_sharing_enabled":true,"_links":{"self":[{"href":"https:\/\/dixsupps.com\/pt\/wp-json\/wp\/v2\/product\/18372","targetHints":{"allow":["GET"]}}],"collection":[{"href":"https:\/\/dixsupps.com\/pt\/wp-json\/wp\/v2\/product"}],"about":[{"href":"https:\/\/dixsupps.com\/pt\/wp-json\/wp\/v2\/types\/product"}],"replies":[{"embeddable":true,"href":"https:\/\/dixsupps.com\/pt\/wp-json\/wp\/v2\/comments?post=18372"}],"wp:featuredmedia":[{"embeddable":true,"href":"https:\/\/dixsupps.com\/pt\/wp-json\/wp\/v2\/media\/18726"}],"wp:attachment":[{"href":"https:\/\/dixsupps.com\/pt\/wp-json\/wp\/v2\/media?parent=18372"}],"wp:term":[{"taxonomy":"product_brand","embeddable":true,"href":"https:\/\/dixsupps.com\/pt\/wp-json\/wp\/v2\/product_brand?post=18372"},{"taxonomy":"product_cat","embeddable":true,"href":"https:\/\/dixsupps.com\/pt\/wp-json\/wp\/v2\/product_cat?post=18372"},{"taxonomy":"product_tag","embeddable":true,"href":"https:\/\/dixsupps.com\/pt\/wp-json\/wp\/v2\/product_tag?post=18372"}],"curies":[{"name":"wp","href":"https:\/\/api.w.org\/{rel}","templated":true}]}}