{"id":18373,"date":"2023-09-30T05:50:22","date_gmt":"2023-09-30T05:50:22","guid":{"rendered":"https:\/\/dixsupps-v2.local\/?post_type=product&#038;p=18373"},"modified":"2026-04-07T14:46:10","modified_gmt":"2026-04-07T14:46:10","slug":"comprar-apigenina","status":"publish","type":"product","link":"https:\/\/dixsupps.com\/pt\/produto\/comprar-apigenina\/","title":{"rendered":"Apigenina"},"content":{"rendered":"","protected":false},"excerpt":{"rendered":"<ul>\n<li><strong>Sonho :<\/strong> Extrato natural de flor de Camomila concentrado a 100mg de Apigenina por c\u00e1psula.<\/li>\n<li><strong>Recupera\u00e7\u00e3o :<\/strong> Favorece o adormecimento natural ativando os recetores GABA sem criar depend\u00eancia.<\/li>\n<li><strong>Bioflavonoide :<\/strong> Poderoso antioxidante que protege as c\u00e9lulas e diminui a degrada\u00e7\u00e3o do NAD+.<\/li>\n<li><strong>Cura de 3 Meses :<\/strong> 90 c\u00e1psulas vegetais de alta absor\u00e7\u00e3o para uma serenidade noturna duradoura.<\/li>\n<\/ul>\n","protected":false},"featured_media":20703,"comment_status":"open","ping_status":"closed","template":"","meta":{"rank_math_title":"Comprar Apigenina 100mg: Sono Reparador &amp; Laborat\u00f3rio Franc\u00eas - DIX","rank_math_description":"Extrato 100% natural de flor de camomila (n\u00e3o sint\u00e9tico). 100mg de Apigenina pura para dormir melhor e reduzir o stress. Sem habitua\u00e7\u00e3o. Stock Fran\u00e7a.","rank_math_canonical_url":"","rank_math_robots":null,"rank_math_focus_keyword":"Apigenina"},"product_brand":[],"product_cat":[410,411],"product_tag":[445,446,674],"class_list":{"0":"post-18373","1":"product","2":"type-product","3":"status-publish","4":"has-post-thumbnail","6":"product_cat-recuperacao","7":"product_cat-saude","8":"product_tag-calma-mental","9":"product_tag-cerebro","10":"product_tag-sono","12":"first","13":"instock","14":"purchasable","15":"product-type-simple"},"jetpack_sharing_enabled":true,"_links":{"self":[{"href":"https:\/\/dixsupps.com\/pt\/wp-json\/wp\/v2\/product\/18373","targetHints":{"allow":["GET"]}}],"collection":[{"href":"https:\/\/dixsupps.com\/pt\/wp-json\/wp\/v2\/product"}],"about":[{"href":"https:\/\/dixsupps.com\/pt\/wp-json\/wp\/v2\/types\/product"}],"replies":[{"embeddable":true,"href":"https:\/\/dixsupps.com\/pt\/wp-json\/wp\/v2\/comments?post=18373"}],"wp:featuredmedia":[{"embeddable":true,"href":"https:\/\/dixsupps.com\/pt\/wp-json\/wp\/v2\/media\/20703"}],"wp:attachment":[{"href":"https:\/\/dixsupps.com\/pt\/wp-json\/wp\/v2\/media?parent=18373"}],"wp:term":[{"taxonomy":"product_brand","embeddable":true,"href":"https:\/\/dixsupps.com\/pt\/wp-json\/wp\/v2\/product_brand?post=18373"},{"taxonomy":"product_cat","embeddable":true,"href":"https:\/\/dixsupps.com\/pt\/wp-json\/wp\/v2\/product_cat?post=18373"},{"taxonomy":"product_tag","embeddable":true,"href":"https:\/\/dixsupps.com\/pt\/wp-json\/wp\/v2\/product_tag?post=18373"}],"curies":[{"name":"wp","href":"https:\/\/api.w.org\/{rel}","templated":true}]}}