{"id":18377,"date":"2023-03-07T21:29:30","date_gmt":"2023-03-07T21:29:30","guid":{"rendered":"https:\/\/dixsupps-v2.local\/?post_type=product&#038;p=18377"},"modified":"2026-04-07T14:46:54","modified_gmt":"2026-04-07T14:46:54","slug":"comprar-omega-3","status":"publish","type":"product","link":"https:\/\/dixsupps.com\/pt\/produto\/comprar-omega-3\/","title":{"rendered":"Omega 3"},"content":{"rendered":"","protected":false},"excerpt":{"rendered":"<ul>\n<li><strong>Qualidade EPAX\u00ae :<\/strong> \u00d3leo de peixe selvagem da Noruega, certificado Friends of the Sea. Purifica\u00e7\u00e3o patenteada garantindo a aus\u00eancia de metais pesados e poluentes.<\/li>\n<li><strong>Estabilidade M\u00e1xima (TOTOX &lt; 4) :<\/strong> Um dos \u00f3leos mais frescos do mercado. Armazenamento em c\u00e2mara fria e tecnologia XO\u00ae para evitar a oxida\u00e7\u00e3o.<\/li>\n<li><strong>Alta Concentra\u00e7\u00e3o TG :<\/strong> Forma Triglic\u00e9ridos (mais assimil\u00e1vel que o EE) fornecendo 1600mg de EPA e 1200mg de DHA por por\u00e7\u00e3o para o cora\u00e7\u00e3o, c\u00e9rebro e vis\u00e3o.<\/li>\n<li><strong>Formato Expert :<\/strong> 120 c\u00e1psulas (cura de 1 a 2 meses). Sem qualquer aditivo desnecess\u00e1rio. Condicionado em Fran\u00e7a sob normas farmac\u00eauticas.<\/li>\n<\/ul>\n","protected":false},"featured_media":19384,"comment_status":"open","ping_status":"closed","template":"","meta":{"rank_math_title":"Omega 3 (\u00f3leo de peixe) 90 c\u00e1psulas - Dix","rank_math_description":"\u00d3mega 3 - 90 c\u00e1psulas: Sem Metais Pesados \u2713Laborat\u00f3rio Franc\u00eas \u2713Entrega em casa em 72h \u2713CB - Paypal \u2713Pre\u00e7os agressivos \u2713Site seguro","rank_math_canonical_url":"","rank_math_robots":null,"rank_math_focus_keyword":"omega 3"},"product_brand":[],"product_cat":[410,411],"product_tag":[443,446,447,894],"class_list":{"0":"post-18377","1":"product","2":"type-product","3":"status-publish","4":"has-post-thumbnail","6":"product_cat-recuperacao","7":"product_cat-saude","8":"product_tag-articulacoes","9":"product_tag-cerebro","10":"product_tag-coracao","11":"product_tag-vision","13":"first","14":"instock","15":"purchasable","16":"product-type-simple"},"jetpack_sharing_enabled":true,"_links":{"self":[{"href":"https:\/\/dixsupps.com\/pt\/wp-json\/wp\/v2\/product\/18377","targetHints":{"allow":["GET"]}}],"collection":[{"href":"https:\/\/dixsupps.com\/pt\/wp-json\/wp\/v2\/product"}],"about":[{"href":"https:\/\/dixsupps.com\/pt\/wp-json\/wp\/v2\/types\/product"}],"replies":[{"embeddable":true,"href":"https:\/\/dixsupps.com\/pt\/wp-json\/wp\/v2\/comments?post=18377"}],"wp:featuredmedia":[{"embeddable":true,"href":"https:\/\/dixsupps.com\/pt\/wp-json\/wp\/v2\/media\/19384"}],"wp:attachment":[{"href":"https:\/\/dixsupps.com\/pt\/wp-json\/wp\/v2\/media?parent=18377"}],"wp:term":[{"taxonomy":"product_brand","embeddable":true,"href":"https:\/\/dixsupps.com\/pt\/wp-json\/wp\/v2\/product_brand?post=18377"},{"taxonomy":"product_cat","embeddable":true,"href":"https:\/\/dixsupps.com\/pt\/wp-json\/wp\/v2\/product_cat?post=18377"},{"taxonomy":"product_tag","embeddable":true,"href":"https:\/\/dixsupps.com\/pt\/wp-json\/wp\/v2\/product_tag?post=18377"}],"curies":[{"name":"wp","href":"https:\/\/api.w.org\/{rel}","templated":true}]}}