{"id":18378,"date":"2023-03-07T21:21:18","date_gmt":"2023-03-07T21:21:18","guid":{"rendered":"https:\/\/dixsupps-v2.local\/?post_type=product&#038;p=18378"},"modified":"2026-04-07T14:47:04","modified_gmt":"2026-04-07T14:47:04","slug":"comprar-nad","status":"publish","type":"product","link":"https:\/\/dixsupps.com\/pt\/produto\/comprar-nad\/","title":{"rendered":"NAD+"},"content":{"rendered":"","protected":false},"excerpt":{"rendered":"<ul>\n<li><strong>Complexo 3-em-1 Exclusivo :<\/strong> Sinergia NR -NADH e Vitamina B3 para uma eleva\u00e7\u00e3o r\u00e1pida e duradoura dos n\u00edveis de NAD+.<\/li>\n<li><strong>Regenera\u00e7\u00e3o &amp; Anti-Envelhecimento :<\/strong> Apoia a repara\u00e7\u00e3o do ADN, a ativa\u00e7\u00e3o das sirtu\u00ednas e protege as c\u00e9lulas contra o envelhecimento prematuro.<\/li>\n<li><strong>Energia Mitocondrial :<\/strong> Impulso imediato da vitalidade celular e redu\u00e7\u00e3o da fadiga otimizando a produ\u00e7\u00e3o de ATP (energia pura).<\/li>\n<li><strong>Tecnologia DRcaps\u00ae :<\/strong> C\u00e1psulas gastro-resistentes para uma prote\u00e7\u00e3o total dos ativos contra a acidez g\u00e1strica e uma absor\u00e7\u00e3o intestinal m\u00e1xima.<\/li>\n<\/ul>\n","protected":false},"featured_media":20745,"comment_status":"open","ping_status":"closed","template":"","meta":{"rank_math_title":"Comprar NAD+ Complexo: Antienvelhecimento &amp; Energia Celular - DIX","rank_math_description":"F\u00f3rmula \u00fanica combinando NR, NADH e Vitamina B3 para aumentar o NAD+. C\u00e1psulas DRcaps\u00ae (gastro-resistentes) para uma absor\u00e7\u00e3o m\u00e1xima. Laborat\u00f3rio Franc\u00eas.","rank_math_canonical_url":"","rank_math_robots":null,"rank_math_focus_keyword":"comprar nad+"},"product_brand":[],"product_cat":[406,410,411],"product_tag":[439,721,560,850],"class_list":{"0":"post-18378","1":"product","2":"type-product","3":"status-publish","4":"has-post-thumbnail","6":"product_cat-endurance-pt-pt","7":"product_cat-recuperacao","8":"product_cat-saude","9":"product_tag-antienvelhecimento","10":"product_tag-energia-sustentavel","11":"product_tag-juventude-celular","12":"product_tag-regeneracao","14":"first","15":"instock","16":"purchasable","17":"product-type-simple"},"jetpack_sharing_enabled":true,"_links":{"self":[{"href":"https:\/\/dixsupps.com\/pt\/wp-json\/wp\/v2\/product\/18378","targetHints":{"allow":["GET"]}}],"collection":[{"href":"https:\/\/dixsupps.com\/pt\/wp-json\/wp\/v2\/product"}],"about":[{"href":"https:\/\/dixsupps.com\/pt\/wp-json\/wp\/v2\/types\/product"}],"replies":[{"embeddable":true,"href":"https:\/\/dixsupps.com\/pt\/wp-json\/wp\/v2\/comments?post=18378"}],"wp:featuredmedia":[{"embeddable":true,"href":"https:\/\/dixsupps.com\/pt\/wp-json\/wp\/v2\/media\/20745"}],"wp:attachment":[{"href":"https:\/\/dixsupps.com\/pt\/wp-json\/wp\/v2\/media?parent=18378"}],"wp:term":[{"taxonomy":"product_brand","embeddable":true,"href":"https:\/\/dixsupps.com\/pt\/wp-json\/wp\/v2\/product_brand?post=18378"},{"taxonomy":"product_cat","embeddable":true,"href":"https:\/\/dixsupps.com\/pt\/wp-json\/wp\/v2\/product_cat?post=18378"},{"taxonomy":"product_tag","embeddable":true,"href":"https:\/\/dixsupps.com\/pt\/wp-json\/wp\/v2\/product_tag?post=18378"}],"curies":[{"name":"wp","href":"https:\/\/api.w.org\/{rel}","templated":true}]}}